

{"id":1294,"date":"2023-08-30T09:03:58","date_gmt":"2023-08-30T09:03:58","guid":{"rendered":"https:\/\/silvertree.sk\/produktas\/premium-kenis-100-125\/"},"modified":"2023-10-16T19:57:42","modified_gmt":"2023-10-16T19:57:42","slug":"premium-kenis-100-125","status":"publish","type":"product","link":"https:\/\/silvertree.sk\/ru\/product\/premium-kenis-100-125\/","title":{"rendered":"\u041f\u0440\u0435\u043c\u0438\u0443\u043c \u041d\u043e\u0440\u0434\u043c\u0430\u043d\u0441\u043a\u0430\u044f E\u043b\u044c"},"content":{"rendered":"<p><span style=\"font-weight: 400;\"><span style=\"vertical-align: inherit;\"><span style=\"vertical-align: inherit;\">Labai vertinamas ir mylimas \u0161eim\u0173 visoje Europoje ir Lietuvoje. <\/span><\/span><\/span><span style=\"font-weight: 400;\"><span style=\"vertical-align: inherit;\"><span style=\"vertical-align: inherit;\">Tai medis, kuris d\u0117l savo nepriekai\u0161tingos genetikos gali jus apgauti i\u0161 pirmo \u017evilgsnio! <\/span><span style=\"vertical-align: inherit;\">Kruop\u0161\u010diai suformuoti tank\u016bs spygliai, dideli, mink\u0161ti, ve\u0161l\u016bs ry\u0161kiai \u017ealios spalvos spygliai i\u0161 pirmo \u017evilgsnio gali sukurti dirbtin\u0117s egl\u0117s \u012fsp\u016bd\u012f. <\/span><\/span><\/span><span style=\"font-weight: 400;\"><span style=\"vertical-align: inherit;\"><span style=\"vertical-align: inherit;\">Pa\u017eym\u0117tina, kad \u0161is medis ne veltui populiarus tarp \u0161eim\u0173 \u2013 jo mink\u0161ti spygliai yra saug\u016bs vaikams ir naminiams gyv\u016bn\u0117liams, kurie <\/span><\/span><\/span><span style=\"font-weight: 400;\"><span style=\"vertical-align: inherit;\"><span style=\"vertical-align: inherit;\">gali juo susidom\u0117ti.<\/span><\/span><\/span><\/p>\n<p><span style=\"font-weight: 400;\"><span style=\"vertical-align: inherit;\"><span style=\"vertical-align: inherit;\">Danijos egl\u0117 ilgai i\u0161lieka \u0161vie\u017eia ir \u017ealia, tod\u0117l prad\u0117jus <\/span><\/span><\/span><span style=\"font-weight: 400;\"><span style=\"vertical-align: inherit;\"><span style=\"vertical-align: inherit;\">d\u017ei\u016bti <\/span><\/span><\/span><span style=\"font-weight: 400;\"><span style=\"vertical-align: inherit;\"><span style=\"vertical-align: inherit;\">patalpoje <\/span><\/span><\/span><span style=\"font-weight: 400;\"><span style=\"vertical-align: inherit;\"><span style=\"vertical-align: inherit;\">jos spygliai beveik nenukrenta, <\/span><\/span><\/span><span style=\"font-weight: 400;\"><span style=\"vertical-align: inherit;\"><span style=\"vertical-align: inherit;\">palyginti su kit\u0173 r\u016b\u0161i\u0173 spygliuo\u010diais. <\/span><span style=\"vertical-align: inherit;\">Tai dar viena prie\u017eastis, kod\u0117l \u0161is medis tur\u0117t\u0173 <\/span><\/span><\/span><span style=\"font-weight: 400;\"><span style=\"vertical-align: inherit;\"><span style=\"vertical-align: inherit;\">b\u016bti privalomas j\u016bs\u0173 Kal\u0117doms.<\/span><\/span><\/span><\/p>\n<p><span style=\"font-weight: 400;\"><span style=\"vertical-align: inherit;\"><span style=\"vertical-align: inherit;\">Dani\u0161ka egl\u0117 tiks ir tiems <\/span><\/span><\/span><span style=\"font-weight: 400;\"><span style=\"vertical-align: inherit;\"><span style=\"vertical-align: inherit;\">, kurie gali tur\u0117ti alergij\u0105 d\u0117l stipraus kvapo, sklindan\u010dio <\/span><\/span><\/span><span style=\"font-weight: 400;\"><span style=\"vertical-align: inherit;\"><span style=\"vertical-align: inherit;\">nuo kit\u0173 eglu\u010di\u0173. <\/span><span style=\"vertical-align: inherit;\">\u0160ios egl\u0117s kvapas kambaryje vos juntamas.<\/span><\/span><\/span><\/p>\n","protected":false},"excerpt":{"rendered":"<p><span style=\"font-weight: 400;\"><strong><span style=\"vertical-align: inherit;\"><span style=\"vertical-align: inherit;\">Danijos arba Kaukazo egl\u0117<\/span><\/span><\/strong><span style=\"vertical-align: inherit;\"><span style=\"vertical-align: inherit;\"> (lotyni\u0161kas pavadinimas: Abies nordmanniana)<\/span><\/span><\/span><\/p>\n","protected":false},"featured_media":1245,"template":"","meta":{"_acf_changed":false,"inline_featured_image":false},"product_brand":[],"product_cat":[87,88,89,90,228,91,92,93,241,103,94,95,225,250,253],"product_tag":[],"class_list":{"0":"post-1294","1":"product","2":"type-product","3":"status-publish","4":"has-post-thumbnail","6":"product_cat-daniski-keniai-ru","7":"product_cat-dekoratyviniai-keniai-ru","8":"product_cat-eglut-ru","9":"product_cat-europinis-kenis-ru","10":"product_cat-jedla-sk-ru","11":"product_cat-kaukazinis-kenis-ru","12":"product_cat-keniai-ru","13":"product_cat-korejinis-kenis-ru","14":"product_cat-maly-vianocny-stromcek-sk-ru","15":"product_cat-mazos-eglutes-ru","16":"product_cat-mostpopular-ru","17":"product_cat-normandinis-kenis-ru","18":"product_cat-smrek-sk-ru","19":"product_cat-vianocny-stromcek-100-cm-sk-ru","20":"product_cat-vianocny-stromcek-120cm-sk-ru","22":"first","23":"instock","24":"taxable","25":"shipping-taxable","26":"purchasable","27":"product-type-simple"},"acf":[],"yoast_head":"<!-- This site is optimized with the Yoast SEO plugin v26.1.1 - https:\/\/yoast.com\/wordpress\/plugins\/seo\/ -->\n<title>\u041f\u0440\u0435\u043c\u0438\u0443\u043c \u041d\u043e\u0440\u0434\u043c\u0430\u043d\u0441\u043a\u0430\u044f E\u043b\u044c - silvertree.sk<\/title>\n<meta name=\"robots\" content=\"noindex, nofollow\" \/>\n<meta property=\"og:locale\" content=\"ru_RU\" \/>\n<meta property=\"og:type\" content=\"article\" \/>\n<meta property=\"og:title\" content=\"\u041f\u0440\u0435\u043c\u0438\u0443\u043c \u041d\u043e\u0440\u0434\u043c\u0430\u043d\u0441\u043a\u0430\u044f E\u043b\u044c - silvertree.sk\" \/>\n<meta property=\"og:description\" content=\"Danijos arba Kaukazo egl\u0117 (lotyni\u0161kas pavadinimas: Abies nordmanniana)\" \/>\n<meta property=\"og:url\" content=\"https:\/\/silvertree.sk\/ru\/product\/premium-kenis-100-125\/\" \/>\n<meta property=\"og:site_name\" content=\"silvertree.sk\" \/>\n<meta property=\"article:modified_time\" content=\"2023-10-16T19:57:42+00:00\" \/>\n<meta property=\"og:image\" content=\"https:\/\/silvertree.sk\/wp-content\/uploads\/sites\/6\/2023\/08\/1mfir.png\" \/>\n\t<meta property=\"og:image:width\" content=\"829\" \/>\n\t<meta property=\"og:image:height\" content=\"1000\" \/>\n\t<meta property=\"og:image:type\" content=\"image\/png\" \/>\n<meta name=\"twitter:card\" content=\"summary_large_image\" \/>\n<meta name=\"twitter:label1\" content=\"\u041f\u0440\u0438\u043c\u0435\u0440\u043d\u043e\u0435 \u0432\u0440\u0435\u043c\u044f \u0434\u043b\u044f \u0447\u0442\u0435\u043d\u0438\u044f\" \/>\n\t<meta name=\"twitter:data1\" content=\"1 \u043c\u0438\u043d\u0443\u0442\u0430\" \/>\n<script type=\"application\/ld+json\" class=\"yoast-schema-graph\">{\"@context\":\"https:\/\/schema.org\",\"@graph\":[{\"@type\":\"WebPage\",\"@id\":\"https:\/\/silvertree.sk\/ru\/product\/premium-kenis-100-125\/\",\"url\":\"https:\/\/silvertree.sk\/ru\/product\/premium-kenis-100-125\/\",\"name\":\"\u041f\u0440\u0435\u043c\u0438\u0443\u043c \u041d\u043e\u0440\u0434\u043c\u0430\u043d\u0441\u043a\u0430\u044f E\u043b\u044c - silvertree.sk\",\"isPartOf\":{\"@id\":\"https:\/\/silvertree.sk\/#website\"},\"primaryImageOfPage\":{\"@id\":\"https:\/\/silvertree.sk\/ru\/product\/premium-kenis-100-125\/#primaryimage\"},\"image\":{\"@id\":\"https:\/\/silvertree.sk\/ru\/product\/premium-kenis-100-125\/#primaryimage\"},\"thumbnailUrl\":\"https:\/\/silvertree.sk\/wp-content\/uploads\/sites\/6\/2023\/08\/1mfir.png\",\"datePublished\":\"2023-08-30T09:03:58+00:00\",\"dateModified\":\"2023-10-16T19:57:42+00:00\",\"breadcrumb\":{\"@id\":\"https:\/\/silvertree.sk\/ru\/product\/premium-kenis-100-125\/#breadcrumb\"},\"inLanguage\":\"ru-RU\",\"potentialAction\":[{\"@type\":\"ReadAction\",\"target\":[\"https:\/\/silvertree.sk\/ru\/product\/premium-kenis-100-125\/\"]}]},{\"@type\":\"ImageObject\",\"inLanguage\":\"ru-RU\",\"@id\":\"https:\/\/silvertree.sk\/ru\/product\/premium-kenis-100-125\/#primaryimage\",\"url\":\"https:\/\/silvertree.sk\/wp-content\/uploads\/sites\/6\/2023\/08\/1mfir.png\",\"contentUrl\":\"https:\/\/silvertree.sk\/wp-content\/uploads\/sites\/6\/2023\/08\/1mfir.png\",\"width\":829,\"height\":1000,\"caption\":\"Premium k\u0117nis\"},{\"@type\":\"BreadcrumbList\",\"@id\":\"https:\/\/silvertree.sk\/ru\/product\/premium-kenis-100-125\/#breadcrumb\",\"itemListElement\":[{\"@type\":\"ListItem\",\"position\":1,\"name\":\"Home\",\"item\":\"https:\/\/silvertree.sk\/ru\/silvertree\/\"},{\"@type\":\"ListItem\",\"position\":2,\"name\":\"\u041c\u0430\u0433\u0430\u0437\u0438\u043d\",\"item\":\"https:\/\/silvertree.sk\/ru\/%d0%bc%d0%b0%d0%b3%d0%b0%d0%b7%d0%b8%d0%bd\/\"},{\"@type\":\"ListItem\",\"position\":3,\"name\":\"\u041f\u0440\u0435\u043c\u0438\u0443\u043c \u041d\u043e\u0440\u0434\u043c\u0430\u043d\u0441\u043a\u0430\u044f E\u043b\u044c\"}]},{\"@type\":\"WebSite\",\"@id\":\"https:\/\/silvertree.sk\/#website\",\"url\":\"https:\/\/silvertree.sk\/\",\"name\":\"silvertree.sk\",\"description\":\"Jaukiausioms 2023m. \u0161vent\u0117ms si\u016blome \u012fsigyti Premium kokyb\u0117s K\u0117n\u012f\u2611\ufe0farba gyv\u0105 lietuvi\u0161k\u0105 eglut\u0119\u2611\ufe0finternetu i\u0161\u23e9silvertree.sk. Pristatysime ir i\u0161ve\u0161ime NEMOKAMAI pas mus pirktas eglutes. Mes parduodame tik tikras Kal\u0117dines egles u\u017eaugintas ir nukirstas \u016bkiuose!\",\"potentialAction\":[{\"@type\":\"SearchAction\",\"target\":{\"@type\":\"EntryPoint\",\"urlTemplate\":\"https:\/\/silvertree.sk\/?s={search_term_string}\"},\"query-input\":{\"@type\":\"PropertyValueSpecification\",\"valueRequired\":true,\"valueName\":\"search_term_string\"}}],\"inLanguage\":\"ru-RU\"}]}<\/script>\n<!-- \/ Yoast SEO plugin. -->","yoast_head_json":{"title":"\u041f\u0440\u0435\u043c\u0438\u0443\u043c \u041d\u043e\u0440\u0434\u043c\u0430\u043d\u0441\u043a\u0430\u044f E\u043b\u044c - silvertree.sk","robots":{"index":"noindex","follow":"nofollow"},"og_locale":"ru_RU","og_type":"article","og_title":"\u041f\u0440\u0435\u043c\u0438\u0443\u043c \u041d\u043e\u0440\u0434\u043c\u0430\u043d\u0441\u043a\u0430\u044f E\u043b\u044c - silvertree.sk","og_description":"Danijos arba Kaukazo egl\u0117 (lotyni\u0161kas pavadinimas: Abies nordmanniana)","og_url":"https:\/\/silvertree.sk\/ru\/product\/premium-kenis-100-125\/","og_site_name":"silvertree.sk","article_modified_time":"2023-10-16T19:57:42+00:00","og_image":[{"width":829,"height":1000,"url":"https:\/\/silvertree.sk\/wp-content\/uploads\/sites\/6\/2023\/08\/1mfir.png","type":"image\/png"}],"twitter_card":"summary_large_image","twitter_misc":{"\u041f\u0440\u0438\u043c\u0435\u0440\u043d\u043e\u0435 \u0432\u0440\u0435\u043c\u044f \u0434\u043b\u044f \u0447\u0442\u0435\u043d\u0438\u044f":"1 \u043c\u0438\u043d\u0443\u0442\u0430"},"schema":{"@context":"https:\/\/schema.org","@graph":[{"@type":"WebPage","@id":"https:\/\/silvertree.sk\/ru\/product\/premium-kenis-100-125\/","url":"https:\/\/silvertree.sk\/ru\/product\/premium-kenis-100-125\/","name":"\u041f\u0440\u0435\u043c\u0438\u0443\u043c \u041d\u043e\u0440\u0434\u043c\u0430\u043d\u0441\u043a\u0430\u044f E\u043b\u044c - silvertree.sk","isPartOf":{"@id":"https:\/\/silvertree.sk\/#website"},"primaryImageOfPage":{"@id":"https:\/\/silvertree.sk\/ru\/product\/premium-kenis-100-125\/#primaryimage"},"image":{"@id":"https:\/\/silvertree.sk\/ru\/product\/premium-kenis-100-125\/#primaryimage"},"thumbnailUrl":"https:\/\/silvertree.sk\/wp-content\/uploads\/sites\/6\/2023\/08\/1mfir.png","datePublished":"2023-08-30T09:03:58+00:00","dateModified":"2023-10-16T19:57:42+00:00","breadcrumb":{"@id":"https:\/\/silvertree.sk\/ru\/product\/premium-kenis-100-125\/#breadcrumb"},"inLanguage":"ru-RU","potentialAction":[{"@type":"ReadAction","target":["https:\/\/silvertree.sk\/ru\/product\/premium-kenis-100-125\/"]}]},{"@type":"ImageObject","inLanguage":"ru-RU","@id":"https:\/\/silvertree.sk\/ru\/product\/premium-kenis-100-125\/#primaryimage","url":"https:\/\/silvertree.sk\/wp-content\/uploads\/sites\/6\/2023\/08\/1mfir.png","contentUrl":"https:\/\/silvertree.sk\/wp-content\/uploads\/sites\/6\/2023\/08\/1mfir.png","width":829,"height":1000,"caption":"Premium k\u0117nis"},{"@type":"BreadcrumbList","@id":"https:\/\/silvertree.sk\/ru\/product\/premium-kenis-100-125\/#breadcrumb","itemListElement":[{"@type":"ListItem","position":1,"name":"Home","item":"https:\/\/silvertree.sk\/ru\/silvertree\/"},{"@type":"ListItem","position":2,"name":"\u041c\u0430\u0433\u0430\u0437\u0438\u043d","item":"https:\/\/silvertree.sk\/ru\/%d0%bc%d0%b0%d0%b3%d0%b0%d0%b7%d0%b8%d0%bd\/"},{"@type":"ListItem","position":3,"name":"\u041f\u0440\u0435\u043c\u0438\u0443\u043c \u041d\u043e\u0440\u0434\u043c\u0430\u043d\u0441\u043a\u0430\u044f E\u043b\u044c"}]},{"@type":"WebSite","@id":"https:\/\/silvertree.sk\/#website","url":"https:\/\/silvertree.sk\/","name":"silvertree.sk","description":"Jaukiausioms 2023m. \u0161vent\u0117ms si\u016blome \u012fsigyti Premium kokyb\u0117s K\u0117n\u012f\u2611\ufe0farba gyv\u0105 lietuvi\u0161k\u0105 eglut\u0119\u2611\ufe0finternetu i\u0161\u23e9silvertree.sk. Pristatysime ir i\u0161ve\u0161ime NEMOKAMAI pas mus pirktas eglutes. Mes parduodame tik tikras Kal\u0117dines egles u\u017eaugintas ir nukirstas \u016bkiuose!","potentialAction":[{"@type":"SearchAction","target":{"@type":"EntryPoint","urlTemplate":"https:\/\/silvertree.sk\/?s={search_term_string}"},"query-input":{"@type":"PropertyValueSpecification","valueRequired":true,"valueName":"search_term_string"}}],"inLanguage":"ru-RU"}]}},"_links":{"self":[{"href":"https:\/\/silvertree.sk\/ru\/wp-json\/wp\/v2\/product\/1294","targetHints":{"allow":["GET"]}}],"collection":[{"href":"https:\/\/silvertree.sk\/ru\/wp-json\/wp\/v2\/product"}],"about":[{"href":"https:\/\/silvertree.sk\/ru\/wp-json\/wp\/v2\/types\/product"}],"wp:featuredmedia":[{"embeddable":true,"href":"https:\/\/silvertree.sk\/ru\/wp-json\/wp\/v2\/media\/1245"}],"wp:attachment":[{"href":"https:\/\/silvertree.sk\/ru\/wp-json\/wp\/v2\/media?parent=1294"}],"wp:term":[{"taxonomy":"product_brand","embeddable":true,"href":"https:\/\/silvertree.sk\/ru\/wp-json\/wp\/v2\/product_brand?post=1294"},{"taxonomy":"product_cat","embeddable":true,"href":"https:\/\/silvertree.sk\/ru\/wp-json\/wp\/v2\/product_cat?post=1294"},{"taxonomy":"product_tag","embeddable":true,"href":"https:\/\/silvertree.sk\/ru\/wp-json\/wp\/v2\/product_tag?post=1294"}],"curies":[{"name":"wp","href":"https:\/\/api.w.org\/{rel}","templated":true}]}}