

{"id":968,"date":"2023-07-17T10:12:20","date_gmt":"2023-07-17T10:12:20","guid":{"rendered":"https:\/\/silvertree.sk\/?page_id=968"},"modified":"2023-11-04T18:08:59","modified_gmt":"2023-11-04T18:08:59","slug":"%d0%bf%d0%be%d0%bb%d0%b8%d1%82%d0%b8%d0%ba%d0%b0-%d0%ba%d0%be%d0%bd%d1%84%d0%b8%d0%b4%d0%b5%d0%bd%d1%86%d0%b8%d0%b0%d0%bb%d1%8c%d0%bd%d0%be%d1%81%d1%82%d0%b8","status":"publish","type":"page","link":"https:\/\/silvertree.sk\/ru\/%d0%bf%d0%be%d0%bb%d0%b8%d1%82%d0%b8%d0%ba%d0%b0-%d0%ba%d0%be%d0%bd%d1%84%d0%b8%d0%b4%d0%b5%d0%bd%d1%86%d0%b8%d0%b0%d0%bb%d1%8c%d0%bd%d0%be%d1%81%d1%82%d0%b8\/","title":{"rendered":"\u041f\u043e\u043b\u0438\u0442\u0438\u043a\u0430 \u043a\u043e\u043d\u0444\u0438\u0434\u0435\u043d\u0446\u0438\u0430\u043b\u044c\u043d\u043e\u0441\u0442\u0438"},"content":{"rendered":"\n<p><strong>SEKCIA O Z\u00c1SADE OCHRANY OSOBN\u00ddCH \u00daDAJOV<\/strong><\/p>\n\n\n\n<p>Z\u00e1sady ochrany osobn\u00fdch \u00fadajov&nbsp;<\/p>\n\n\n\n<p>Va\u0161a bezpe\u010dnos\u0165 osobn\u00fdch \u00fadajov je na\u0161ou prioritou. Tu sa m\u00f4\u017eete dozvedie\u0165, ak\u00e9 osobn\u00e9 \u00fadaje z\u00edskavame, ke\u010f nav\u0161t\u00edvite Silvertree.sk, a \u010do s t\u00fdmito inform\u00e1ciami rob\u00edme.&nbsp;<\/p>\n\n\n\n<p>Re\u0161pektujeme va\u0161e s\u00fakromie, a preto nezbierame \u017eiadne zbyto\u010dn\u00e9 \u00fadaje, ktor\u00e9 by mali sl\u00fa\u017ei\u0165 niekomu in\u00e9mu, ne\u017e aby zabezpe\u010dili kvalitn\u00fd z\u00e1\u017eitok na webovej str\u00e1nke Silvertree.sk a poskytli slu\u017eby.&nbsp;<\/p>\n\n\n\n<p>Uis\u0165ujeme V\u00e1s, \u017ee v\u0161etky va\u0161e \u00fadaje s\u00fa spracovan\u00e9 a chr\u00e1nen\u00e9 v s\u00falade s po\u017eiadavkami z\u00e1kona Slovenskej Republiky o ochrane osobn\u00fdch \u00fadajov a in\u00fdmi predpismi t\u00fdkaj\u00facimi sa ochrany \u00fadajov v Slovenskej Republike a uplat\u0148ujeme potrebn\u00e9 organiza\u010dn\u00e9 a technick\u00e9 opatrenia na ochranu va\u0161ich \u00fadajov pred n\u00e1hodn\u00fdm alebo nez\u00e1konn\u00fdm odhalen\u00edm, zni\u010den\u00edm, zmenou, ako aj pred nez\u00e1konn\u00fdm spracovan\u00edm.&nbsp;<\/p>\n\n\n\n<p>V\u0161etky inform\u00e1cie s\u00fa za\u0161ifrovan\u00e9 pri ich uchov\u00e1van\u00ed.&nbsp;<\/p>\n\n\n\n<p>T\u00edm Silvertree.sk je obozn\u00e1men\u00fd s po\u017eiadavkami ochrany osobn\u00fdch \u00fadajov a zabezpe\u010duje dodr\u017eiavanie stanoven\u00fdch organiza\u010dn\u00fdch opatren\u00ed pre spracovanie \u00fadajov. Pr\u00edstup k \u00fadajom je povolen\u00fd len opr\u00e1vnen\u00fdm osob\u00e1m zodpovedn\u00fdm za technick\u00fa, obchodn\u00fa a obsahov\u00fa spr\u00e1vu webovej str\u00e1nky Silvertree.sk.&nbsp;<\/p>\n\n\n\n<p>Z\u00e1sady ochrany osobn\u00fdch \u00fadajov<\/p>\n\n\n\n<p>\u00da\u010delom Z\u00e1sad ochrany osobn\u00fdch \u00fadajov je poskytn\u00fa\u0165 inform\u00e1cie fyzickej osobe (dotknutej osobe) o \u00fa\u010deloch, rozsahu a zabezpe\u010den\u00ed spracovania \u00fadajov, ako aj poskytn\u00fa\u0165 \u010fal\u0161ie inform\u00e1cie t\u00fdkaj\u00face sa spracovania \u00fadajov.<\/p>\n\n\n\n<p>Osobn\u00e9 \u00fadaje<\/p>\n\n\n\n<p>Osobn\u00e9 \u00fadaje s\u00fa ak\u00e9ko\u013evek inform\u00e1cie t\u00fdkaj\u00face sa identifik\u00e1cie a rozpoznania fyzickej osoby.<\/p>\n\n\n\n<p>Pou\u017eitie Z\u00e1sad ochrany osobn\u00fdch \u00fadajov<\/p>\n\n\n\n<p>Z\u00e1sady ochrany osobn\u00fdch \u00fadajov spolo\u010dnosti Koki s.r.o. sa vz\u0165ahuj\u00fa na spracovanie osobn\u00fdch \u00fadajov, bez oh\u013eadu na sp\u00f4sob (formu), v akej fyzick\u00e1 osoba poskytuje svoje \u00fadaje v internetovom obchode, prostredn\u00edctvom e-mailu at\u010f.<\/p>\n\n\n\n<p>K\u013e\u00fa\u010dov\u00e9 inform\u00e1cie<\/p>\n\n\n\n<p>\u00da\u010del spracovania osobn\u00fdch \u00fadajov: uzatvorenie k\u00fapnych zml\u00fav na tovary a slu\u017eby, doru\u010dovanie tovaru, spr\u00e1va platieb, plnenie z\u00e1ru\u010dn\u00fdch povinnost\u00ed.&nbsp;<\/p>\n\n\n\n<p>Zodpovedn\u00fd subjekt: Koki s.r.o. I\u010cO: 55 772 404&nbsp;<\/p>\n\n\n\n<p>Adresa: Vojtechovce 604, Nov\u00fd \u017divot.&nbsp;<\/p>\n\n\n\n<p>Pr\u00e1vny z\u00e1klad: opr\u00e1vnen\u00e9 z\u00e1ujmy Koki s.r.o.<\/p>\n\n\n\n<p>Prenos \u00fadajov tret\u00edm stran\u00e1m: neuskuto\u010d\u0148uje sa.<\/p>\n\n\n\n<p>Spracovanie osobn\u00fdch \u00fadajov a pr\u00e1vny z\u00e1klad<\/p>\n\n\n\n<p>Spracovanie osobn\u00fdch \u00fadajov sa vykon\u00e1va na dosiahnutie \u00fa\u010delov op\u00edsan\u00fdch v t\u00fdchto Z\u00e1sad\u00e1ch ochrany osobn\u00fdch \u00fadajov, ako aj na plnenie opr\u00e1vnenosti Koki s.r.o. (obchodn\u00e1 \u010dinnos\u0165). Dodr\u017eiavanie pr\u00e1vnych predpisov: z\u00edskavanie, spracovanie, uchov\u00e1vanie, at\u010f. osobn\u00fdch \u00fadajov pre jednotlivcov a dodr\u017eiavanie predpisov reguluj\u00facich \u013eudsk\u00e9 pr\u00e1va.<\/p>\n\n\n\n<p>Doba uchov\u00e1vania \u00fadajov z\u00e1vis\u00ed od doby stanovenej v pr\u00e1vnom predpise alebo doby dohodnutej v zmluve, alebo doby stanovenej Koki s.r.o. Osobn\u00e9 \u00fadaje sa uchov\u00e1vaj\u00fa len tak dlho, ako je nevyhnutn\u00e9 na splnenie po\u017eiadaviek stanoven\u00fdch v pr\u00e1vnom predpise, pri dodr\u017eiavan\u00ed opr\u00e1vnen\u00fdch z\u00e1ujmov Koki s.r.o.<\/p>\n\n\n\n<p>Ke\u010f s\u00fa splnen\u00e9 podmienky a osobn\u00e9 \u00fadaje u\u017e nie je potrebn\u00e9 uchov\u00e1va\u0165, osobn\u00e9 \u00fadaje sa vyma\u017e\u00fa.<\/p>\n\n\n\n<p>Na zabezpe\u010denie bezpe\u010dnosti osobn\u00fdch \u00fadajov sa pou\u017e\u00edvaj\u00fa \u0161pecializovan\u00e9 a bezpe\u010dn\u00e9 programy: antiv\u00edrusov\u00e9 programy (&#171;firewally&#187;) a in\u00e9 technick\u00e9 postupy.<\/p>\n\n\n\n<p>Uchov\u00e1vanie osobn\u00fdch \u00fadajov<\/p>\n\n\n\n<p>Osobn\u00e9 \u00fadaje sa nepren\u00e1\u0161aj\u00fa tret\u00edm stran\u00e1m (subjektom, ktor\u00e9 nie s\u00fa s\u00fa\u010das\u0165ou E\u00da a\/alebo EHP).<\/p>\n\n\n\n<p>Osobn\u00e9 \u00fadaje m\u00f4\u017eu by\u0165 poskytnut\u00e9 partnersk\u00fdm organiz\u00e1ci\u00e1m Koki s.r.o., poskytuj\u00facim slu\u017eby (prev\u00e1dzkovate\u013eom) a opr\u00e1vnen\u00fdm pr\u00e1vnick\u00fdm a fyzick\u00fdm osob\u00e1m (advok\u00e1tom). Prenos osobn\u00fdch \u00fadajov sa vykon\u00e1va bezpe\u010dne, s pou\u017eit\u00edm chr\u00e1nen\u00fdch programov a technol\u00f3gi\u00ed. Osobn\u00e9 \u00fadaje sa pren\u00e1\u0161aj\u00fa len v rozsahu nevyhnutnom na plnenie z\u00e1konn\u00fdch a opr\u00e1vnen\u00fdch z\u00e1ujmov Koki s.r.o.<\/p>\n\n\n\n<p>Zasielanie obchodn\u00fdch pon\u00fak a reklamn\u00fdch materi\u00e1lov<\/p>\n\n\n\n<p>Obchodn\u00e9 ponuky s\u00fa zasielan\u00e9 pr\u00edjemcom \/ fyzick\u00fdm osob\u00e1m, ktor\u00e9 s\u00fahlasili s prij\u00edman\u00edm obchodn\u00fdch pon\u00fak (reklamn\u00fdch materi\u00e1lov) od Koki s.r.o. Inform\u00e1cie o tom, ako sa odhl\u00e1si\u0165 od reklamn\u00fdch materi\u00e1lov, s\u00fa uveden\u00e9 v e-maile. Je tie\u017e mo\u017en\u00e9 sa odhl\u00e1si\u0165 od reklamn\u00fdch materi\u00e1lov t\u00fdm, \u017ee po\u0161lete e-mail na adresu <a href=\"mailto:info@silvertree.sk\">info@silvertree.sk<\/a><\/p>\n\n\n\n<p>Ochrana osobn\u00fdch \u00fadajov<\/p>\n\n\n\n<p>Ochrana osobn\u00fdch \u00fadajov sa realizuje v s\u00falade s najaktu\u00e1lnej\u0161\u00edmi pr\u00e1vnymi predpismi (nariadenia, z\u00e1kony, pravidl\u00e1).<\/p>\n\n\n\n<p>Pr\u00edstup k osobn\u00fdm \u00fadajom<\/p>\n\n\n\n<p>Fyzick\u00e1 osoba m\u00f4\u017ee pristupova\u0165 k svojim osobn\u00fdm \u00fadajom na z\u00e1klade p\u00edsomnej \u017eiadosti, v s\u00falade s pr\u00e1vnymi predpismi, ktor\u00e9 upravuj\u00fa osobn\u00e9 \u00fadaje, a pr\u00e1vnymi predpismi, ktor\u00e9 upravuj\u00fa prij\u00edmanie a rie\u0161enie \u017eiadost\u00ed, zaslan\u00edm \u017eiadosti e-mailom na adresu info@silvertree.sk. Pri pod\u00e1van\u00ed \u017eiadosti sa fyzick\u00e1 osoba mus\u00ed identifikova\u0165, aby Koki s.r.o. mohlo overi\u0165, \u017ee osoba vy\u017eaduje svoje vlastn\u00e9 \u00fadaje. Len v tak\u00fdchto pr\u00edpadoch Koki s.r.o. poskytuje osobe v\u0161etky dostupn\u00e9 \u00fadaje a in\u00e9 inform\u00e1cie uveden\u00e9 v pr\u00e1vnych predpisoch.<\/p>\n\n\n\n<p>Pr\u00e1vo odvola\u0165 s\u00fahlas<\/p>\n\n\n\n<p>Fyzick\u00e1 osoba m\u00e1 pr\u00e1vo odvola\u0165 svoj s\u00fahlas so spracovan\u00edm osobn\u00fdch \u00fadajov. Odvolanie sa vykon\u00e1va rovnak\u00fdm sp\u00f4sobom ako udelenie s\u00fahlasu so spracovan\u00edm osobn\u00fdch \u00fadajov.<\/p>\n\n\n\n<p>Fyzick\u00e1 osoba m\u00f4\u017ee zasla\u0165 svoje odvolanie s\u00fahlasu so spracovan\u00edm osobn\u00fdch \u00fadajov e-mailom na adresu info@silvertree.sk. Odvolanie neovplyv\u0148uje spracovanie osobn\u00fdch \u00fadajov, ktor\u00e9 boli poskytnut\u00e9 pred odvolan\u00edm. Odvolanie tie\u017e neovplyv\u0148uje alebo nezastavuje spracovanie osobn\u00fdch \u00fadajov, ktor\u00e9 boli poskytnut\u00e9 pred odvolan\u00edm v s\u00falade s po\u017eiadavkami pr\u00e1vnych predpisov (nariadenia, z\u00e1kony, pravidl\u00e1).<\/p>\n\n\n\n<p>Z\u00e1vere\u010dn\u00e9 ustanovenia<\/p>\n\n\n\n<p>Spolo\u010dnos\u0165 Koki s.r.o. m\u00e1 pr\u00e1vo zmeni\u0165 podmienky Z\u00e1sad ochrany osobn\u00fdch \u00fadajov a aktualizova\u0165 ich. O v\u00fdznamn\u00fdch zmen\u00e1ch budeme informova\u0165 na webovej str\u00e1nke alebo in\u00fdmi zvy\u010dajn\u00fdmi sp\u00f4sobmi. Po zmene Z\u00e1sad ochrany osobn\u00fdch \u00fadajov nadobudn\u00fa nov\u00e9 pr\u00edslu\u0161n\u00e9 dodatky alebo zmeny \u00fa\u010dinnos\u0165 d\u0148om ich zverejnenia na webovej str\u00e1nke alebo d\u0148om ozn\u00e1menia in\u00fdmi zvy\u010dajn\u00fdmi sp\u00f4sobmi, pokia\u013e nebol stanoven\u00fd in\u00fd \u00fa\u010dinn\u00fd d\u00e1tum.<\/p>\n\n\n\n<p>N\u00e1zvy \u010dast\u00ed v tejto sekcii by sa mali interpretova\u0165 ako u\u013eah\u010duj\u00face poskytovanie inform\u00e1ci\u00ed.<\/p>\n\n\n\n<p>Osoby (fyzick\u00e9 osoby), ktor\u00e9 s\u00fa presved\u010den\u00e9, \u017ee ich pr\u00e1va t\u00fdkaj\u00face sa spracovania osobn\u00fdch \u00fadajov boli poru\u0161en\u00e9, maj\u00fa pr\u00e1vo kontaktova\u0165 spolo\u010dnos\u0165 Koki s.r.o. alebo \u00darad pre ochranu osobn\u00fdch \u00fadajov.<\/p>\n\n\n\n<p><strong>SEKCIA O S\u00daBOROCH COOKIES&nbsp;<\/strong><\/p>\n\n\n\n<p>Webov\u00e1 str\u00e1nka<a href=\"http:\/\/www.silvertree.lt\/\"> www.silvertree.<\/a>sk pou\u017e\u00edva s\u00fabory cookies.&nbsp;<\/p>\n\n\n\n<p>\u010co s\u00fa s\u00fabory cookies?&nbsp;<\/p>\n\n\n\n<p>S\u00fabory cookies s\u00fa mal\u00e9 textov\u00e9 s\u00fabory, ktor\u00e9 sa na\u010d\u00edtavaj\u00fa na V\u00e1\u0161 po\u010d\u00edta\u010d alebo mobiln\u00e9 zariadenie, ke\u010f nav\u0161t\u00edvite webov\u00fa str\u00e1nku. Po ka\u017edej nasleduj\u00facej n\u00e1v\u0161teve sa tieto s\u00fabory vr\u00e1tia na webov\u00fa str\u00e1nku, ktor\u00e1 ich rozpozn\u00e1va. S\u00fabory cookies funguj\u00fa ako pam\u00e4\u0165 konkr\u00e9tnej hlavnej str\u00e1nky. Pri n\u00e1v\u0161teve webovej str\u00e1nky V\u00e1m umo\u017e\u0148uj\u00fa rozpozna\u0165 V\u00e1s a aktualizova\u0165 Va\u0161e nastavenia, \u010d\u00edm sa zjednodu\u0161uje prehliadanie webovej str\u00e1nky pre pou\u017e\u00edvate\u013ea. Pre \u010fal\u0161ie inform\u00e1cie o s\u00faboroch cookies, ako s nimi nar\u00e1ba\u0165 a ako ich odstr\u00e1ni\u0165, nav\u0161t\u00edvte webov\u00fa str\u00e1nku \u2013<a href=\"http:\/\/www.aboutcookies.org\/\"> <\/a><a href=\"http:\/\/www.aboutcookies.org\">www.aboutcookies.org<\/a> alebo na <a href=\"https:\/\/moja.soza.sk\/stranka\/informacie-o-cookies\">https:\/\/moja.soza.sk\/stranka\/informacie-o-cookies<\/a><\/p>\n\n\n\n<p>Ako pou\u017e\u00edvame s\u00fabory cookies?&nbsp;<\/p>\n\n\n\n<p>Webov\u00e1 str\u00e1nka pou\u017e\u00edva s\u00fabory cookies na to, aby si zapam\u00e4tala:&nbsp;<\/p>\n\n\n\n<ul class=\"wp-block-list\">\n<li>\u010di bol pou\u017e\u00edvate\u013e informovan\u00fd o pou\u017e\u00edvan\u00ed s\u00faborov cookies;&nbsp;<\/li>\n\n\n\n<li>kedy sa uskuto\u010dnila posledn\u00e1 akcia na webovej str\u00e1nke;&nbsp;<\/li>\n\n\n\n<li>\u00fadaje zadan\u00e9 do vyh\u013ead\u00e1vacieho po\u013ea.<\/li>\n<\/ul>\n\n\n\n<p>Google Analytics&nbsp;<\/p>\n\n\n\n<p>Webov\u00e1 str\u00e1nka obsahuje s\u00fabory cookies programu &#171;Google Analytics,&#187; vytvoren\u00e9ho spolo\u010dnos\u0165ou &#171;Google Inc.&#187; Sl\u00fa\u017eia na zlep\u0161enie kvality obsahu a jeho prisp\u00f4sobenie potreb\u00e1m u\u017e\u00edvate\u013ea. Podrobnej\u0161ie inform\u00e1cie o podmienkach pou\u017e\u00edvania &#171;Google Analytics&#187; n\u00e1jdete na adrese <a href=\"https:\/\/marketingplatform.google.com\/about\/analytics\/terms\/sk\/\">https:\/\/marketingplatform.google.com\/about\/analytics\/terms\/sk\/<\/a>.<\/p>\n\n\n\n<p>Ako zak\u00e1za\u0165 s\u00fabory cookies?&nbsp;<\/p>\n\n\n\n<p>S\u00fabory cookies m\u00f4\u017eete bu\u010f zak\u00e1za\u0165 alebo odstr\u00e1ni\u0165. \u010eal\u0161ie inform\u00e1cie o tom, ako to urobi\u0165, n\u00e1jdete na str\u00e1nke aboutcookies.org. M\u00f4\u017eete vymaza\u0165 v\u0161etky s\u00fabory cookies alebo nakonfigurova\u0165 webov\u00fd prehliada\u010d na to, aby s\u00fabory cookies neukladal. V takom pr\u00edpade budete musie\u0165 manu\u00e1lne nastavova\u0165 nastavenia webovej str\u00e1nky pri ka\u017edej n\u00e1v\u0161teve, a niektor\u00e9 slu\u017eby alebo funkcie str\u00e1nky nemusia fungova\u0165<\/p>\n","protected":false},"excerpt":{"rendered":"<p>SEKCIA O Z\u00c1SADE OCHRANY OSOBN\u00ddCH \u00daDAJOV Z\u00e1sady ochrany osobn\u00fdch \u00fadajov&nbsp; Va\u0161a bezpe\u010dnos\u0165 osobn\u00fdch \u00fadajov je na\u0161ou prioritou. Tu sa m\u00f4\u017eete dozvedie\u0165, ak\u00e9 osobn\u00e9 \u00fadaje z\u00edskavame, ke\u010f nav\u0161t\u00edvite Silvertree.sk, a \u010do s t\u00fdmito inform\u00e1ciami rob\u00edme.&nbsp; Re\u0161pektujeme va\u0161e s\u00fakromie, a preto nezbierame \u017eiadne zbyto\u010dn\u00e9 \u00fadaje, ktor\u00e9 by mali sl\u00fa\u017ei\u0165 niekomu in\u00e9mu, ne\u017e aby zabezpe\u010dili kvalitn\u00fd z\u00e1\u017eitok na [&hellip;]<\/p>\n","protected":false},"author":1,"featured_media":0,"parent":0,"menu_order":0,"comment_status":"closed","ping_status":"open","template":"page-simple.php","meta":{"_acf_changed":false,"inline_featured_image":false,"footnotes":""},"class_list":["post-968","page","type-page","status-publish","hentry"],"acf":[],"yoast_head":"<!-- This site is optimized with the Yoast SEO plugin v26.1.1 - https:\/\/yoast.com\/wordpress\/plugins\/seo\/ -->\n<title>\u041f\u043e\u043b\u0438\u0442\u0438\u043a\u0430 \u043a\u043e\u043d\u0444\u0438\u0434\u0435\u043d\u0446\u0438\u0430\u043b\u044c\u043d\u043e\u0441\u0442\u0438 - silvertree.sk<\/title>\n<meta name=\"robots\" content=\"noindex, nofollow\" \/>\n<meta property=\"og:locale\" content=\"ru_RU\" \/>\n<meta property=\"og:type\" content=\"article\" \/>\n<meta property=\"og:title\" content=\"\u041f\u043e\u043b\u0438\u0442\u0438\u043a\u0430 \u043a\u043e\u043d\u0444\u0438\u0434\u0435\u043d\u0446\u0438\u0430\u043b\u044c\u043d\u043e\u0441\u0442\u0438 - silvertree.sk\" \/>\n<meta property=\"og:description\" content=\"SEKCIA O Z\u00c1SADE OCHRANY OSOBN\u00ddCH \u00daDAJOV Z\u00e1sady ochrany osobn\u00fdch \u00fadajov&nbsp; Va\u0161a bezpe\u010dnos\u0165 osobn\u00fdch \u00fadajov je na\u0161ou prioritou. Tu sa m\u00f4\u017eete dozvedie\u0165, ak\u00e9 osobn\u00e9 \u00fadaje z\u00edskavame, ke\u010f nav\u0161t\u00edvite Silvertree.sk, a \u010do s t\u00fdmito inform\u00e1ciami rob\u00edme.&nbsp; Re\u0161pektujeme va\u0161e s\u00fakromie, a preto nezbierame \u017eiadne zbyto\u010dn\u00e9 \u00fadaje, ktor\u00e9 by mali sl\u00fa\u017ei\u0165 niekomu in\u00e9mu, ne\u017e aby zabezpe\u010dili kvalitn\u00fd z\u00e1\u017eitok na [&hellip;]\" \/>\n<meta property=\"og:url\" content=\"https:\/\/silvertree.sk\/ru\/\u043f\u043e\u043b\u0438\u0442\u0438\u043a\u0430-\u043a\u043e\u043d\u0444\u0438\u0434\u0435\u043d\u0446\u0438\u0430\u043b\u044c\u043d\u043e\u0441\u0442\u0438\/\" \/>\n<meta property=\"og:site_name\" content=\"silvertree.sk\" \/>\n<meta property=\"article:modified_time\" content=\"2023-11-04T18:08:59+00:00\" \/>\n<meta name=\"twitter:card\" content=\"summary_large_image\" \/>\n<script type=\"application\/ld+json\" class=\"yoast-schema-graph\">{\"@context\":\"https:\/\/schema.org\",\"@graph\":[{\"@type\":\"WebPage\",\"@id\":\"https:\/\/silvertree.sk\/ru\/%d0%bf%d0%be%d0%bb%d0%b8%d1%82%d0%b8%d0%ba%d0%b0-%d0%ba%d0%be%d0%bd%d1%84%d0%b8%d0%b4%d0%b5%d0%bd%d1%86%d0%b8%d0%b0%d0%bb%d1%8c%d0%bd%d0%be%d1%81%d1%82%d0%b8\/\",\"url\":\"https:\/\/silvertree.sk\/ru\/%d0%bf%d0%be%d0%bb%d0%b8%d1%82%d0%b8%d0%ba%d0%b0-%d0%ba%d0%be%d0%bd%d1%84%d0%b8%d0%b4%d0%b5%d0%bd%d1%86%d0%b8%d0%b0%d0%bb%d1%8c%d0%bd%d0%be%d1%81%d1%82%d0%b8\/\",\"name\":\"\u041f\u043e\u043b\u0438\u0442\u0438\u043a\u0430 \u043a\u043e\u043d\u0444\u0438\u0434\u0435\u043d\u0446\u0438\u0430\u043b\u044c\u043d\u043e\u0441\u0442\u0438 - silvertree.sk\",\"isPartOf\":{\"@id\":\"https:\/\/silvertree.sk\/#website\"},\"datePublished\":\"2023-07-17T10:12:20+00:00\",\"dateModified\":\"2023-11-04T18:08:59+00:00\",\"breadcrumb\":{\"@id\":\"https:\/\/silvertree.sk\/ru\/%d0%bf%d0%be%d0%bb%d0%b8%d1%82%d0%b8%d0%ba%d0%b0-%d0%ba%d0%be%d0%bd%d1%84%d0%b8%d0%b4%d0%b5%d0%bd%d1%86%d0%b8%d0%b0%d0%bb%d1%8c%d0%bd%d0%be%d1%81%d1%82%d0%b8\/#breadcrumb\"},\"inLanguage\":\"ru-RU\",\"potentialAction\":[{\"@type\":\"ReadAction\",\"target\":[\"https:\/\/silvertree.sk\/ru\/%d0%bf%d0%be%d0%bb%d0%b8%d1%82%d0%b8%d0%ba%d0%b0-%d0%ba%d0%be%d0%bd%d1%84%d0%b8%d0%b4%d0%b5%d0%bd%d1%86%d0%b8%d0%b0%d0%bb%d1%8c%d0%bd%d0%be%d1%81%d1%82%d0%b8\/\"]}]},{\"@type\":\"BreadcrumbList\",\"@id\":\"https:\/\/silvertree.sk\/ru\/%d0%bf%d0%be%d0%bb%d0%b8%d1%82%d0%b8%d0%ba%d0%b0-%d0%ba%d0%be%d0%bd%d1%84%d0%b8%d0%b4%d0%b5%d0%bd%d1%86%d0%b8%d0%b0%d0%bb%d1%8c%d0%bd%d0%be%d1%81%d1%82%d0%b8\/#breadcrumb\",\"itemListElement\":[{\"@type\":\"ListItem\",\"position\":1,\"name\":\"Home\",\"item\":\"https:\/\/silvertree.sk\/ru\/silvertree\/\"},{\"@type\":\"ListItem\",\"position\":2,\"name\":\"\u041f\u043e\u043b\u0438\u0442\u0438\u043a\u0430 \u043a\u043e\u043d\u0444\u0438\u0434\u0435\u043d\u0446\u0438\u0430\u043b\u044c\u043d\u043e\u0441\u0442\u0438\"}]},{\"@type\":\"WebSite\",\"@id\":\"https:\/\/silvertree.sk\/#website\",\"url\":\"https:\/\/silvertree.sk\/\",\"name\":\"silvertree.sk\",\"description\":\"Jaukiausioms 2023m. \u0161vent\u0117ms si\u016blome \u012fsigyti Premium kokyb\u0117s K\u0117n\u012f\u2611\ufe0farba gyv\u0105 lietuvi\u0161k\u0105 eglut\u0119\u2611\ufe0finternetu i\u0161\u23e9silvertree.sk. Pristatysime ir i\u0161ve\u0161ime NEMOKAMAI pas mus pirktas eglutes. Mes parduodame tik tikras Kal\u0117dines egles u\u017eaugintas ir nukirstas \u016bkiuose!\",\"potentialAction\":[{\"@type\":\"SearchAction\",\"target\":{\"@type\":\"EntryPoint\",\"urlTemplate\":\"https:\/\/silvertree.sk\/?s={search_term_string}\"},\"query-input\":{\"@type\":\"PropertyValueSpecification\",\"valueRequired\":true,\"valueName\":\"search_term_string\"}}],\"inLanguage\":\"ru-RU\"}]}<\/script>\n<!-- \/ Yoast SEO plugin. -->","yoast_head_json":{"title":"\u041f\u043e\u043b\u0438\u0442\u0438\u043a\u0430 \u043a\u043e\u043d\u0444\u0438\u0434\u0435\u043d\u0446\u0438\u0430\u043b\u044c\u043d\u043e\u0441\u0442\u0438 - silvertree.sk","robots":{"index":"noindex","follow":"nofollow"},"og_locale":"ru_RU","og_type":"article","og_title":"\u041f\u043e\u043b\u0438\u0442\u0438\u043a\u0430 \u043a\u043e\u043d\u0444\u0438\u0434\u0435\u043d\u0446\u0438\u0430\u043b\u044c\u043d\u043e\u0441\u0442\u0438 - silvertree.sk","og_description":"SEKCIA O Z\u00c1SADE OCHRANY OSOBN\u00ddCH \u00daDAJOV Z\u00e1sady ochrany osobn\u00fdch \u00fadajov&nbsp; Va\u0161a bezpe\u010dnos\u0165 osobn\u00fdch \u00fadajov je na\u0161ou prioritou. Tu sa m\u00f4\u017eete dozvedie\u0165, ak\u00e9 osobn\u00e9 \u00fadaje z\u00edskavame, ke\u010f nav\u0161t\u00edvite Silvertree.sk, a \u010do s t\u00fdmito inform\u00e1ciami rob\u00edme.&nbsp; Re\u0161pektujeme va\u0161e s\u00fakromie, a preto nezbierame \u017eiadne zbyto\u010dn\u00e9 \u00fadaje, ktor\u00e9 by mali sl\u00fa\u017ei\u0165 niekomu in\u00e9mu, ne\u017e aby zabezpe\u010dili kvalitn\u00fd z\u00e1\u017eitok na [&hellip;]","og_url":"https:\/\/silvertree.sk\/ru\/\u043f\u043e\u043b\u0438\u0442\u0438\u043a\u0430-\u043a\u043e\u043d\u0444\u0438\u0434\u0435\u043d\u0446\u0438\u0430\u043b\u044c\u043d\u043e\u0441\u0442\u0438\/","og_site_name":"silvertree.sk","article_modified_time":"2023-11-04T18:08:59+00:00","twitter_card":"summary_large_image","schema":{"@context":"https:\/\/schema.org","@graph":[{"@type":"WebPage","@id":"https:\/\/silvertree.sk\/ru\/%d0%bf%d0%be%d0%bb%d0%b8%d1%82%d0%b8%d0%ba%d0%b0-%d0%ba%d0%be%d0%bd%d1%84%d0%b8%d0%b4%d0%b5%d0%bd%d1%86%d0%b8%d0%b0%d0%bb%d1%8c%d0%bd%d0%be%d1%81%d1%82%d0%b8\/","url":"https:\/\/silvertree.sk\/ru\/%d0%bf%d0%be%d0%bb%d0%b8%d1%82%d0%b8%d0%ba%d0%b0-%d0%ba%d0%be%d0%bd%d1%84%d0%b8%d0%b4%d0%b5%d0%bd%d1%86%d0%b8%d0%b0%d0%bb%d1%8c%d0%bd%d0%be%d1%81%d1%82%d0%b8\/","name":"\u041f\u043e\u043b\u0438\u0442\u0438\u043a\u0430 \u043a\u043e\u043d\u0444\u0438\u0434\u0435\u043d\u0446\u0438\u0430\u043b\u044c\u043d\u043e\u0441\u0442\u0438 - silvertree.sk","isPartOf":{"@id":"https:\/\/silvertree.sk\/#website"},"datePublished":"2023-07-17T10:12:20+00:00","dateModified":"2023-11-04T18:08:59+00:00","breadcrumb":{"@id":"https:\/\/silvertree.sk\/ru\/%d0%bf%d0%be%d0%bb%d0%b8%d1%82%d0%b8%d0%ba%d0%b0-%d0%ba%d0%be%d0%bd%d1%84%d0%b8%d0%b4%d0%b5%d0%bd%d1%86%d0%b8%d0%b0%d0%bb%d1%8c%d0%bd%d0%be%d1%81%d1%82%d0%b8\/#breadcrumb"},"inLanguage":"ru-RU","potentialAction":[{"@type":"ReadAction","target":["https:\/\/silvertree.sk\/ru\/%d0%bf%d0%be%d0%bb%d0%b8%d1%82%d0%b8%d0%ba%d0%b0-%d0%ba%d0%be%d0%bd%d1%84%d0%b8%d0%b4%d0%b5%d0%bd%d1%86%d0%b8%d0%b0%d0%bb%d1%8c%d0%bd%d0%be%d1%81%d1%82%d0%b8\/"]}]},{"@type":"BreadcrumbList","@id":"https:\/\/silvertree.sk\/ru\/%d0%bf%d0%be%d0%bb%d0%b8%d1%82%d0%b8%d0%ba%d0%b0-%d0%ba%d0%be%d0%bd%d1%84%d0%b8%d0%b4%d0%b5%d0%bd%d1%86%d0%b8%d0%b0%d0%bb%d1%8c%d0%bd%d0%be%d1%81%d1%82%d0%b8\/#breadcrumb","itemListElement":[{"@type":"ListItem","position":1,"name":"Home","item":"https:\/\/silvertree.sk\/ru\/silvertree\/"},{"@type":"ListItem","position":2,"name":"\u041f\u043e\u043b\u0438\u0442\u0438\u043a\u0430 \u043a\u043e\u043d\u0444\u0438\u0434\u0435\u043d\u0446\u0438\u0430\u043b\u044c\u043d\u043e\u0441\u0442\u0438"}]},{"@type":"WebSite","@id":"https:\/\/silvertree.sk\/#website","url":"https:\/\/silvertree.sk\/","name":"silvertree.sk","description":"Jaukiausioms 2023m. \u0161vent\u0117ms si\u016blome \u012fsigyti Premium kokyb\u0117s K\u0117n\u012f\u2611\ufe0farba gyv\u0105 lietuvi\u0161k\u0105 eglut\u0119\u2611\ufe0finternetu i\u0161\u23e9silvertree.sk. Pristatysime ir i\u0161ve\u0161ime NEMOKAMAI pas mus pirktas eglutes. Mes parduodame tik tikras Kal\u0117dines egles u\u017eaugintas ir nukirstas \u016bkiuose!","potentialAction":[{"@type":"SearchAction","target":{"@type":"EntryPoint","urlTemplate":"https:\/\/silvertree.sk\/?s={search_term_string}"},"query-input":{"@type":"PropertyValueSpecification","valueRequired":true,"valueName":"search_term_string"}}],"inLanguage":"ru-RU"}]}},"_links":{"self":[{"href":"https:\/\/silvertree.sk\/ru\/wp-json\/wp\/v2\/pages\/968","targetHints":{"allow":["GET"]}}],"collection":[{"href":"https:\/\/silvertree.sk\/ru\/wp-json\/wp\/v2\/pages"}],"about":[{"href":"https:\/\/silvertree.sk\/ru\/wp-json\/wp\/v2\/types\/page"}],"author":[{"embeddable":true,"href":"https:\/\/silvertree.sk\/ru\/wp-json\/wp\/v2\/users\/1"}],"replies":[{"embeddable":true,"href":"https:\/\/silvertree.sk\/ru\/wp-json\/wp\/v2\/comments?post=968"}],"version-history":[{"count":2,"href":"https:\/\/silvertree.sk\/ru\/wp-json\/wp\/v2\/pages\/968\/revisions"}],"predecessor-version":[{"id":3430,"href":"https:\/\/silvertree.sk\/ru\/wp-json\/wp\/v2\/pages\/968\/revisions\/3430"}],"wp:attachment":[{"href":"https:\/\/silvertree.sk\/ru\/wp-json\/wp\/v2\/media?parent=968"}],"curies":[{"name":"wp","href":"https:\/\/api.w.org\/{rel}","templated":true}]}}