

{"id":966,"date":"2023-07-23T12:47:08","date_gmt":"2023-07-23T12:47:08","guid":{"rendered":"https:\/\/silvertree.sk\/?page_id=966"},"modified":"2023-09-07T12:38:52","modified_gmt":"2023-09-07T12:38:52","slug":"%d0%b7%d0%be%d0%bd%d1%8b-%d0%b4%d0%be%d1%81%d1%82%d0%b0%d0%b2%d0%ba%d0%b8","status":"publish","type":"page","link":"https:\/\/silvertree.sk\/ru\/%d0%b7%d0%be%d0%bd%d1%8b-%d0%b4%d0%be%d1%81%d1%82%d0%b0%d0%b2%d0%ba%d0%b8\/","title":{"rendered":"\u0417\u043e\u043d\u044b \u0434\u043e\u0441\u0442\u0430\u0432\u043a\u0438"},"content":{"rendered":"\n<div style=\"height:50px\" aria-hidden=\"true\" class=\"wp-block-spacer\"><\/div>\n\n\n\n<p class=\"has-text-align-center\" style=\"font-size:30px\">Zonos, kur teikiame paslaugas ir zon\u0173 kainos<\/p>\n\n\n\n<style>\nul {\npadding: 20px 0;\n}\nul li::before {\n  content: attr(data-icon);\n  \/* Make slightly larger than the li font-size\n  but smaller than the li gap *\/\n  font-size: 1.25em;\n}\nli {\npadding: 5px 0;\n}\n\nlabel,input{\n  display:flex;\n  flex-direction:column;\n}\n<\/style>\n\n<br>\n\n<div style=\"max-width: 300px; margin: auto; padding: 30px 0;\">\n\n<select name=\"city\" id=\"city\">\n<option disabled selected value> &#8212; Pasirinkite miest\u0105 &#8212; <\/option>\n<option value=\"vilnius\">Vilnius<\/option>\n<option value=\"kaunas\">Kaunas<\/option>\n<option value=\"klaipeda\">Klaip\u0117da<\/option>\n<\/select>\n<\/div>\n<script>\nfunction hideAll() {\n  var els = document.getElementsByClassName('stree-map');\n\nArray.prototype.forEach.call(els, function(el) {\n    el.hidden = true;\n});\n}\nwindow.addEventListener('load', (event) => {\nhideAll();\n});\n\ndocument.getElementById('city').addEventListener('change', function() {\nhideAll();\nvar els = document.getElementsByClassName('map-' + this.value);\n\n\nArray.prototype.forEach.call(els, function(el) {\n    el.hidden = false;\n});\n});\n<\/script>\n\n\n\n<div class=\"wp-block-group map-kaunas stree-map\"><div class=\"wp-block-group__inner-container is-layout-constrained wp-block-group-is-layout-constrained\">\n<div class=\"wp-block-group\"><div class=\"wp-block-group__inner-container is-layout-constrained wp-block-group-is-layout-constrained\"><p>[szbd ids=&#187;129,130&#8243; color=&#187;green, red&#187;]<\/p>\n<\/div><\/div>\n\n\n\n<ul role=\"list\">\n  <li data-icon=\"\ud83d\udfe2\">\n    Nemokamas pristatymas\n  <\/li>\n  <li data-icon=\"\ud83d\udd34\"> Garliava: +5eur, tik savaitgaliais<\/li>\n<\/ul>\n<\/div><\/div>\n\n\n\n<div class=\"wp-block-group map-vilnius stree-map\"><div class=\"wp-block-group__inner-container is-layout-constrained wp-block-group-is-layout-constrained\">\n<div class=\"wp-block-group\"><div class=\"wp-block-group__inner-container is-layout-constrained wp-block-group-is-layout-constrained\"><p>[szbd ids=&#187;130&#8243; color=&#187;red&#187;]<\/p>\n<\/div><\/div>\n\n\n\n<ul role=\"list\">  \n  <li data-icon=\"\ud83d\udd34\"> Nemokamas pristatymas<\/li>\n<\/ul>\n<\/div><\/div>\n","protected":false},"excerpt":{"rendered":"<p>Zonos, kur teikiame paslaugas ir zon\u0173 kainos &#8212; Pasirinkite miest\u0105 &#8212; VilniusKaunasKlaip\u0117da Nemokamas pristatymas Garliava: +5eur, tik savaitgaliais Nemokamas pristatymas<\/p>\n","protected":false},"author":1,"featured_media":0,"parent":0,"menu_order":0,"comment_status":"closed","ping_status":"closed","template":"page-simple.php","meta":{"_acf_changed":false,"inline_featured_image":false,"footnotes":""},"class_list":["post-966","page","type-page","status-publish","hentry"],"acf":[],"yoast_head":"<!-- This site is optimized with the Yoast SEO plugin v26.1.1 - https:\/\/yoast.com\/wordpress\/plugins\/seo\/ -->\n<title>\u0417\u043e\u043d\u044b \u0434\u043e\u0441\u0442\u0430\u0432\u043a\u0438 - silvertree.sk<\/title>\n<meta name=\"robots\" content=\"noindex, nofollow\" \/>\n<meta property=\"og:locale\" content=\"ru_RU\" \/>\n<meta property=\"og:type\" content=\"article\" \/>\n<meta property=\"og:title\" content=\"\u0417\u043e\u043d\u044b \u0434\u043e\u0441\u0442\u0430\u0432\u043a\u0438 - silvertree.sk\" \/>\n<meta property=\"og:description\" content=\"Zonos, kur teikiame paslaugas ir zon\u0173 kainos &#8212; Pasirinkite miest\u0105 &#8212; VilniusKaunasKlaip\u0117da Nemokamas pristatymas Garliava: +5eur, tik savaitgaliais Nemokamas pristatymas\" \/>\n<meta property=\"og:url\" content=\"https:\/\/silvertree.sk\/ru\/\u0437\u043e\u043d\u044b-\u0434\u043e\u0441\u0442\u0430\u0432\u043a\u0438\/\" \/>\n<meta property=\"og:site_name\" content=\"silvertree.sk\" \/>\n<meta property=\"article:modified_time\" content=\"2023-09-07T12:38:52+00:00\" \/>\n<meta name=\"twitter:card\" content=\"summary_large_image\" \/>\n<script type=\"application\/ld+json\" class=\"yoast-schema-graph\">{\"@context\":\"https:\/\/schema.org\",\"@graph\":[{\"@type\":\"WebPage\",\"@id\":\"https:\/\/silvertree.sk\/ru\/%d0%b7%d0%be%d0%bd%d1%8b-%d0%b4%d0%be%d1%81%d1%82%d0%b0%d0%b2%d0%ba%d0%b8\/\",\"url\":\"https:\/\/silvertree.sk\/ru\/%d0%b7%d0%be%d0%bd%d1%8b-%d0%b4%d0%be%d1%81%d1%82%d0%b0%d0%b2%d0%ba%d0%b8\/\",\"name\":\"\u0417\u043e\u043d\u044b \u0434\u043e\u0441\u0442\u0430\u0432\u043a\u0438 - silvertree.sk\",\"isPartOf\":{\"@id\":\"https:\/\/silvertree.sk\/#website\"},\"datePublished\":\"2023-07-23T12:47:08+00:00\",\"dateModified\":\"2023-09-07T12:38:52+00:00\",\"breadcrumb\":{\"@id\":\"https:\/\/silvertree.sk\/ru\/%d0%b7%d0%be%d0%bd%d1%8b-%d0%b4%d0%be%d1%81%d1%82%d0%b0%d0%b2%d0%ba%d0%b8\/#breadcrumb\"},\"inLanguage\":\"ru-RU\",\"potentialAction\":[{\"@type\":\"ReadAction\",\"target\":[\"https:\/\/silvertree.sk\/ru\/%d0%b7%d0%be%d0%bd%d1%8b-%d0%b4%d0%be%d1%81%d1%82%d0%b0%d0%b2%d0%ba%d0%b8\/\"]}]},{\"@type\":\"BreadcrumbList\",\"@id\":\"https:\/\/silvertree.sk\/ru\/%d0%b7%d0%be%d0%bd%d1%8b-%d0%b4%d0%be%d1%81%d1%82%d0%b0%d0%b2%d0%ba%d0%b8\/#breadcrumb\",\"itemListElement\":[{\"@type\":\"ListItem\",\"position\":1,\"name\":\"Home\",\"item\":\"https:\/\/silvertree.sk\/ru\/silvertree\/\"},{\"@type\":\"ListItem\",\"position\":2,\"name\":\"\u0417\u043e\u043d\u044b \u0434\u043e\u0441\u0442\u0430\u0432\u043a\u0438\"}]},{\"@type\":\"WebSite\",\"@id\":\"https:\/\/silvertree.sk\/#website\",\"url\":\"https:\/\/silvertree.sk\/\",\"name\":\"silvertree.sk\",\"description\":\"Jaukiausioms 2023m. \u0161vent\u0117ms si\u016blome \u012fsigyti Premium kokyb\u0117s K\u0117n\u012f\u2611\ufe0farba gyv\u0105 lietuvi\u0161k\u0105 eglut\u0119\u2611\ufe0finternetu i\u0161\u23e9silvertree.sk. Pristatysime ir i\u0161ve\u0161ime NEMOKAMAI pas mus pirktas eglutes. Mes parduodame tik tikras Kal\u0117dines egles u\u017eaugintas ir nukirstas \u016bkiuose!\",\"potentialAction\":[{\"@type\":\"SearchAction\",\"target\":{\"@type\":\"EntryPoint\",\"urlTemplate\":\"https:\/\/silvertree.sk\/?s={search_term_string}\"},\"query-input\":{\"@type\":\"PropertyValueSpecification\",\"valueRequired\":true,\"valueName\":\"search_term_string\"}}],\"inLanguage\":\"ru-RU\"}]}<\/script>\n<!-- \/ Yoast SEO plugin. -->","yoast_head_json":{"title":"\u0417\u043e\u043d\u044b \u0434\u043e\u0441\u0442\u0430\u0432\u043a\u0438 - silvertree.sk","robots":{"index":"noindex","follow":"nofollow"},"og_locale":"ru_RU","og_type":"article","og_title":"\u0417\u043e\u043d\u044b \u0434\u043e\u0441\u0442\u0430\u0432\u043a\u0438 - silvertree.sk","og_description":"Zonos, kur teikiame paslaugas ir zon\u0173 kainos &#8212; Pasirinkite miest\u0105 &#8212; VilniusKaunasKlaip\u0117da Nemokamas pristatymas Garliava: +5eur, tik savaitgaliais Nemokamas pristatymas","og_url":"https:\/\/silvertree.sk\/ru\/\u0437\u043e\u043d\u044b-\u0434\u043e\u0441\u0442\u0430\u0432\u043a\u0438\/","og_site_name":"silvertree.sk","article_modified_time":"2023-09-07T12:38:52+00:00","twitter_card":"summary_large_image","schema":{"@context":"https:\/\/schema.org","@graph":[{"@type":"WebPage","@id":"https:\/\/silvertree.sk\/ru\/%d0%b7%d0%be%d0%bd%d1%8b-%d0%b4%d0%be%d1%81%d1%82%d0%b0%d0%b2%d0%ba%d0%b8\/","url":"https:\/\/silvertree.sk\/ru\/%d0%b7%d0%be%d0%bd%d1%8b-%d0%b4%d0%be%d1%81%d1%82%d0%b0%d0%b2%d0%ba%d0%b8\/","name":"\u0417\u043e\u043d\u044b \u0434\u043e\u0441\u0442\u0430\u0432\u043a\u0438 - silvertree.sk","isPartOf":{"@id":"https:\/\/silvertree.sk\/#website"},"datePublished":"2023-07-23T12:47:08+00:00","dateModified":"2023-09-07T12:38:52+00:00","breadcrumb":{"@id":"https:\/\/silvertree.sk\/ru\/%d0%b7%d0%be%d0%bd%d1%8b-%d0%b4%d0%be%d1%81%d1%82%d0%b0%d0%b2%d0%ba%d0%b8\/#breadcrumb"},"inLanguage":"ru-RU","potentialAction":[{"@type":"ReadAction","target":["https:\/\/silvertree.sk\/ru\/%d0%b7%d0%be%d0%bd%d1%8b-%d0%b4%d0%be%d1%81%d1%82%d0%b0%d0%b2%d0%ba%d0%b8\/"]}]},{"@type":"BreadcrumbList","@id":"https:\/\/silvertree.sk\/ru\/%d0%b7%d0%be%d0%bd%d1%8b-%d0%b4%d0%be%d1%81%d1%82%d0%b0%d0%b2%d0%ba%d0%b8\/#breadcrumb","itemListElement":[{"@type":"ListItem","position":1,"name":"Home","item":"https:\/\/silvertree.sk\/ru\/silvertree\/"},{"@type":"ListItem","position":2,"name":"\u0417\u043e\u043d\u044b \u0434\u043e\u0441\u0442\u0430\u0432\u043a\u0438"}]},{"@type":"WebSite","@id":"https:\/\/silvertree.sk\/#website","url":"https:\/\/silvertree.sk\/","name":"silvertree.sk","description":"Jaukiausioms 2023m. \u0161vent\u0117ms si\u016blome \u012fsigyti Premium kokyb\u0117s K\u0117n\u012f\u2611\ufe0farba gyv\u0105 lietuvi\u0161k\u0105 eglut\u0119\u2611\ufe0finternetu i\u0161\u23e9silvertree.sk. Pristatysime ir i\u0161ve\u0161ime NEMOKAMAI pas mus pirktas eglutes. Mes parduodame tik tikras Kal\u0117dines egles u\u017eaugintas ir nukirstas \u016bkiuose!","potentialAction":[{"@type":"SearchAction","target":{"@type":"EntryPoint","urlTemplate":"https:\/\/silvertree.sk\/?s={search_term_string}"},"query-input":{"@type":"PropertyValueSpecification","valueRequired":true,"valueName":"search_term_string"}}],"inLanguage":"ru-RU"}]}},"_links":{"self":[{"href":"https:\/\/silvertree.sk\/ru\/wp-json\/wp\/v2\/pages\/966","targetHints":{"allow":["GET"]}}],"collection":[{"href":"https:\/\/silvertree.sk\/ru\/wp-json\/wp\/v2\/pages"}],"about":[{"href":"https:\/\/silvertree.sk\/ru\/wp-json\/wp\/v2\/types\/page"}],"author":[{"embeddable":true,"href":"https:\/\/silvertree.sk\/ru\/wp-json\/wp\/v2\/users\/1"}],"replies":[{"embeddable":true,"href":"https:\/\/silvertree.sk\/ru\/wp-json\/wp\/v2\/comments?post=966"}],"version-history":[{"count":1,"href":"https:\/\/silvertree.sk\/ru\/wp-json\/wp\/v2\/pages\/966\/revisions"}],"predecessor-version":[{"id":967,"href":"https:\/\/silvertree.sk\/ru\/wp-json\/wp\/v2\/pages\/966\/revisions\/967"}],"wp:attachment":[{"href":"https:\/\/silvertree.sk\/ru\/wp-json\/wp\/v2\/media?parent=966"}],"curies":[{"name":"wp","href":"https:\/\/api.w.org\/{rel}","templated":true}]}}