

{"id":669,"date":"2023-08-30T09:03:58","date_gmt":"2023-08-30T09:03:58","guid":{"rendered":"https:\/\/silvertree.sk\/?post_type=product&#038;p=669"},"modified":"2025-10-06T19:24:22","modified_gmt":"2025-10-06T19:24:22","slug":"premium-kenis-100cm-120cm","status":"publish","type":"product","link":"https:\/\/silvertree.sk\/lt\/product\/premium-kenis-100cm-120cm\/","title":{"rendered":"Premium k\u0117nis"},"content":{"rendered":"<p><span style=\"font-weight: 400;\">Labai m\u0117gstamas ir vertinamas visos Europos bei Lietuvos \u0161eim\u0173. Tai medelis, kuris i\u0161 pirmo \u017evilgsnio gali Jus apgauti b\u016btent d\u0117l savo tobulos genetikos. Taisyklingai formos tanki laja, dideli, mink\u0161ti, ve\u0161l\u016bs ir sodrios \u017ealios spalvos spygliai gali sudaryti dirbtinio medelio \u012fsp\u016bd\u012f. Atkreipiame d\u0117mes\u012f, kad tai ne veltui \u0161eim\u0173 m\u0117gstamas medelis \u2013 \u0161veln\u016bs spygliai yra draugi\u0161ki vaikams bei savo nosyte visk\u0105 uod\u017eiantiems augintiniams.<\/span><\/p>\n<p><span style=\"font-weight: 400;\">Dani\u0161kas k\u0117nis ilg\u0105 laik\u0105 i\u0161lieka \u0161vie\u017eias, \u017ealias, tod\u0117l patalpoje prad\u0117j\u0119s d\u017ei\u016bti, beveik nemeta spygli\u0173, lyginant su kitomis egli\u0173 r\u016b\u0161imis. Tai yra dar viena prie\u017eastis, kod\u0117l \u0161is medelis privalo tapti J\u016bs\u0173 \u0161ventini\u0173 Kal\u0117d\u0173 atributu.<\/span><\/p>\n<p><span style=\"font-weight: 400;\">\u0160is dani\u0161kas k\u0117nis \u2013 pasirinkimas ir tiems, kuriems, d\u0117l stipri\u0173 egl\u0117s skleid\u017eiam\u0173 kvap\u0173, pasirei\u0161kia alergija. B\u016btent k\u0117nio kvapas patalpoje yra labai menkai juntamas.\u00a0<\/span><\/p>\n","protected":false},"excerpt":{"rendered":"<div><\/div>\n<div>\n<p><b><span lang=\"LT\">Dani\u0161kas<\/span><\/b><span lang=\"LT\"> arba dar kitaip <b>kaukazinis k\u0117nis<\/b> (lot. Abies nordmanniana)<\/span><\/p>\n<\/div>\n","protected":false},"featured_media":829,"template":"","meta":{"_acf_changed":false,"inline_featured_image":false},"product_brand":[],"product_cat":[23,24,25,108,109,107,26,227,27,28,29,240,35,30,31,224,249,252],"product_tag":[],"class_list":{"0":"post-669","1":"product","2":"type-product","3":"status-publish","4":"has-post-thumbnail","6":"product_cat-daniski-keniai","7":"product_cat-dekoratyviniai-keniai","8":"product_cat-eglut","9":"product_cat-eglutes-kenis-kaune","10":"product_cat-eglutes-kenis-klaipedoje","11":"product_cat-eglutes-kenis-vilniuje","12":"product_cat-europinis-kenis","13":"product_cat-jedla-sk-lt","14":"product_cat-kaukazinis-kenis","15":"product_cat-keniai","16":"product_cat-korejinis-kenis","17":"product_cat-maly-vianocny-stromcek-sk-lt","18":"product_cat-mazos-eglutes","19":"product_cat-mostpopular","20":"product_cat-normandinis-kenis","21":"product_cat-smrek-sk-lt","22":"product_cat-vianocny-stromcek-100-cm-sk-lt","23":"product_cat-vianocny-stromcek-120cm-sk-lt","25":"first","26":"instock","27":"taxable","28":"shipping-taxable","29":"purchasable","30":"product-type-simple"},"acf":[],"yoast_head":"<!-- This site is optimized with the Yoast SEO plugin v26.1.1 - https:\/\/yoast.com\/wordpress\/plugins\/seo\/ -->\n<title>Premium k\u0117nis 100-125cm - silvertree.sk<\/title>\n<meta name=\"robots\" content=\"noindex, nofollow\" \/>\n<meta property=\"og:locale\" content=\"lt_LT\" \/>\n<meta property=\"og:type\" content=\"article\" \/>\n<meta property=\"og:title\" content=\"Premium k\u0117nis 100-125cm - silvertree.sk\" \/>\n<meta property=\"og:description\" content=\"Dani\u0161kas arba dar kitaip kaukazinis k\u0117nis (lot. Abies nordmanniana)\" \/>\n<meta property=\"og:url\" content=\"https:\/\/silvertree.sk\/lt\/product\/premium-kenis-100cm-120cm\/\" \/>\n<meta property=\"og:site_name\" content=\"silvertree.sk\" \/>\n<meta property=\"article:modified_time\" content=\"2025-10-06T19:24:22+00:00\" \/>\n<meta property=\"og:image\" content=\"https:\/\/silvertree.sk\/wp-content\/uploads\/sites\/6\/2023\/08\/1mfir.png\" \/>\n\t<meta property=\"og:image:width\" content=\"829\" \/>\n\t<meta property=\"og:image:height\" content=\"1000\" \/>\n\t<meta property=\"og:image:type\" content=\"image\/png\" \/>\n<meta name=\"twitter:card\" content=\"summary_large_image\" \/>\n<meta name=\"twitter:label1\" content=\"Est. reading time\" \/>\n\t<meta name=\"twitter:data1\" content=\"1 minut\u0117\" \/>\n<script type=\"application\/ld+json\" class=\"yoast-schema-graph\">{\"@context\":\"https:\/\/schema.org\",\"@graph\":[{\"@type\":\"WebPage\",\"@id\":\"https:\/\/silvertree.sk\/lt\/product\/premium-kenis-100cm-120cm\/\",\"url\":\"https:\/\/silvertree.sk\/lt\/product\/premium-kenis-100cm-120cm\/\",\"name\":\"Premium k\u0117nis 100-125cm - silvertree.sk\",\"isPartOf\":{\"@id\":\"https:\/\/silvertree.sk\/#website\"},\"primaryImageOfPage\":{\"@id\":\"https:\/\/silvertree.sk\/lt\/product\/premium-kenis-100cm-120cm\/#primaryimage\"},\"image\":{\"@id\":\"https:\/\/silvertree.sk\/lt\/product\/premium-kenis-100cm-120cm\/#primaryimage\"},\"thumbnailUrl\":\"https:\/\/silvertree.sk\/wp-content\/uploads\/sites\/6\/2023\/08\/1mfir.png\",\"datePublished\":\"2023-08-30T09:03:58+00:00\",\"dateModified\":\"2025-10-06T19:24:22+00:00\",\"breadcrumb\":{\"@id\":\"https:\/\/silvertree.sk\/lt\/product\/premium-kenis-100cm-120cm\/#breadcrumb\"},\"inLanguage\":\"lt-LT\",\"potentialAction\":[{\"@type\":\"ReadAction\",\"target\":[\"https:\/\/silvertree.sk\/lt\/product\/premium-kenis-100cm-120cm\/\"]}]},{\"@type\":\"ImageObject\",\"inLanguage\":\"lt-LT\",\"@id\":\"https:\/\/silvertree.sk\/lt\/product\/premium-kenis-100cm-120cm\/#primaryimage\",\"url\":\"https:\/\/silvertree.sk\/wp-content\/uploads\/sites\/6\/2023\/08\/1mfir.png\",\"contentUrl\":\"https:\/\/silvertree.sk\/wp-content\/uploads\/sites\/6\/2023\/08\/1mfir.png\",\"width\":829,\"height\":1000,\"caption\":\"Premium k\u0117nis 100-125 cm\"},{\"@type\":\"BreadcrumbList\",\"@id\":\"https:\/\/silvertree.sk\/lt\/product\/premium-kenis-100cm-120cm\/#breadcrumb\",\"itemListElement\":[{\"@type\":\"ListItem\",\"position\":1,\"name\":\"Home\",\"item\":\"https:\/\/silvertree.sk\/lt\/\"},{\"@type\":\"ListItem\",\"position\":2,\"name\":\"Parduotuv\u0117\",\"item\":\"https:\/\/silvertree.sk\/lt\/parduotuve\/\"},{\"@type\":\"ListItem\",\"position\":3,\"name\":\"Premium k\u0117nis\"}]},{\"@type\":\"WebSite\",\"@id\":\"https:\/\/silvertree.sk\/#website\",\"url\":\"https:\/\/silvertree.sk\/\",\"name\":\"silvertree.sk\",\"description\":\"Jaukiausioms 2023m. \u0161vent\u0117ms si\u016blome \u012fsigyti Premium kokyb\u0117s K\u0117n\u012f\u2611\ufe0farba gyv\u0105 lietuvi\u0161k\u0105 eglut\u0119\u2611\ufe0finternetu i\u0161\u23e9silvertree.sk. Pristatysime ir i\u0161ve\u0161ime NEMOKAMAI pas mus pirktas eglutes. Mes parduodame tik tikras Kal\u0117dines egles u\u017eaugintas ir nukirstas \u016bkiuose!\",\"potentialAction\":[{\"@type\":\"SearchAction\",\"target\":{\"@type\":\"EntryPoint\",\"urlTemplate\":\"https:\/\/silvertree.sk\/?s={search_term_string}\"},\"query-input\":{\"@type\":\"PropertyValueSpecification\",\"valueRequired\":true,\"valueName\":\"search_term_string\"}}],\"inLanguage\":\"lt-LT\"}]}<\/script>\n<!-- \/ Yoast SEO plugin. -->","yoast_head_json":{"title":"Premium k\u0117nis 100-125cm - silvertree.sk","robots":{"index":"noindex","follow":"nofollow"},"og_locale":"lt_LT","og_type":"article","og_title":"Premium k\u0117nis 100-125cm - silvertree.sk","og_description":"Dani\u0161kas arba dar kitaip kaukazinis k\u0117nis (lot. Abies nordmanniana)","og_url":"https:\/\/silvertree.sk\/lt\/product\/premium-kenis-100cm-120cm\/","og_site_name":"silvertree.sk","article_modified_time":"2025-10-06T19:24:22+00:00","og_image":[{"width":829,"height":1000,"url":"https:\/\/silvertree.sk\/wp-content\/uploads\/sites\/6\/2023\/08\/1mfir.png","type":"image\/png"}],"twitter_card":"summary_large_image","twitter_misc":{"Est. reading time":"1 minut\u0117"},"schema":{"@context":"https:\/\/schema.org","@graph":[{"@type":"WebPage","@id":"https:\/\/silvertree.sk\/lt\/product\/premium-kenis-100cm-120cm\/","url":"https:\/\/silvertree.sk\/lt\/product\/premium-kenis-100cm-120cm\/","name":"Premium k\u0117nis 100-125cm - silvertree.sk","isPartOf":{"@id":"https:\/\/silvertree.sk\/#website"},"primaryImageOfPage":{"@id":"https:\/\/silvertree.sk\/lt\/product\/premium-kenis-100cm-120cm\/#primaryimage"},"image":{"@id":"https:\/\/silvertree.sk\/lt\/product\/premium-kenis-100cm-120cm\/#primaryimage"},"thumbnailUrl":"https:\/\/silvertree.sk\/wp-content\/uploads\/sites\/6\/2023\/08\/1mfir.png","datePublished":"2023-08-30T09:03:58+00:00","dateModified":"2025-10-06T19:24:22+00:00","breadcrumb":{"@id":"https:\/\/silvertree.sk\/lt\/product\/premium-kenis-100cm-120cm\/#breadcrumb"},"inLanguage":"lt-LT","potentialAction":[{"@type":"ReadAction","target":["https:\/\/silvertree.sk\/lt\/product\/premium-kenis-100cm-120cm\/"]}]},{"@type":"ImageObject","inLanguage":"lt-LT","@id":"https:\/\/silvertree.sk\/lt\/product\/premium-kenis-100cm-120cm\/#primaryimage","url":"https:\/\/silvertree.sk\/wp-content\/uploads\/sites\/6\/2023\/08\/1mfir.png","contentUrl":"https:\/\/silvertree.sk\/wp-content\/uploads\/sites\/6\/2023\/08\/1mfir.png","width":829,"height":1000,"caption":"Premium k\u0117nis 100-125 cm"},{"@type":"BreadcrumbList","@id":"https:\/\/silvertree.sk\/lt\/product\/premium-kenis-100cm-120cm\/#breadcrumb","itemListElement":[{"@type":"ListItem","position":1,"name":"Home","item":"https:\/\/silvertree.sk\/lt\/"},{"@type":"ListItem","position":2,"name":"Parduotuv\u0117","item":"https:\/\/silvertree.sk\/lt\/parduotuve\/"},{"@type":"ListItem","position":3,"name":"Premium k\u0117nis"}]},{"@type":"WebSite","@id":"https:\/\/silvertree.sk\/#website","url":"https:\/\/silvertree.sk\/","name":"silvertree.sk","description":"Jaukiausioms 2023m. \u0161vent\u0117ms si\u016blome \u012fsigyti Premium kokyb\u0117s K\u0117n\u012f\u2611\ufe0farba gyv\u0105 lietuvi\u0161k\u0105 eglut\u0119\u2611\ufe0finternetu i\u0161\u23e9silvertree.sk. Pristatysime ir i\u0161ve\u0161ime NEMOKAMAI pas mus pirktas eglutes. Mes parduodame tik tikras Kal\u0117dines egles u\u017eaugintas ir nukirstas \u016bkiuose!","potentialAction":[{"@type":"SearchAction","target":{"@type":"EntryPoint","urlTemplate":"https:\/\/silvertree.sk\/?s={search_term_string}"},"query-input":{"@type":"PropertyValueSpecification","valueRequired":true,"valueName":"search_term_string"}}],"inLanguage":"lt-LT"}]}},"_links":{"self":[{"href":"https:\/\/silvertree.sk\/lt\/wp-json\/wp\/v2\/product\/669","targetHints":{"allow":["GET"]}}],"collection":[{"href":"https:\/\/silvertree.sk\/lt\/wp-json\/wp\/v2\/product"}],"about":[{"href":"https:\/\/silvertree.sk\/lt\/wp-json\/wp\/v2\/types\/product"}],"wp:featuredmedia":[{"embeddable":true,"href":"https:\/\/silvertree.sk\/lt\/wp-json\/wp\/v2\/media\/829"}],"wp:attachment":[{"href":"https:\/\/silvertree.sk\/lt\/wp-json\/wp\/v2\/media?parent=669"}],"wp:term":[{"taxonomy":"product_brand","embeddable":true,"href":"https:\/\/silvertree.sk\/lt\/wp-json\/wp\/v2\/product_brand?post=669"},{"taxonomy":"product_cat","embeddable":true,"href":"https:\/\/silvertree.sk\/lt\/wp-json\/wp\/v2\/product_cat?post=669"},{"taxonomy":"product_tag","embeddable":true,"href":"https:\/\/silvertree.sk\/lt\/wp-json\/wp\/v2\/product_tag?post=669"}],"curies":[{"name":"wp","href":"https:\/\/api.w.org\/{rel}","templated":true}]}}