

{"id":283,"date":"2023-08-07T17:50:46","date_gmt":"2023-08-07T17:50:46","guid":{"rendered":"https:\/\/silvertree.sk\/?page_id=283"},"modified":"2025-10-06T18:59:39","modified_gmt":"2025-10-06T18:59:39","slug":"d-u-k","status":"publish","type":"page","link":"https:\/\/silvertree.sk\/lt\/d-u-k\/","title":{"rendered":"D.U.K"},"content":{"rendered":"\n\r\n\r\n\r\n<section id=\"faq\" class=\"faq web-section\">\r\n    <div class=\"container\">\r\n        <h2 class=\"sectionheading\">Da\u017eniausiai u\u017eduodami klausimai<\/h2>\r\n        <div class=\"faq-wrapper faqreadmorewrapper\">\r\n            <ul class=\"accordion-list\">\r\n                                    <li class=\"faqlister\">\r\n                        <h3>Kaip garantuojate eglu\u010di\u0173 kokyb\u0119?<\/h3>\r\n                        <div class=\"answer\">\r\n                            <span style=\"font-weight: 400;\">Visos eglut\u0117s ir k\u0117niai yra <\/span><span style=\"font-weight: 400;\">kruop\u0161\u010diai <\/span><span style=\"font-weight: 400;\">atrinkti ir \u012fvertinti <\/span><span style=\"font-weight: 400;\">sertifikuot\u0173 ekspert\u0173<\/span><span style=\"font-weight: 400;\">. Tod\u0117l suteikiame 100% pinig\u0173 gr\u0105\u017einimo ar eglut\u0117s keitimo garantij\u0105, kuri galioja 3 dienas po pristatymo. Jeigu pristatyta eglut\u0117 J\u016bs\u0173 l\u016bkes\u010di\u0173 netenkina, pristatymo metu <\/span><span style=\"font-weight: 400;\">papra\u0161ykite kurjerio eglut\u0119 pakeisti ir aprodyti daugiau medeli\u0173. <\/span><span style=\"font-weight: 400;\">Daugiau apie kokyb\u0117s garantijas skaitykite <\/span><a href=\"https:\/\/silvertree.sk\/pristatymas-isvezimas\/\"><span style=\"font-weight: 400;\">\u010dia<\/span><\/a><span style=\"font-weight: 400;\">.<\/span>                        <\/div>\r\n                    <\/li>\r\n\r\n                                    <li class=\"faqlister\">\r\n                        <h3>Kaip vyksta nemokamas eglu\u010di\u0173 pristatymas?<\/h3>\r\n                        <div class=\"answer\">\r\n                            <p><span style=\"font-weight: 400;\">Eglutes pristatome j\u016bs\u0173 norim\u0105 dien\u0105 pasirinktu laiko intervalu. Daugiau informacijos apie pristatymo s\u0105lygas rasite <\/span><a href=\"https:\/\/silvertree.sk\/pristatymas-isvezimas\/\"><span style=\"font-weight: 400;\">\u010dia<\/span><\/a><span style=\"font-weight: 400;\">.<\/span><\/p>\n                        <\/div>\r\n                    <\/li>\r\n\r\n                                    <li class=\"faqlister\">\r\n                        <h3>Kokios yra nemokamo eglu\u010di\u0173 i\u0161ve\u017eimo s\u0105lygos?<\/h3>\r\n                        <div class=\"answer\">\r\n                            <p><span style=\"font-weight: 400;\">Eglutes surenkame pagal m\u016bs\u0173 i\u0161 anksto sudarytus tvarkara\u0161\u010dius miesto mikrorajonais. Apie Jums paskirt\u0105 eglut\u0117s i\u0161ve\u017eimo dat\u0105 ir preliminar\u0173 laiko interval\u0105, informuosime 3 dienos prie\u0161 el. pa\u0161tu ir SMS \u017einute. <\/span><span style=\"font-weight: 400;\">Daugiau informacijos apie i\u0161ve\u017eimo s\u0105lygas rasite <\/span><a href=\"https:\/\/silvertree.sk\/pristatymas-isvezimas\/\"><span style=\"font-weight: 400;\">\u010dia<\/span><\/a><span style=\"font-weight: 400;\">.<\/span><\/p>\n                        <\/div>\r\n                    <\/li>\r\n\r\n                                    <li class=\"faqlister\">\r\n                        <h3>Ar kurjeris padeda u\u017ene\u0161ti ir pastatyti eglut\u0119?<\/h3>\r\n                        <div class=\"answer\">\r\n                            <p><span style=\"font-weight: 400;\">J\u016bs\u0173 patogumui, kurjeris eglut\u0119 u\u017ene\u0161 laiptais ir pristatys iki dur\u0173. Jeigu yra poreikis u\u017eeis \u012f vid\u0173 ir pad\u0117s eglut\u0119 \u012fstatyti \u012f stov\u0105. Ta\u010diau jeigu J\u016bs\u0173 turimas stovas yra stipriai per ma\u017eas, pasiliekame teis\u0119 eglut\u0117s \u012f j\u012f ne\u012fstatyti ir pasi\u016blyti \u012fsigyti m\u016bs\u0173 reguliuojam\u0105 stov\u0105.<\/span><\/p>\n<p>&nbsp;<\/p>\n                        <\/div>\r\n                    <\/li>\r\n\r\n                                    <li class=\"faqlister\">\r\n                        <h3>Ar galima pakeisti pristatymo laik\u0105 ir dat\u0105?<\/h3>\r\n                        <div class=\"answer\">\r\n                            <p><span style=\"font-weight: 400;\">Pristatymo dat\u0105 ir laik\u0105 galima keisti labai lanks\u010diai. Tai padaryti galite paskambin\u0119 telefonu, susisiek\u0119 el. Pa\u0161tu, Facebook ar Instagram platformose. Jeigu pristatymo metu J\u016bs\u0173 n\u0117ra namuose, eglut\u0119 pristatysime kitu, Jums patogiu metu.<\/span><\/p>\n                        <\/div>\r\n                    <\/li>\r\n\r\n                                    <li class=\"faqlister\">\r\n                        <h3>Ar u\u017esakius eglut\u0119, papildomai reikia u\u017esakyti ir stov\u0105? Ar montuojate j\u0105 \u012f tok\u012f stov\u0105, kur\u012f turi klientas?<\/h3>\r\n                        <div class=\"answer\">\r\n                            <p><span style=\"font-weight: 400;\">Jeigu turite tinkam\u0105 eglut\u0117s stov\u0105, papildomai jo u\u017esakin\u0117ti nereikia. <\/span><span style=\"font-weight: 400;\">Ta\u010diau atsi\u017evelkite \u012f tai, kad eglut\u0117s kamieno skersmuo priklauso nuo medelio auk\u0161\u010dio ir apytiksliai yra lygus 8-12 centimetr\u0173. <\/span><span style=\"font-weight: 400;\">Jeigu J\u016bs\u0173 turimas stovas yra stipriai per ma\u017eas, pasiliekame teis\u0119 eglut\u0117s \u012f j\u012f ne\u012fstatyti ir pasi\u016blyti \u012fsigyti m\u016bs\u0173 reguliuojam\u0105 stov\u0105.<\/span><\/p>\n                        <\/div>\r\n                    <\/li>\r\n\r\n                                    <li class=\"faqlister\">\r\n                        <h3>Ar eglut\u0117s vazonuose yra tvaresn\u0117s lyginant su kirstomis eglut\u0117mis?<\/h3>\r\n                        <div class=\"answer\">\r\n                            <p><span style=\"font-weight: 400;\">Nors, tinkamai pri\u017ei\u016brimos, eglut\u0117s vazonuose gali b\u016bti atsodintos, o kirstos eglut\u0117s ne &#8211; tai nerei\u0161kia, kad pastarosios yra ma\u017eiau tvarios. Taip yra d\u0117l to, kad visi m\u016bs\u0173 parduodami medeliai yra perdirbami ir atsodinami. Kiekviena auganti eglut\u0117 absorbuoja <\/span><span style=\"font-weight: 400;\">CO<\/span><span style=\"font-weight: 400;\">2<\/span> <span style=\"font-weight: 400;\">(anglies dvidegin\u012f) ir taip valo planet\u0105.<\/span><\/p>\n                        <\/div>\r\n                    <\/li>\r\n\r\n                                    <li class=\"faqlister\">\r\n                        <h3>Kada geriausia u\u017esisakyti eglut\u0119?<\/h3>\r\n                        <div class=\"answer\">\r\n                            <h2><span style=\"font-weight: 400;\">Kadangi dirbame pagal i\u0161ankstines kal\u0117dini\u0173 medeli\u0173 rezervacijas, eglut\u0119 rezervuoti rekomenduojame kuo anks\u010diau &#8211; net jei ne\u017einote, kada tiksliai nor\u0117site j\u0105 gauti. Pristatymo dat\u0105 ir laik\u0105 visada galite keisti.\u00a0<\/span><\/h2>\n                        <\/div>\r\n                    <\/li>\r\n\r\n                                    <li class=\"faqlister\">\r\n                        <h3>Kada grei\u010diausiai galite pristatyti eglut\u0119?<\/h3>\r\n                        <div class=\"answer\">\r\n                            <p><span style=\"font-weight: 400;\">Eglut\u0119 grei\u010diausiai galime pristatyti kit\u0105 dien\u0105 po u\u017esakymo. <\/span><span style=\"font-weight: 400;\">Medelius pristatome nuo lapkri\u010dio 25d. iki gruod\u017eio 23d. darbo dienomis ir savaitgaliais. Nemokamo pristatymo laikas galimas nuo 09:00 val. ryto iki 21:00 val. vakaro.<\/span><\/p>\n                        <\/div>\r\n                    <\/li>\r\n\r\n                                    <li class=\"faqlister\">\r\n                        <h3>Kokiais atvejais kei\u010diame eglut\u0119?<\/h3>\r\n                        <div class=\"answer\">\r\n                            <p><span style=\"font-weight: 400;\">Jeigu pristatyta eglut\u0117 netenkina J\u016bs\u0173 l\u016bkes\u010di\u0173, mielai j\u0105 pakeisime kita. Skland\u017eiam procesui, galite papra\u0161yti, kad kurjeris aprodyt\u0173 daugiau nei vien\u0105 medel\u012f. Jeigu pristatymo metu eglut\u0117s ap\u017ei\u016br\u0117ti neturite galimyb\u0117s, arba pristatytas medelis neatitiko J\u016bs\u0173 l\u016bkes\u010di\u0173 &#8211; susisiekite su klient\u0173 aptarnavimo specialistais. Pakeitimo galite pra\u0161yti per 3 dienas po pristatymo datos.<\/span><\/p>\n                        <\/div>\r\n                    <\/li>\r\n\r\n                                    <li class=\"faqlister\">\r\n                        <h3>Kaip pri\u017ei\u016br\u0117ti eglut\u0119?<\/h3>\r\n                        <div class=\"answer\">\r\n                            <p><span style=\"font-weight: 400;\">Eglutes svarbu laikyti kuo toliau nuo \u0161ilumos \u0161altini\u0173, u\u017etikrinti, kad medelio stove netr\u016bkt\u0173 vandens. Kaip eglut\u0119 pri\u017ei\u016br\u0117ti, kur j\u0105 laikyti bei visas kitas m\u016bs\u0173 rekomendacijas rasite <\/span><a href=\"https:\/\/silvertree.sk\/prieziura\/\"><span style=\"font-weight: 400;\">\u010dia<\/span><\/a><span style=\"font-weight: 400;\">.<\/span><\/p>\n                        <\/div>\r\n                    <\/li>\r\n\r\n                                    <li class=\"faqlister\">\r\n                        <h3>Kiek laiko medelis gali stov\u0117ti namuose bei i\u0161likti \u0161vie\u017eias?<\/h3>\r\n                        <div class=\"answer\">\r\n                            <p><span style=\"font-weight: 400;\">Pri\u017ei\u016brint eglutes pagal m\u016bs\u0173 rekomendacijas &#8211; k\u0117niai gali i\u0161likti \u0161vie\u017ei iki 3 savai\u010di\u0173, o lietuvi\u0161kos eglut\u0117s &#8211; iki 2 savai\u010di\u0173. Daugiau informacijos skaitykite <\/span><a href=\"https:\/\/silvertree.sk\/prieziura\/\"><span style=\"font-weight: 400;\">\u010dia<\/span><\/a><span style=\"font-weight: 400;\">.<\/span><\/p>\n                        <\/div>\r\n                    <\/li>\r\n\r\n                                    <li class=\"faqlister\">\r\n                        <h3>Ar galima k\u0117n\u012f laikyti stikliniame balkone ar terasoje?<\/h3>\r\n                        <div class=\"answer\">\r\n                            <p><span style=\"font-weight: 400;\">\u017dinoma! Medeliui ten geriausia temperat\u016bra. Tik laikydami eglut\u0119 lauke, \u012f stov\u0105 nepilkite vandens, nes jis u\u017e\u0161als ir sulau\u017eys stov\u0105.<\/span><\/p>\n                        <\/div>\r\n                    <\/li>\r\n\r\n                                    <li class=\"faqlister\">\r\n                        <h3>Kur eglut\u0117s keliauja po \u0161ven\u010di\u0173, kai jas paimate?<\/h3>\r\n                        <div class=\"answer\">\r\n                            <p><span style=\"font-weight: 400;\">Visas eglutes po \u0161ven\u010di\u0173 surenkame. <\/span><span style=\"font-weight: 400;\">Kirstus medelius ve\u017eame perdirbti tr\u0105\u0161ai ar biokurui. K\u0117nius, augintus vazonuose, atsodiname (galite medel\u012f pasilikti ir tai padaryti patys). Norint, kad medelis vazone i\u0161gyvent\u0173, skaitykite prie\u017ei\u016bros ir laikymo rekomendacijas <\/span><a href=\"https:\/\/silvertree.sk\/prieziura\/\"><span style=\"font-weight: 400;\">\u010dia<\/span><\/a><span style=\"font-weight: 400;\">.<\/span><\/p>\n                        <\/div>\r\n                    <\/li>\r\n\r\n                                    <li class=\"faqlister\">\r\n                        <h3>Kaip atsiskaityti u\u017e eglut\u0119 ar stov\u0105?<\/h3>\r\n                        <div class=\"answer\">\r\n                            <h2><span style=\"font-weight: 400;\">U\u017e visas m\u016bs\u0173 prekes galima atsiskaityti internetu u\u017esakymo metu, pristatymo metu grynaisiais pinigais arba pavedimu (\u012fmon\u0117ms).<\/span><\/h2>\n                        <\/div>\r\n                    <\/li>\r\n\r\n                                    <li class=\"faqlister\">\r\n                        <h3>Ar i\u0161ra\u0161ote s\u0105skait\u0105 fakt\u016br\u0105 \u012fmonei?<\/h3>\r\n                        <div class=\"answer\">\r\n                            <p><span style=\"font-weight: 400;\">Taip, s\u0105skait\u0105 fakt\u016br\u0105 i\u0161siun\u010diame u\u017esakyme nurodytu el. pa\u0161tu.<\/span><\/p>\n                        <\/div>\r\n                    <\/li>\r\n\r\n                                    <li class=\"faqlister\">\r\n                        <h3>Ar galima u\u017esisakyti eglut\u0119, jei gyvenu u\u017e Vilniaus\/Kauno\/Klaip\u0117dos miesto rib\u0173?<\/h3>\r\n                        <div class=\"answer\">\r\n                            <p><span style=\"font-weight: 400;\">M\u016bs\u0173 svetain\u0117s skiltyje \u201cPristatymo zonos\u201d arba paskutiniame u\u017esakymo \u017eingsnyje, galite pasitikrinti, ar J\u016bs\u0173 gyvenamuoju adresu pristatysime eglut\u0119 ir ar tai kainuos papildomai.<\/span><\/p>\n<p>&nbsp;<\/p>\n<p><span style=\"font-weight: 400;\">\u012evedus adres\u0105, \u017eem\u0117lapyje atsiras \u017eymeklis, kur\u012f gal\u0117site koreguoti rankiniu b\u016bdu, taip nurodydami tiksli\u0105 medelio pristatymo viet\u0105. Jeigu J\u016bs\u0173 gyvenamasis adresas nepriskirtas prie pirstatymo zon\u0173, ekrane i\u0161vysite u\u017era\u0161\u0105 \u201c<\/span><span style=\"font-weight: 400;\">\u201cAtsipra\u0161ome, J\u016bs\u0173 nurodytas adresas yra u\u017e pristatymo zonos rib\u0173. D\u0117l pristatymo \u012f kitus miestus susisiekite el. pa\u0161tu.\u201d<\/span><\/p>\n                        <\/div>\r\n                    <\/li>\r\n\r\n                                    <li class=\"faqlister\">\r\n                        <h3>Koks eglut\u0117s kamieno skersmuo? Koks eglut\u0117s apatinio vainiko skersmuo?<\/h3>\r\n                        <div class=\"answer\">\r\n                            <p><span style=\"font-weight: 400;\">Kamieno skersmuo priklauso nuo medelio auk\u0161\u010dio, ta\u010diau apytiksliai yra lygus 8-12 centimetr\u0173. Eglut\u0117s apatinio vainiko skersmuo yra lygus ma\u017edaug pusei medelio auk\u0161\u010dio.<\/span><\/p>\n                        <\/div>\r\n                    <\/li>\r\n\r\n                                    <li class=\"faqlister\">\r\n                        <h3>Ar galime u\u017esakyti eglut\u0119, jei gyvenu ne Vilniuje, Kaune, Klaip\u0117doje?<\/h3>\r\n                        <div class=\"answer\">\r\n                            <p><span style=\"font-weight: 400;\">Kituose Lietuvos miestuose eglutes pristatome per kurjerius partnerius. D\u0117l u\u017esakymo sususiekite su klient\u0173 aptarnavimo specialistais el. pa\u0161tu, telefonu arba Facebook platformoje.\u00a0<\/span><\/p>\n                        <\/div>\r\n                    <\/li>\r\n\r\n                            <\/ul>\r\n\r\n            <div class=\"readmorefaq-wrapper\">\r\n                <span class=\"readmorefaq btnsilverv1\">Daugiau klausimu<\/span>\r\n            <\/div>\r\n\r\n        <\/div>\r\n    <\/div>\r\n<\/section>\r\n\r\n\r\n\n","protected":false},"excerpt":{"rendered":"","protected":false},"author":1,"featured_media":0,"parent":0,"menu_order":0,"comment_status":"closed","ping_status":"closed","template":"","meta":{"_acf_changed":false,"inline_featured_image":false,"footnotes":""},"class_list":["post-283","page","type-page","status-publish","hentry"],"acf":[],"yoast_head":"<!-- This site is optimized with the Yoast SEO plugin v26.1.1 - https:\/\/yoast.com\/wordpress\/plugins\/seo\/ -->\n<title>D.U.K<\/title>\n<meta name=\"robots\" content=\"noindex, nofollow\" \/>\n<meta property=\"og:locale\" content=\"lt_LT\" \/>\n<meta property=\"og:type\" content=\"article\" \/>\n<meta property=\"og:title\" content=\"D.U.K\" \/>\n<meta property=\"og:url\" content=\"https:\/\/silvertree.sk\/lt\/d-u-k\/\" \/>\n<meta property=\"og:site_name\" content=\"silvertree.sk\" \/>\n<meta property=\"article:modified_time\" content=\"2025-10-06T18:59:39+00:00\" \/>\n<meta name=\"twitter:card\" content=\"summary_large_image\" \/>\n<meta name=\"twitter:label1\" content=\"Est. reading time\" \/>\n\t<meta name=\"twitter:data1\" content=\"1 minut\u0117\" \/>\n<script type=\"application\/ld+json\" class=\"yoast-schema-graph\">{\"@context\":\"https:\/\/schema.org\",\"@graph\":[{\"@type\":\"WebPage\",\"@id\":\"https:\/\/silvertree.sk\/lt\/d-u-k\/\",\"url\":\"https:\/\/silvertree.sk\/lt\/d-u-k\/\",\"name\":\"D.U.K\",\"isPartOf\":{\"@id\":\"https:\/\/silvertree.sk\/#website\"},\"datePublished\":\"2023-08-07T17:50:46+00:00\",\"dateModified\":\"2025-10-06T18:59:39+00:00\",\"breadcrumb\":{\"@id\":\"https:\/\/silvertree.sk\/lt\/d-u-k\/#breadcrumb\"},\"inLanguage\":\"lt-LT\",\"potentialAction\":[{\"@type\":\"ReadAction\",\"target\":[\"https:\/\/silvertree.sk\/lt\/d-u-k\/\"]}]},{\"@type\":\"BreadcrumbList\",\"@id\":\"https:\/\/silvertree.sk\/lt\/d-u-k\/#breadcrumb\",\"itemListElement\":[{\"@type\":\"ListItem\",\"position\":1,\"name\":\"Home\",\"item\":\"https:\/\/silvertree.sk\/lt\/\"},{\"@type\":\"ListItem\",\"position\":2,\"name\":\"D.U.K\"}]},{\"@type\":\"WebSite\",\"@id\":\"https:\/\/silvertree.sk\/#website\",\"url\":\"https:\/\/silvertree.sk\/\",\"name\":\"silvertree.sk\",\"description\":\"Jaukiausioms 2023m. \u0161vent\u0117ms si\u016blome \u012fsigyti Premium kokyb\u0117s K\u0117n\u012f\u2611\ufe0farba gyv\u0105 lietuvi\u0161k\u0105 eglut\u0119\u2611\ufe0finternetu i\u0161\u23e9silvertree.sk. Pristatysime ir i\u0161ve\u0161ime NEMOKAMAI pas mus pirktas eglutes. Mes parduodame tik tikras Kal\u0117dines egles u\u017eaugintas ir nukirstas \u016bkiuose!\",\"potentialAction\":[{\"@type\":\"SearchAction\",\"target\":{\"@type\":\"EntryPoint\",\"urlTemplate\":\"https:\/\/silvertree.sk\/?s={search_term_string}\"},\"query-input\":{\"@type\":\"PropertyValueSpecification\",\"valueRequired\":true,\"valueName\":\"search_term_string\"}}],\"inLanguage\":\"lt-LT\"}]}<\/script>\n<!-- \/ Yoast SEO plugin. -->","yoast_head_json":{"title":"D.U.K","robots":{"index":"noindex","follow":"nofollow"},"og_locale":"lt_LT","og_type":"article","og_title":"D.U.K","og_url":"https:\/\/silvertree.sk\/lt\/d-u-k\/","og_site_name":"silvertree.sk","article_modified_time":"2025-10-06T18:59:39+00:00","twitter_card":"summary_large_image","twitter_misc":{"Est. reading time":"1 minut\u0117"},"schema":{"@context":"https:\/\/schema.org","@graph":[{"@type":"WebPage","@id":"https:\/\/silvertree.sk\/lt\/d-u-k\/","url":"https:\/\/silvertree.sk\/lt\/d-u-k\/","name":"D.U.K","isPartOf":{"@id":"https:\/\/silvertree.sk\/#website"},"datePublished":"2023-08-07T17:50:46+00:00","dateModified":"2025-10-06T18:59:39+00:00","breadcrumb":{"@id":"https:\/\/silvertree.sk\/lt\/d-u-k\/#breadcrumb"},"inLanguage":"lt-LT","potentialAction":[{"@type":"ReadAction","target":["https:\/\/silvertree.sk\/lt\/d-u-k\/"]}]},{"@type":"BreadcrumbList","@id":"https:\/\/silvertree.sk\/lt\/d-u-k\/#breadcrumb","itemListElement":[{"@type":"ListItem","position":1,"name":"Home","item":"https:\/\/silvertree.sk\/lt\/"},{"@type":"ListItem","position":2,"name":"D.U.K"}]},{"@type":"WebSite","@id":"https:\/\/silvertree.sk\/#website","url":"https:\/\/silvertree.sk\/","name":"silvertree.sk","description":"Jaukiausioms 2023m. \u0161vent\u0117ms si\u016blome \u012fsigyti Premium kokyb\u0117s K\u0117n\u012f\u2611\ufe0farba gyv\u0105 lietuvi\u0161k\u0105 eglut\u0119\u2611\ufe0finternetu i\u0161\u23e9silvertree.sk. Pristatysime ir i\u0161ve\u0161ime NEMOKAMAI pas mus pirktas eglutes. Mes parduodame tik tikras Kal\u0117dines egles u\u017eaugintas ir nukirstas \u016bkiuose!","potentialAction":[{"@type":"SearchAction","target":{"@type":"EntryPoint","urlTemplate":"https:\/\/silvertree.sk\/?s={search_term_string}"},"query-input":{"@type":"PropertyValueSpecification","valueRequired":true,"valueName":"search_term_string"}}],"inLanguage":"lt-LT"}]}},"_links":{"self":[{"href":"https:\/\/silvertree.sk\/lt\/wp-json\/wp\/v2\/pages\/283","targetHints":{"allow":["GET"]}}],"collection":[{"href":"https:\/\/silvertree.sk\/lt\/wp-json\/wp\/v2\/pages"}],"about":[{"href":"https:\/\/silvertree.sk\/lt\/wp-json\/wp\/v2\/types\/page"}],"author":[{"embeddable":true,"href":"https:\/\/silvertree.sk\/lt\/wp-json\/wp\/v2\/users\/1"}],"replies":[{"embeddable":true,"href":"https:\/\/silvertree.sk\/lt\/wp-json\/wp\/v2\/comments?post=283"}],"version-history":[{"count":2,"href":"https:\/\/silvertree.sk\/lt\/wp-json\/wp\/v2\/pages\/283\/revisions"}],"predecessor-version":[{"id":313,"href":"https:\/\/silvertree.sk\/lt\/wp-json\/wp\/v2\/pages\/283\/revisions\/313"}],"wp:attachment":[{"href":"https:\/\/silvertree.sk\/lt\/wp-json\/wp\/v2\/media?parent=283"}],"curies":[{"name":"wp","href":"https:\/\/api.w.org\/{rel}","templated":true}]}}