

{"id":279,"date":"2023-08-07T17:49:51","date_gmt":"2023-08-07T17:49:51","guid":{"rendered":"https:\/\/silvertree.sk\/?page_id=279"},"modified":"2025-10-06T19:00:18","modified_gmt":"2025-10-06T19:00:18","slug":"kontaktai","status":"publish","type":"page","link":"https:\/\/silvertree.sk\/lt\/kontaktai\/","title":{"rendered":"Kontaktai"},"content":{"rendered":"\r\n<section id=\"contact-us-block_9f43558e3660a81c908d95c57f8bf06d\" class=\"contact-us web-section\">\r\n\t<div class=\"container\">\r\n\t  <div class=\"contact-us-in\">\r\n          <h1 class=\"sectionheading\">Kontaktin\u0117 informacija<\/h1>\r\n          <div class=\"contact-us-column-wrapper rte\">\r\n              <div class=\"contact-us-column contact-us-column-1\">\r\n                  <p><strong>silvertree.sk klient\u0173 aptarnavimo<\/strong><\/p>\n<p>Da\u017eniausiai u\u017eduodamus klausimus rasite\u00a0<a href=\"\/d-u-k\/\">\u010dia<\/a><\/p>\n<p>Neradote jums reikiamo atsakymo\u00a0<a href=\"\/d-u-k\/\">DUK<\/a>? Susisiekite<\/p>\n<p><span class=\"txt1 p-b-20\">El. pa\u0161tu:\u00a0<\/span><span class=\"txt3\"><a href=\"mailto:info@silvertree.sk\">info@silvertree.sk<\/a><\/span><\/p>\n<p>Telefonu: +37063020555<\/p>\n              <\/div>\r\n              <div class=\"contact-us-column contact-us-column-2\">\r\n                  <p><strong>Rekvizitai:<\/strong><br \/>\nKal\u0117d\u0173 d\u017eiaugsmas, MB (Direktorius Mantas Pupelis)<\/p>\n<p>306437141<\/p>\n<p>Sask. nr.: LT507300010181348222<\/p>\n<p>info@silvertree.sk<\/p>\n              <\/div>\r\n          <\/div>\r\n\t  <\/div>\r\n\t<\/div>\r\n<\/section>\r\n","protected":false},"excerpt":{"rendered":"","protected":false},"author":1,"featured_media":0,"parent":0,"menu_order":0,"comment_status":"closed","ping_status":"closed","template":"","meta":{"_acf_changed":false,"inline_featured_image":false,"footnotes":""},"class_list":["post-279","page","type-page","status-publish","hentry"],"acf":[],"yoast_head":"<!-- This site is optimized with the Yoast SEO plugin v26.1.1 - https:\/\/yoast.com\/wordpress\/plugins\/seo\/ -->\n<title>Kontaktai - silvertree.sk<\/title>\n<meta name=\"robots\" content=\"noindex, nofollow\" \/>\n<meta property=\"og:locale\" content=\"lt_LT\" \/>\n<meta property=\"og:type\" content=\"article\" \/>\n<meta property=\"og:title\" content=\"Kontaktai - silvertree.sk\" \/>\n<meta property=\"og:url\" content=\"https:\/\/silvertree.sk\/lt\/kontaktai\/\" \/>\n<meta property=\"og:site_name\" content=\"silvertree.sk\" \/>\n<meta property=\"article:modified_time\" content=\"2025-10-06T19:00:18+00:00\" \/>\n<meta name=\"twitter:card\" content=\"summary_large_image\" \/>\n<script type=\"application\/ld+json\" class=\"yoast-schema-graph\">{\"@context\":\"https:\/\/schema.org\",\"@graph\":[{\"@type\":\"WebPage\",\"@id\":\"https:\/\/silvertree.sk\/lt\/kontaktai\/\",\"url\":\"https:\/\/silvertree.sk\/lt\/kontaktai\/\",\"name\":\"Kontaktai - silvertree.sk\",\"isPartOf\":{\"@id\":\"https:\/\/silvertree.sk\/#website\"},\"datePublished\":\"2023-08-07T17:49:51+00:00\",\"dateModified\":\"2025-10-06T19:00:18+00:00\",\"breadcrumb\":{\"@id\":\"https:\/\/silvertree.sk\/lt\/kontaktai\/#breadcrumb\"},\"inLanguage\":\"lt-LT\",\"potentialAction\":[{\"@type\":\"ReadAction\",\"target\":[\"https:\/\/silvertree.sk\/lt\/kontaktai\/\"]}]},{\"@type\":\"BreadcrumbList\",\"@id\":\"https:\/\/silvertree.sk\/lt\/kontaktai\/#breadcrumb\",\"itemListElement\":[{\"@type\":\"ListItem\",\"position\":1,\"name\":\"Home\",\"item\":\"https:\/\/silvertree.sk\/lt\/\"},{\"@type\":\"ListItem\",\"position\":2,\"name\":\"Kontaktai\"}]},{\"@type\":\"WebSite\",\"@id\":\"https:\/\/silvertree.sk\/#website\",\"url\":\"https:\/\/silvertree.sk\/\",\"name\":\"silvertree.sk\",\"description\":\"Jaukiausioms 2023m. \u0161vent\u0117ms si\u016blome \u012fsigyti Premium kokyb\u0117s K\u0117n\u012f\u2611\ufe0farba gyv\u0105 lietuvi\u0161k\u0105 eglut\u0119\u2611\ufe0finternetu i\u0161\u23e9silvertree.sk. Pristatysime ir i\u0161ve\u0161ime NEMOKAMAI pas mus pirktas eglutes. Mes parduodame tik tikras Kal\u0117dines egles u\u017eaugintas ir nukirstas \u016bkiuose!\",\"potentialAction\":[{\"@type\":\"SearchAction\",\"target\":{\"@type\":\"EntryPoint\",\"urlTemplate\":\"https:\/\/silvertree.sk\/?s={search_term_string}\"},\"query-input\":{\"@type\":\"PropertyValueSpecification\",\"valueRequired\":true,\"valueName\":\"search_term_string\"}}],\"inLanguage\":\"lt-LT\"}]}<\/script>\n<!-- \/ Yoast SEO plugin. -->","yoast_head_json":{"title":"Kontaktai - silvertree.sk","robots":{"index":"noindex","follow":"nofollow"},"og_locale":"lt_LT","og_type":"article","og_title":"Kontaktai - silvertree.sk","og_url":"https:\/\/silvertree.sk\/lt\/kontaktai\/","og_site_name":"silvertree.sk","article_modified_time":"2025-10-06T19:00:18+00:00","twitter_card":"summary_large_image","schema":{"@context":"https:\/\/schema.org","@graph":[{"@type":"WebPage","@id":"https:\/\/silvertree.sk\/lt\/kontaktai\/","url":"https:\/\/silvertree.sk\/lt\/kontaktai\/","name":"Kontaktai - silvertree.sk","isPartOf":{"@id":"https:\/\/silvertree.sk\/#website"},"datePublished":"2023-08-07T17:49:51+00:00","dateModified":"2025-10-06T19:00:18+00:00","breadcrumb":{"@id":"https:\/\/silvertree.sk\/lt\/kontaktai\/#breadcrumb"},"inLanguage":"lt-LT","potentialAction":[{"@type":"ReadAction","target":["https:\/\/silvertree.sk\/lt\/kontaktai\/"]}]},{"@type":"BreadcrumbList","@id":"https:\/\/silvertree.sk\/lt\/kontaktai\/#breadcrumb","itemListElement":[{"@type":"ListItem","position":1,"name":"Home","item":"https:\/\/silvertree.sk\/lt\/"},{"@type":"ListItem","position":2,"name":"Kontaktai"}]},{"@type":"WebSite","@id":"https:\/\/silvertree.sk\/#website","url":"https:\/\/silvertree.sk\/","name":"silvertree.sk","description":"Jaukiausioms 2023m. \u0161vent\u0117ms si\u016blome \u012fsigyti Premium kokyb\u0117s K\u0117n\u012f\u2611\ufe0farba gyv\u0105 lietuvi\u0161k\u0105 eglut\u0119\u2611\ufe0finternetu i\u0161\u23e9silvertree.sk. Pristatysime ir i\u0161ve\u0161ime NEMOKAMAI pas mus pirktas eglutes. Mes parduodame tik tikras Kal\u0117dines egles u\u017eaugintas ir nukirstas \u016bkiuose!","potentialAction":[{"@type":"SearchAction","target":{"@type":"EntryPoint","urlTemplate":"https:\/\/silvertree.sk\/?s={search_term_string}"},"query-input":{"@type":"PropertyValueSpecification","valueRequired":true,"valueName":"search_term_string"}}],"inLanguage":"lt-LT"}]}},"_links":{"self":[{"href":"https:\/\/silvertree.sk\/lt\/wp-json\/wp\/v2\/pages\/279","targetHints":{"allow":["GET"]}}],"collection":[{"href":"https:\/\/silvertree.sk\/lt\/wp-json\/wp\/v2\/pages"}],"about":[{"href":"https:\/\/silvertree.sk\/lt\/wp-json\/wp\/v2\/types\/page"}],"author":[{"embeddable":true,"href":"https:\/\/silvertree.sk\/lt\/wp-json\/wp\/v2\/users\/1"}],"replies":[{"embeddable":true,"href":"https:\/\/silvertree.sk\/lt\/wp-json\/wp\/v2\/comments?post=279"}],"version-history":[{"count":9,"href":"https:\/\/silvertree.sk\/lt\/wp-json\/wp\/v2\/pages\/279\/revisions"}],"predecessor-version":[{"id":5558,"href":"https:\/\/silvertree.sk\/lt\/wp-json\/wp\/v2\/pages\/279\/revisions\/5558"}],"wp:attachment":[{"href":"https:\/\/silvertree.sk\/lt\/wp-json\/wp\/v2\/media?parent=279"}],"curies":[{"name":"wp","href":"https:\/\/api.w.org\/{rel}","templated":true}]}}