

{"id":276,"date":"2023-08-07T17:49:15","date_gmt":"2023-08-07T17:49:15","guid":{"rendered":"https:\/\/silvertree.sk\/?page_id=276"},"modified":"2025-10-06T18:59:57","modified_gmt":"2025-10-06T18:59:57","slug":"eglutes-prieziura","status":"publish","type":"page","link":"https:\/\/silvertree.sk\/lt\/eglutes-prieziura\/","title":{"rendered":"Eglut\u0117s prie\u017ei\u016bra"},"content":{"rendered":"\n<p>Kal\u0117din\u0117s eglut\u0117s Vilniuje, Kaune ir Klaip\u0117doje<\/p>\n\n\n\n<p><a href=\"https:\/\/www.silvertree.sk\/\">Kal\u0117din\u0117 eglut\u0117<\/a> \u2013 svarbiausias atributas \u0161ventiniu laikotarpiu. Puo\u0161mena u\u017epildanti namus jaukumu, laukimu ir \u0161iluma. Tod\u0117l Silvertree komanda nori pasidalinti keliais patarimais, kurie pad\u0117s tinkamai pri\u017ei\u016br\u0117ti Kal\u0117d\u0173 egl\u0119 ir i\u0161vengti netik\u0117t\u0173 siurpriz\u0173, toki\u0173 kaip: spygli\u0173 nubyr\u0117jimas bei eglut\u0117s nud\u017ei\u016bvimas.<\/p>\n\n\n\n<h4 class=\"wp-block-heading\">Kiek laiko gyvuoja eglut\u0117s<\/h4>\n\n\n\n<p><\/p>\n\n\n\n<p><\/p>\n\n\n\n<p><\/p>\n\n\n\n<p>Vis\u0173 pirma, turime suprasti, kad eglut\u0117s \u2013 gyvas medis, tod\u0117l laikui b\u0117gant ima vysti.<\/p>\n\n\n\n<p>Vadinamieji dani\u0161ki k\u0117niai (lot. Nordman Fir) kambario temperat\u016bros patalpoje pradeda vysti jau pirm\u0105 savait\u0119. Da\u017eniausiai dani\u0161ki k\u0117niai nemeta spygli\u0173, tad nors ir d\u017ei\u016bna, jie gali puo\u0161ti ir d\u017eiuginti J\u016bs\u0173 namus. \u0160ios r\u016b\u0161ies eglut\u0117s kambario temperat\u016broje gali i\u0161likti \u017ealios <strong>iki 3 savai\u010di\u0173,<\/strong> priklausomai nuo patalpos temperat\u016bros ir dr\u0117gm\u0117s.<\/p>\n\n\n\n<p>Tradicin\u0117s lietuvi\u0161kos egl\u0117s (lot. Picea Abis) yra linkusios mesti spyglius \u2013 gali prad\u0117ti byr\u0117ti jau pirm\u0105 dien\u0105, po \u012fne\u0161imo \u012f J\u016bs\u0173 namus. Kambario temperat\u016broje tradiciniai medeliai laiko spyglius <strong>iki 2 savai\u010di\u0173<\/strong> priklausomai nuo patalpos temperat\u016bros ir dr\u0117gm\u0117s.<\/p>\n\n\n\n<p>Kadangi dirbame pagal i\u0161ankstines kal\u0117dini\u0173 medeli\u0173 rezervacijas, eglut\u0119 rezervuoti rekomenduojame kuo anks\u010diau &#8211; net jei ne\u017einote, kada tiksliai nor\u0117site j\u0105 gauti. Pristatymo dat\u0105 ir laik\u0105 visada galite keisti.Kadangi dirbame pagal i\u0161ankstines kal\u0117dini\u0173 medeli\u0173 rezervacijas, eglut\u0119 rezervuoti rekomenduojame kuo anks\u010diau &#8211; net jei ne\u017einote, kada tiksliai nor\u0117site j\u0105 gauti. Pristatymo dat\u0105 ir laik\u0105 visada galite keisti.<\/p>\n\n\n\n<p>Kiekvienais metais savo eglutes i\u0161parduodame vis anks\u010diau. Tod\u0117l nevert\u0117t\u0173 delsti iki paskutin\u0117s minut\u0117s, kad v\u0117liau paskubomis netekt\u0173 ie\u0161koti bent vidutini\u0161kos i\u0161vaizdos egl\u0117s prekybos centruose.<\/p>\n\n\n\n<p>Taupykime J\u016bs\u0173 brang\u0173 laik\u0105 kartu!<\/p>\n\n\n\n<h4 class=\"wp-block-heading\">Kada puo\u0161ti eglut\u0119<\/h4>\n\n\n\n<p><\/p>\n\n\n\n<p>Kiekvienais metais ry\u0161k\u0117ja tendencija kuo anks\u010diau puo\u0161tis Kal\u0117doms.<\/p>\n\n\n\n<p>Norint, kad \u0161ventiniai medeliai i\u0161laikyt\u0173 tenkinan\u010di\u0105 i\u0161vaizd\u0105 ir \u201e\u0161vie\u017eum\u0105\u201c ne tik iki Kal\u0117d\u0173, bet ir Nauj\u0173j\u0173 met\u0173, rekomenduojame:<\/p>\n\n\n\n<ul class=\"wp-block-list\">\n<li>K\u0117nius puo\u0161ti ne anks\u010diau kaip gruod\u017eio 15 dien\u0105;<\/li>\n\n\n\n<li>Lietuvi\u0161kas tradicines egles dar v\u0117liau \u2013 nuo gruod\u017eio 20 dienos.&nbsp;<\/li>\n<\/ul>\n\n\n\n<p>Ta\u010diau, jei norite pagrindiniu \u0161ventiniu atributu d\u017eiaugtis ilgesn\u012f laikotarp\u012f, galite medelius laikyti balkone ar terasoje. Eglutes lauke galima laikyti tiek supakuotas, tiek i\u0161skleistas ir papuo\u0161tas. Esant v\u0117siai temperat\u016brai, medeliai i\u0161lieka \u017eiemos miego b\u016bsenoje, tod\u0117l savo pirmin\u0119 i\u0161vaizd\u0105 gali i\u0161laikyti net iki 3 m\u0117nesi\u0173!<\/p>\n\n\n\n<p>O jeigu visgi norite tobula \u017ealiaskare d\u017eiaugtis ilgesn\u012f laik\u0105 viduje, kambario temperat\u016broje &#8211; tokiu atveju rekomenduojame rezervuoti 2 medelius su skirtingomis pristatymo datomis. Pirm\u0105j\u0105 eglut\u0119 i\u0161ve\u0161ime pristatydami antr\u0105j\u0105, o pastar\u0105j\u0105 &#8211; pasirinkta i\u0161ve\u017eimo tvarka.<\/p>\n\n\n\n<h4 class=\"wp-block-heading\">Eglut\u0117s prie\u017ei\u016bra<\/h4>\n\n\n\n<p><\/p>\n\n\n\n<p>Tiek k\u0117niai, tiek lietuvi\u0161kos egl\u0117s kambario temperat\u016broje \u201cpabunda\u201d i\u0161 \u017eiemos miego. Tod\u0117l svarbu juos laikyti kuo toliau nuo \u0161ilumos \u0161altini\u0173:<\/p>\n\n\n\n<ul class=\"wp-block-list\">\n<li>Radiatori\u0173;<\/li>\n\n\n\n<li>\u017didinio;<\/li>\n\n\n\n<li>\u0160ildom\u0173 grind\u0173 (po stovu patieskite paklot\u0105 arba pakelkite ant pakylos).<\/li>\n<\/ul>\n\n\n\n<p>Kuo auk\u0161tesn\u0117 temperat\u016bra patalpoje, medeliai tuo grei\u010diau i\u0161saus\u0117ja. Norint, kad eglut\u0117s kuo ilgiau i\u0161likt\u0173 \u0161vie\u017eios, vert\u0117t\u0173 pama\u017einti \u012fprast\u0105 kambario temperat\u016br\u0105 bent iki 20 laipsni\u0173.&nbsp;<\/p>\n\n\n\n<p>Taip pat, labai svarbu nuolat dr\u0117kinti eglutes.<\/p>\n\n\n\n<p>Priklausomai nuo dyd\u017eio ir stov\u0117jimo vietos (patalpos), jos gali pasisavinti iki 1-2 litr\u0173 vandens per par\u0105. Tod\u0117l kirstiems medeliams reikalingas stovas su vandens talpa.<\/p>\n\n\n\n<p>M\u016bs\u0173 internetin\u0117je parduotuv\u0117je galite \u012fsigyti <a href=\"https:\/\/silvertree.sk\/produktas\/eglutes-stovas\/\"><strong>special\u0173 ilgaam\u017e\u012f stov\u0105,<\/strong><\/a><strong> <\/strong>kuris Jums pad\u0117s i\u0161spr\u0119sti egl\u0117s pastatymo ir dr\u0117kinimo klausimus.<\/p>\n\n\n\n<p>Pasitaiko, kad d\u0117l \u012fvairi\u0173 prie\u017eas\u010di\u0173 eglut\u0117 vandens negeria, d\u0117l to sunerimti tikrai neverta. Kadangi k\u0117niai yra auginami dr\u0117gname j\u016briniame klimate, jie vanden\u012f \u012fsisavina ir per spyglius. D\u0117l \u0161ios prie\u017easties, rekomenduojame naudoti vandens purk\u0161tuk\u0105, ir reguliariai dr\u0117kinti medelio spyglius. Tai daryti reik\u0117t\u0173 1-2 kartus per dien\u0105.<\/p>\n\n\n\n<h4 class=\"wp-block-heading\">Eglut\u0117s vazone prie\u017ei\u016bra ir laikymas<\/h4>\n\n\n\n<p><\/p>\n\n\n\n<p>Visos m\u016bs\u0173 parduodamos vazonin\u0117s eglut\u0117s yra u\u017eaugintos vazonuose. Tai rei\u0161kia, kad jos nebuvo i\u0161rautos ar nukirstos ir tiesiog \u012fstatytos \u012f vazonus (tokie medeliai niekada neprigyja).&nbsp;<\/p>\n\n\n\n<p>Eglu\u010di\u0173 su \u0161aknimis prie\u017ei\u016bra ir laikymo rekomendacijos beveik nesiskiria nuo kirst\u0173 medeli\u0173, t.y. svarbu laistyti, purk\u0161ti spyglius vandeniu ir nelaikyti arti \u0161ilumos \u0161altini\u0173. Papildomai galima ant vazone esan\u010di\u0173 \u017eemi\u0173 u\u017ed\u0117ti ledo kubeli\u0173 &#8211; taip atv\u0117sinsite eglut\u0119 ir sul\u0117tinsite jos vytimo proces\u0105.<\/p>\n\n\n\n<p>Nor\u0117dami s\u0117kmingai pavasar\u012f atsodinti eglutes &#8211; k\u0117nius su \u0161aknimis &#8211; nereik\u0117t\u0173 j\u0173 per ilgai laikyti kambario temperat\u016broje.Palaikius medel\u012f penkias dienas namuose, reikia j\u012f i\u0161ne\u0161ti \u012f balkon\u0105 ar \u012f lauk\u0105. Esant poreikiui, po savait\u0117s v\u0117l galima eglut\u0119 \u012fne\u0161ti \u012f vid\u0173. Ta\u010diau itin svarbu nevir\u0161yti <strong>5 dien\u0173 termino <\/strong>laikant eglutes vazonuose kambario temperat\u016broje.<\/p>\n","protected":false},"excerpt":{"rendered":"<p>Kal\u0117din\u0117s eglut\u0117s Vilniuje, Kaune ir Klaip\u0117doje Kal\u0117din\u0117 eglut\u0117 \u2013 svarbiausias atributas \u0161ventiniu laikotarpiu. Puo\u0161mena u\u017epildanti namus jaukumu, laukimu ir \u0161iluma. Tod\u0117l Silvertree komanda nori pasidalinti keliais patarimais, kurie pad\u0117s tinkamai pri\u017ei\u016br\u0117ti Kal\u0117d\u0173 egl\u0119 ir i\u0161vengti netik\u0117t\u0173 siurpriz\u0173, toki\u0173 kaip: spygli\u0173 nubyr\u0117jimas bei eglut\u0117s nud\u017ei\u016bvimas. Kiek laiko gyvuoja eglut\u0117s Vis\u0173 pirma, turime suprasti, kad eglut\u0117s \u2013 [&hellip;]<\/p>\n","protected":false},"author":1,"featured_media":0,"parent":0,"menu_order":0,"comment_status":"closed","ping_status":"closed","template":"page-simple.php","meta":{"_acf_changed":false,"inline_featured_image":false,"footnotes":""},"class_list":["post-276","page","type-page","status-publish","hentry"],"acf":[],"yoast_head":"<!-- This site is optimized with the Yoast SEO plugin v26.1.1 - https:\/\/yoast.com\/wordpress\/plugins\/seo\/ -->\n<title>Eglut\u0117s prie\u017ei\u016bra<\/title>\n<meta name=\"robots\" content=\"noindex, nofollow\" \/>\n<meta property=\"og:locale\" content=\"lt_LT\" \/>\n<meta property=\"og:type\" content=\"article\" \/>\n<meta property=\"og:title\" content=\"Eglut\u0117s prie\u017ei\u016bra\" \/>\n<meta property=\"og:description\" content=\"Kal\u0117din\u0117s eglut\u0117s Vilniuje, Kaune ir Klaip\u0117doje Kal\u0117din\u0117 eglut\u0117 \u2013 svarbiausias atributas \u0161ventiniu laikotarpiu. Puo\u0161mena u\u017epildanti namus jaukumu, laukimu ir \u0161iluma. Tod\u0117l Silvertree komanda nori pasidalinti keliais patarimais, kurie pad\u0117s tinkamai pri\u017ei\u016br\u0117ti Kal\u0117d\u0173 egl\u0119 ir i\u0161vengti netik\u0117t\u0173 siurpriz\u0173, toki\u0173 kaip: spygli\u0173 nubyr\u0117jimas bei eglut\u0117s nud\u017ei\u016bvimas. Kiek laiko gyvuoja eglut\u0117s Vis\u0173 pirma, turime suprasti, kad eglut\u0117s \u2013 [&hellip;]\" \/>\n<meta property=\"og:url\" content=\"https:\/\/silvertree.sk\/lt\/eglutes-prieziura\/\" \/>\n<meta property=\"og:site_name\" content=\"silvertree.sk\" \/>\n<meta property=\"article:modified_time\" content=\"2025-10-06T18:59:57+00:00\" \/>\n<meta name=\"twitter:card\" content=\"summary_large_image\" \/>\n<meta name=\"twitter:label1\" content=\"Est. reading time\" \/>\n\t<meta name=\"twitter:data1\" content=\"4 minut\u0117s\" \/>\n<script type=\"application\/ld+json\" class=\"yoast-schema-graph\">{\"@context\":\"https:\/\/schema.org\",\"@graph\":[{\"@type\":\"WebPage\",\"@id\":\"https:\/\/silvertree.sk\/lt\/eglutes-prieziura\/\",\"url\":\"https:\/\/silvertree.sk\/lt\/eglutes-prieziura\/\",\"name\":\"Eglut\u0117s prie\u017ei\u016bra\",\"isPartOf\":{\"@id\":\"https:\/\/silvertree.sk\/#website\"},\"datePublished\":\"2023-08-07T17:49:15+00:00\",\"dateModified\":\"2025-10-06T18:59:57+00:00\",\"breadcrumb\":{\"@id\":\"https:\/\/silvertree.sk\/lt\/eglutes-prieziura\/#breadcrumb\"},\"inLanguage\":\"lt-LT\",\"potentialAction\":[{\"@type\":\"ReadAction\",\"target\":[\"https:\/\/silvertree.sk\/lt\/eglutes-prieziura\/\"]}]},{\"@type\":\"BreadcrumbList\",\"@id\":\"https:\/\/silvertree.sk\/lt\/eglutes-prieziura\/#breadcrumb\",\"itemListElement\":[{\"@type\":\"ListItem\",\"position\":1,\"name\":\"Home\",\"item\":\"https:\/\/silvertree.sk\/lt\/\"},{\"@type\":\"ListItem\",\"position\":2,\"name\":\"Eglut\u0117s prie\u017ei\u016bra\"}]},{\"@type\":\"WebSite\",\"@id\":\"https:\/\/silvertree.sk\/#website\",\"url\":\"https:\/\/silvertree.sk\/\",\"name\":\"silvertree.sk\",\"description\":\"Jaukiausioms 2023m. \u0161vent\u0117ms si\u016blome \u012fsigyti Premium kokyb\u0117s K\u0117n\u012f\u2611\ufe0farba gyv\u0105 lietuvi\u0161k\u0105 eglut\u0119\u2611\ufe0finternetu i\u0161\u23e9silvertree.sk. Pristatysime ir i\u0161ve\u0161ime NEMOKAMAI pas mus pirktas eglutes. Mes parduodame tik tikras Kal\u0117dines egles u\u017eaugintas ir nukirstas \u016bkiuose!\",\"potentialAction\":[{\"@type\":\"SearchAction\",\"target\":{\"@type\":\"EntryPoint\",\"urlTemplate\":\"https:\/\/silvertree.sk\/?s={search_term_string}\"},\"query-input\":{\"@type\":\"PropertyValueSpecification\",\"valueRequired\":true,\"valueName\":\"search_term_string\"}}],\"inLanguage\":\"lt-LT\"}]}<\/script>\n<!-- \/ Yoast SEO plugin. -->","yoast_head_json":{"title":"Eglut\u0117s prie\u017ei\u016bra","robots":{"index":"noindex","follow":"nofollow"},"og_locale":"lt_LT","og_type":"article","og_title":"Eglut\u0117s prie\u017ei\u016bra","og_description":"Kal\u0117din\u0117s eglut\u0117s Vilniuje, Kaune ir Klaip\u0117doje Kal\u0117din\u0117 eglut\u0117 \u2013 svarbiausias atributas \u0161ventiniu laikotarpiu. Puo\u0161mena u\u017epildanti namus jaukumu, laukimu ir \u0161iluma. Tod\u0117l Silvertree komanda nori pasidalinti keliais patarimais, kurie pad\u0117s tinkamai pri\u017ei\u016br\u0117ti Kal\u0117d\u0173 egl\u0119 ir i\u0161vengti netik\u0117t\u0173 siurpriz\u0173, toki\u0173 kaip: spygli\u0173 nubyr\u0117jimas bei eglut\u0117s nud\u017ei\u016bvimas. Kiek laiko gyvuoja eglut\u0117s Vis\u0173 pirma, turime suprasti, kad eglut\u0117s \u2013 [&hellip;]","og_url":"https:\/\/silvertree.sk\/lt\/eglutes-prieziura\/","og_site_name":"silvertree.sk","article_modified_time":"2025-10-06T18:59:57+00:00","twitter_card":"summary_large_image","twitter_misc":{"Est. reading time":"4 minut\u0117s"},"schema":{"@context":"https:\/\/schema.org","@graph":[{"@type":"WebPage","@id":"https:\/\/silvertree.sk\/lt\/eglutes-prieziura\/","url":"https:\/\/silvertree.sk\/lt\/eglutes-prieziura\/","name":"Eglut\u0117s prie\u017ei\u016bra","isPartOf":{"@id":"https:\/\/silvertree.sk\/#website"},"datePublished":"2023-08-07T17:49:15+00:00","dateModified":"2025-10-06T18:59:57+00:00","breadcrumb":{"@id":"https:\/\/silvertree.sk\/lt\/eglutes-prieziura\/#breadcrumb"},"inLanguage":"lt-LT","potentialAction":[{"@type":"ReadAction","target":["https:\/\/silvertree.sk\/lt\/eglutes-prieziura\/"]}]},{"@type":"BreadcrumbList","@id":"https:\/\/silvertree.sk\/lt\/eglutes-prieziura\/#breadcrumb","itemListElement":[{"@type":"ListItem","position":1,"name":"Home","item":"https:\/\/silvertree.sk\/lt\/"},{"@type":"ListItem","position":2,"name":"Eglut\u0117s prie\u017ei\u016bra"}]},{"@type":"WebSite","@id":"https:\/\/silvertree.sk\/#website","url":"https:\/\/silvertree.sk\/","name":"silvertree.sk","description":"Jaukiausioms 2023m. \u0161vent\u0117ms si\u016blome \u012fsigyti Premium kokyb\u0117s K\u0117n\u012f\u2611\ufe0farba gyv\u0105 lietuvi\u0161k\u0105 eglut\u0119\u2611\ufe0finternetu i\u0161\u23e9silvertree.sk. Pristatysime ir i\u0161ve\u0161ime NEMOKAMAI pas mus pirktas eglutes. Mes parduodame tik tikras Kal\u0117dines egles u\u017eaugintas ir nukirstas \u016bkiuose!","potentialAction":[{"@type":"SearchAction","target":{"@type":"EntryPoint","urlTemplate":"https:\/\/silvertree.sk\/?s={search_term_string}"},"query-input":{"@type":"PropertyValueSpecification","valueRequired":true,"valueName":"search_term_string"}}],"inLanguage":"lt-LT"}]}},"_links":{"self":[{"href":"https:\/\/silvertree.sk\/lt\/wp-json\/wp\/v2\/pages\/276","targetHints":{"allow":["GET"]}}],"collection":[{"href":"https:\/\/silvertree.sk\/lt\/wp-json\/wp\/v2\/pages"}],"about":[{"href":"https:\/\/silvertree.sk\/lt\/wp-json\/wp\/v2\/types\/page"}],"author":[{"embeddable":true,"href":"https:\/\/silvertree.sk\/lt\/wp-json\/wp\/v2\/users\/1"}],"replies":[{"embeddable":true,"href":"https:\/\/silvertree.sk\/lt\/wp-json\/wp\/v2\/comments?post=276"}],"version-history":[{"count":16,"href":"https:\/\/silvertree.sk\/lt\/wp-json\/wp\/v2\/pages\/276\/revisions"}],"predecessor-version":[{"id":5557,"href":"https:\/\/silvertree.sk\/lt\/wp-json\/wp\/v2\/pages\/276\/revisions\/5557"}],"wp:attachment":[{"href":"https:\/\/silvertree.sk\/lt\/wp-json\/wp\/v2\/media?parent=276"}],"curies":[{"name":"wp","href":"https:\/\/api.w.org\/{rel}","templated":true}]}}