

{"id":15,"date":"2023-07-18T05:47:30","date_gmt":"2023-07-18T05:47:30","guid":{"rendered":"https:\/\/silvertree.sk\/?page_id=15"},"modified":"2025-10-06T19:01:52","modified_gmt":"2025-10-06T19:01:52","slug":"salygos-ir-taisykles","status":"publish","type":"page","link":"https:\/\/silvertree.sk\/lt\/salygos-ir-taisykles\/","title":{"rendered":"Paslaugos s\u0105lygos ir taisykl\u0117s"},"content":{"rendered":"\n<h4 class=\"wp-block-heading\">Garantijos<\/h4>\n\n\n\n<p><\/p>\n\n\n\n<p>Eglut\u0117 be r\u016bpes\u010di\u0173! M\u016bs\u0173 tikslas \u2013 suteikti nepriekai\u0161ting\u0105 paslaug\u0105 ir auk\u0161\u010diausios r\u016b\u0161ies eglutes. B\u016btent tod\u0117l kruop\u0161\u010diai atrenkame tik PREMIUM kokyb\u0117s medelius. Reikia nepamir\u0161ti, kad eglut\u0117s yra nat\u016bral\u016bs k\u016briniai, tod\u0117l kiekviena eglut\u0117 \u2013 unikali. Kartais bus galima pasteb\u0117ti kok\u012f nelygum\u0105 ar kreivesn\u0119 \u0161akel\u0119. Tad, jei pristatyta eglut\u0117 netenkins J\u016bs\u0173 l\u016bkes\u010di\u0173, eglut\u0119 mielai pakeisime kita.<\/p>\n\n\n\n<p>Taip pat visos patirties metu pasir\u016bpinsime tobulu aptarnavimu ir lanks\u010dia paslaugi\u0173 kurjeri\u0173 pagalba. Atsiradus net menkiausiam nesusipratimui ar klaidai, stengiam\u0117s jas taisyti, tad maloniai lauksime J\u016bs\u0173 kritikos ir pageidavim\u0173.<\/p>\n\n\n\n<p>Suteikiame 100% pinig\u0173 gr\u0105\u017einimo ir eglut\u0117s keitimo garantij\u0105 3 dienos nuo eglut\u0117s pristatymo. Esant nesusipratimams, galite kreiptis \u012f klient\u0173 aptarnavimo specialistus telefonu, el. pa\u0161tu ar Facebook bei Instagram platformose.<\/p>\n\n\n\n<h4 class=\"wp-block-heading\">Eglut\u0117s keitimas \u2013 gr\u0105\u017einimo s\u0105lygos<\/h4>\n\n\n\n<p><\/p>\n\n\n\n<p>Jeigu pristatyta eglut\u0117 netenkina J\u016bs\u0173 l\u016bkes\u010di\u0173, mielai j\u0105 pakeisime kita. Skland\u017eiam procesui, galite papra\u0161yti, kad kurjeris aprodyt\u0173 daugiau nei vien\u0105 medel\u012f. Ap\u017ei\u016br\u0117ti eglutes galite prie kurjerio automobilio arba, kai pristatyta eglut\u0117 bus i\u0161pakuota J\u016bs\u0173 namuose.<\/p>\n\n\n\n<p>Jeigu pristatymo metu eglut\u0117s ap\u017ei\u016br\u0117ti neturite galimyb\u0117s, arba pristatytas medelis neatitiko J\u016bs\u0173 l\u016bkes\u010di\u0173 &#8211; susisiekite su klient\u0173 aptarnavimo specialistais. Pakeitimo galite pra\u0161yti per 3 dienas po pristatymo datos.<\/p>\n\n\n\n<p><strong>Pra\u0117jus 3 dienoms<\/strong> <strong>po pristatymo, <\/strong>eglu\u010di\u0173 nekei\u010diame ir pinig\u0173 negr\u0105\u017einame.<\/p>\n\n\n\n<p>Nuo\u0161ird\u017eiai rekomenduojame perskaityti eglu\u010di\u0173 laikymo ir prie\u017ei\u016bros rekomendacijas <a href=\"https:\/\/silvertree.sk\/prieziura\/\"><strong>\u010dia<\/strong><\/a>.<\/p>\n\n\n\n<h4 class=\"wp-block-heading\">Nemokamo pristatymo s\u0105lygos ir informacija<\/h4>\n\n\n\n<p><\/p>\n\n\n\n<p>Kiekvienai \u012fsigytai eglutei priklauso nemokamas pristatymas Vilniuje, Kaune ir Klaip\u0117doje. Atlikdami rezervacij\u0105 tur\u0117site galimyb\u0119 pasirinkti i\u0161 J\u016bs\u0173 pristatymo adresui galim\u0173 datos ir laiko interval\u0173.<\/p>\n\n\n\n<p>Eglutes pristatome nuo lapkri\u010dio 25d. iki gruod\u017eio 23d. darbo dienomis ir savaitgaliais. Nemokamo pristatymo laikas galimas nuo 09:00 val. ryto iki 21:00 val. vakaro.<\/p>\n\n\n\n<p>Rekomenduojame eglut\u0119 rezervuoti net jei ne\u017einote, kada nor\u0117site pristatymo. Dat\u0105 ir laik\u0105 visada gal\u0117site keisti. T\u0105 padaryti galima susisiekus m\u016bs\u0173 nurodytu telefono numeriu, el. pa\u0161tu bei \u017einut\u0117mis Facebook ar Instagram platformose. Eglu\u010di\u0173 skai\u010dius labai ribotas, tad laukti paskutin\u0117s dienos nevert\u0117t\u0173. Jeigu atsitikt\u0173 taip, kad numatytu pristatymo metu J\u016bs\u0173 neb\u016bt\u0173 namuose, m\u0117ginsime perkelti pristatym\u0105 \u012f tos pa\u010dios dienos mar\u0161ruto pabaig\u0105, arba su Jumis susisieks klient\u0173 aptarnavimo specialistas ir sutarsime kit\u0105 Jums patog\u0173 laik\u0105.<\/p>\n\n\n\n<p>Jeigu nerandate Jums tinkamos datos ar laiko renkantis nemokam\u0105 paslaug\u0105, rekomenduojame \u012fsigyti \u201cEkstra\u201d pristatymo ir i\u0161ve\u017eimo paslaug\u0105, kurios kaina &#8211; 15 eur\u0173.<\/p>\n\n\n\n<h4 class=\"wp-block-heading\">Nemokamo eglu\u010di\u0173 i\u0161ve\u017eimo s\u0105lygos ir informacija<\/h4>\n\n\n\n<p><\/p>\n\n\n\n<p>Kiekvienai \u012fsigytai eglutei priklauso nemokamo i\u0161ve\u017eimo paslauga. Siekdami ma\u017einti transporto priemoni\u0173 i\u0161metam\u0105 CO2 kiek\u012f &#8211; kal\u0117dini\u0173 medeli\u0173 i\u0161ve\u017eimui sudarome tvarkara\u0161\u010dius, suskirstytus mikrorajonais.<\/p>\n\n\n\n<p>Nemokamas eglu\u010di\u0173 surinkimas vyksta sausio 6-15 dienomis. Dat\u0173 ir rajon\u0173 s\u0105ra\u0161as bus paskelbtas Facebook paskyroje ir m\u016bs\u0173 svetain\u0117je.<\/p>\n\n\n\n<p>Medelio atvyksime paiimti J\u016bs\u0173 mikrorajonui priskirt\u0105 dien\u0105 laiko intervalais: 9-13 val., 13-17 val. ir 17-21 val. Likus 3 dienoms iki J\u016bs\u0173 eglut\u0117s pa\u0117mimo datos, atsi\u0173sime SMS \u017einut\u0119 ir el. lai\u0161k\u0105, kuriuose bus nurodyta tiksli data bei Jums paskirtas laiko intervalas.&nbsp;<\/p>\n\n\n\n<p>Kartais, d\u0117l technini\u0173 kli\u016b\u010di\u0173, SMS \u017einut\u0117 ar el. lai\u0161kas gali J\u016bs\u0173 nepasiekti, tod\u0117l pra\u0161ome b\u016bti supratingais ir pasidom\u0117ti apie J\u016bs\u0173 eglut\u0117s pa\u0117mimo dat\u0105 m\u016bs\u0173 svetain\u0117je, Facebook puslapyje ar pasiteirauti klient\u0173 aptarnavimo specialist\u0173.<\/p>\n\n\n\n<p>Pra\u0161ome eglutes nupuo\u0161ti ir paruo\u0161ti i\u0161 anksto. Jeigu suplanuotu i\u0161ve\u017eimo metu b\u016bsite namie, J\u016bs\u0173 patogumui, kurjeris gal\u0117s u\u017eeiti \u012f vid\u0173 ir i\u0161ne\u0161ti medel\u012f, \u012fvynioj\u0119s j\u012f \u012f special\u0173 mai\u0161\u0105. O jeigu turite galimyb\u0119 eglut\u0119 palikti lauke ar laiptin\u0117je, labai tai vertiname, nes taip prisidedate prie efektyvesnio eglu\u010di\u0173 surinkimo proceso.<\/p>\n\n\n\n<p>Jei paskirt\u0105 dien\u0105 b\u016bti namuose neplanuojate, tikim\u0117s, eglut\u0119 rasti mums pasiekiamoje vietoje (kieme, prie varteli\u0173 ar laiptin\u0117je). I\u0161ne\u0161ant medel\u012f, jo specialiai paruo\u0161ti nereikia. Prie\u0161 ne\u0161ant, rekomenduojame eglut\u0119 stipriai nupurtyti vienoje vietoje, nes ne\u0161ant medel\u012f pribarstysite ma\u017eiau spygli\u0173.<\/p>\n\n\n\n<p>J\u016bs\u0173 eglut\u0117s surinkimo dien\u0105, paskirtu laiko intervalu, pra\u0161ome laukti kurjerio skambu\u010dio ir paai\u0161kinti bei pad\u0117ti surasti J\u016bs\u0173 medel\u012f. Jeigu b\u016bsite i\u0161vyk\u0119, ar \u017einote, kad tikrai negal\u0117site atsiliepti, informuokite klient\u0173 aptarnavimo skyri\u0173 ir pateikite kuo daugiau informacijos (kur yra paliktas medelis, laiptin\u0117s kodas ir pan.)<\/p>\n\n\n\n<p>Jeigu numatyt\u0105 i\u0161ve\u017eimo dat\u0105, paskirtu laiko intervalu, kurjeriui nepavyksta su Jumis susisiekti &#8211; pasiliekame teis\u0119 nemokam\u0105 eglut\u0117s i\u0161ve\u017eimo paslaug\u0105 at\u0161aukti.<\/p>\n\n\n\n<p>\u012evykus nesusipratimui ir kurjeriui nepa\u0117mus J\u016bs\u0173 eglut\u0117s, susisiekite su m\u016bs\u0173 klient\u0173 aptarnavimo specialistais &#8211; sutarsime kit\u0105 eglut\u0117s pa\u0117mimo dat\u0105 ir laik\u0105.&nbsp; Stengiam\u0117s spr\u0119sti visus nesusipratimus.<\/p>\n\n\n\n<p>Jeigu J\u016bs\u0173 netenkina nemokamo i\u0161ve\u017eimo s\u0105lygos, rekomenduojame \u012fsigyti \u201cEkstra\u201d i\u0161ve\u017eimo paslaug\u0105, kurios kaina &#8211; 15 Eur.<\/p>\n\n\n\n<h4 class=\"wp-block-heading\">Pristatymo zonos<\/h4>\n\n\n\n<p><\/p>\n\n\n\n<p>Nemokamas pristatymas ir i\u0161ve\u017eimas taikomas Vilniaus, Kauno ir Klaip\u0117dos miest\u0173 ribose.<\/p>\n\n\n\n<p>Priemies\u010dio rajonai yra suskirstyti zonomis. Tam tikrose vietov\u0117se pristatymas ir i\u0161ve\u017eimas i\u0161lieka nemokamas, kitur &#8211; taikome papildom\u0105 5 Eur mokest\u012f. Jis atsispind\u0117s paskutiniame u\u017esakymo \u017eingsnyje prie bendros u\u017esakymo sumos.<\/p>\n\n\n\n<p>M\u016bs\u0173 svetain\u0117s skiltyje \u201cPristatymo zonos\u201d arba paskutiniame u\u017esakymo \u017eingsnyje, galite pasitikrinti, ar J\u016bs\u0173 gyvenamuoju adresu pristatysime eglut\u0119 ir ar tai kainuos papildomai.<\/p>\n\n\n\n<p>\u012evedus adres\u0105, \u017eem\u0117lapyje atsiras \u017eymeklis, kurio pagalba gal\u0117site nurodyti tiksli\u0105 medelio pristatymo viet\u0105. Jeigu J\u016bs\u0173 gyvenamasis adresas nepriskirtas prie pirstatymo zon\u0173, ekrane i\u0161vysite u\u017era\u0161\u0105 \u201cAtsipra\u0161ome, J\u016bs\u0173 nurodytas adresas yra u\u017e pristatymo zonos rib\u0173. D\u0117l pristatymo \u012f kitus miestus susisiekite.\u201d<\/p>\n\n\n\n<h4 class=\"wp-block-heading\">Pristatymas \u012f kitus miestus&nbsp;<\/h4>\n\n\n\n<p><\/p>\n\n\n\n<p>Gyvenantiems u\u017e pristatymo zon\u0173 rib\u0173 ir kituose Lietuvos miestuose eglutes pristatysime per kurjerius partnerius.&nbsp;<\/p>\n\n\n\n<p>Jeigu nor\u0117tum\u0117te gauti eglut\u0119 nors gyvenate u\u017e pristatymo zonos rib\u0173, susisiekite su klient\u0173 aptarnavimo specialistais el. pa\u0161tu, telefonu arba Facebook platformoje. U\u017esakymams \u012f kitus miestus netaikome nuolaid\u0173 ir neteikiame i\u0161ve\u017eimo paslaugos. Taip pat nepristatome auk\u0161tesni\u0173 nei 180 cm medeli\u0173.<\/p>\n\n\n\n<h4 class=\"wp-block-heading\">\u201cEkstra\u201d pristatymo ir i\u0161ve\u017eimo s\u0105lygos<\/h4>\n\n\n\n<p><\/p>\n\n\n\n<p>Kiekvienai \u012fsigytai eglutei priklauso nemokamas eglut\u0117s pristatymas ir i\u0161ve\u017eimas.<\/p>\n\n\n\n<p><div id=\"extrapristatymas\"><\/div>\n<p>\u201cEkstra\u201d pristatym\u0105 ir i\u0161ve\u017eim\u0105 rekomenduojame rinktis tik tuo atveju, jeigu nerandate Jums tinkamos datos ir laiko renkantis nemokam\u0105 pristatym\u0105. Arba, jei jums reikalinga eglut\u0117s i\u0161ve\u017eimo paslauga anks\u010diau arba v\u0117liau nei \u012fprastu eglu\u010di\u0173 surinkimo grafiku: sausio 6-15 dienomis.<\/p><\/p>\n\n\n\n<p>U\u017esisakius \u201cEkstra\u201d paslaug\u0105, eglut\u0117 bus pristatoma norim\u0105 dien\u0105 vienos valandos tikslumu.<\/p>\n\n\n\n<p>Taip pat, tur\u0117site galimyb\u0119 rinktis medelio i\u0161ve\u017eimo dat\u0105 ir laik\u0105 vienos valandos intervalu.<\/p>\n\n\n\n<p>Paslaugos kaina &#8211; 15 eur\u0173.<\/p>\n","protected":false},"excerpt":{"rendered":"<p>Garantijos Eglut\u0117 be r\u016bpes\u010di\u0173! M\u016bs\u0173 tikslas \u2013 suteikti nepriekai\u0161ting\u0105 paslaug\u0105 ir auk\u0161\u010diausios r\u016b\u0161ies eglutes. B\u016btent tod\u0117l kruop\u0161\u010diai atrenkame tik PREMIUM kokyb\u0117s medelius. Reikia nepamir\u0161ti, kad eglut\u0117s yra nat\u016bral\u016bs k\u016briniai, tod\u0117l kiekviena eglut\u0117 \u2013 unikali. Kartais bus galima pasteb\u0117ti kok\u012f nelygum\u0105 ar kreivesn\u0119 \u0161akel\u0119. Tad, jei pristatyta eglut\u0117 netenkins J\u016bs\u0173 l\u016bkes\u010di\u0173, eglut\u0119 mielai pakeisime kita. Taip [&hellip;]<\/p>\n","protected":false},"author":1,"featured_media":0,"parent":0,"menu_order":0,"comment_status":"closed","ping_status":"closed","template":"page-simple.php","meta":{"_acf_changed":false,"inline_featured_image":false,"footnotes":""},"class_list":["post-15","page","type-page","status-publish","hentry"],"acf":[],"yoast_head":"<!-- This site is optimized with the Yoast SEO plugin v26.1.1 - https:\/\/yoast.com\/wordpress\/plugins\/seo\/ -->\n<title>Paslaugos s\u0105lygos ir taisykl\u0117s<\/title>\n<meta name=\"robots\" content=\"noindex, nofollow\" \/>\n<meta property=\"og:locale\" content=\"lt_LT\" \/>\n<meta property=\"og:type\" content=\"article\" \/>\n<meta property=\"og:title\" content=\"Paslaugos s\u0105lygos ir taisykl\u0117s\" \/>\n<meta property=\"og:description\" content=\"Garantijos Eglut\u0117 be r\u016bpes\u010di\u0173! M\u016bs\u0173 tikslas \u2013 suteikti nepriekai\u0161ting\u0105 paslaug\u0105 ir auk\u0161\u010diausios r\u016b\u0161ies eglutes. B\u016btent tod\u0117l kruop\u0161\u010diai atrenkame tik PREMIUM kokyb\u0117s medelius. Reikia nepamir\u0161ti, kad eglut\u0117s yra nat\u016bral\u016bs k\u016briniai, tod\u0117l kiekviena eglut\u0117 \u2013 unikali. Kartais bus galima pasteb\u0117ti kok\u012f nelygum\u0105 ar kreivesn\u0119 \u0161akel\u0119. Tad, jei pristatyta eglut\u0117 netenkins J\u016bs\u0173 l\u016bkes\u010di\u0173, eglut\u0119 mielai pakeisime kita. Taip [&hellip;]\" \/>\n<meta property=\"og:url\" content=\"https:\/\/silvertree.sk\/lt\/salygos-ir-taisykles\/\" \/>\n<meta property=\"og:site_name\" content=\"silvertree.sk\" \/>\n<meta property=\"article:modified_time\" content=\"2025-10-06T19:01:52+00:00\" \/>\n<meta name=\"twitter:card\" content=\"summary_large_image\" \/>\n<meta name=\"twitter:label1\" content=\"Est. reading time\" \/>\n\t<meta name=\"twitter:data1\" content=\"5 minut\u0117s\" \/>\n<script type=\"application\/ld+json\" class=\"yoast-schema-graph\">{\"@context\":\"https:\/\/schema.org\",\"@graph\":[{\"@type\":\"WebPage\",\"@id\":\"https:\/\/silvertree.sk\/lt\/salygos-ir-taisykles\/\",\"url\":\"https:\/\/silvertree.sk\/lt\/salygos-ir-taisykles\/\",\"name\":\"Paslaugos s\u0105lygos ir taisykl\u0117s\",\"isPartOf\":{\"@id\":\"https:\/\/silvertree.sk\/#website\"},\"datePublished\":\"2023-07-18T05:47:30+00:00\",\"dateModified\":\"2025-10-06T19:01:52+00:00\",\"breadcrumb\":{\"@id\":\"https:\/\/silvertree.sk\/lt\/salygos-ir-taisykles\/#breadcrumb\"},\"inLanguage\":\"lt-LT\",\"potentialAction\":[{\"@type\":\"ReadAction\",\"target\":[\"https:\/\/silvertree.sk\/lt\/salygos-ir-taisykles\/\"]}]},{\"@type\":\"BreadcrumbList\",\"@id\":\"https:\/\/silvertree.sk\/lt\/salygos-ir-taisykles\/#breadcrumb\",\"itemListElement\":[{\"@type\":\"ListItem\",\"position\":1,\"name\":\"Home\",\"item\":\"https:\/\/silvertree.sk\/lt\/\"},{\"@type\":\"ListItem\",\"position\":2,\"name\":\"Paslaugos s\u0105lygos ir taisykl\u0117s\"}]},{\"@type\":\"WebSite\",\"@id\":\"https:\/\/silvertree.sk\/#website\",\"url\":\"https:\/\/silvertree.sk\/\",\"name\":\"silvertree.sk\",\"description\":\"Jaukiausioms 2023m. \u0161vent\u0117ms si\u016blome \u012fsigyti Premium kokyb\u0117s K\u0117n\u012f\u2611\ufe0farba gyv\u0105 lietuvi\u0161k\u0105 eglut\u0119\u2611\ufe0finternetu i\u0161\u23e9silvertree.sk. Pristatysime ir i\u0161ve\u0161ime NEMOKAMAI pas mus pirktas eglutes. Mes parduodame tik tikras Kal\u0117dines egles u\u017eaugintas ir nukirstas \u016bkiuose!\",\"potentialAction\":[{\"@type\":\"SearchAction\",\"target\":{\"@type\":\"EntryPoint\",\"urlTemplate\":\"https:\/\/silvertree.sk\/?s={search_term_string}\"},\"query-input\":{\"@type\":\"PropertyValueSpecification\",\"valueRequired\":true,\"valueName\":\"search_term_string\"}}],\"inLanguage\":\"lt-LT\"}]}<\/script>\n<!-- \/ Yoast SEO plugin. -->","yoast_head_json":{"title":"Paslaugos s\u0105lygos ir taisykl\u0117s","robots":{"index":"noindex","follow":"nofollow"},"og_locale":"lt_LT","og_type":"article","og_title":"Paslaugos s\u0105lygos ir taisykl\u0117s","og_description":"Garantijos Eglut\u0117 be r\u016bpes\u010di\u0173! M\u016bs\u0173 tikslas \u2013 suteikti nepriekai\u0161ting\u0105 paslaug\u0105 ir auk\u0161\u010diausios r\u016b\u0161ies eglutes. B\u016btent tod\u0117l kruop\u0161\u010diai atrenkame tik PREMIUM kokyb\u0117s medelius. Reikia nepamir\u0161ti, kad eglut\u0117s yra nat\u016bral\u016bs k\u016briniai, tod\u0117l kiekviena eglut\u0117 \u2013 unikali. Kartais bus galima pasteb\u0117ti kok\u012f nelygum\u0105 ar kreivesn\u0119 \u0161akel\u0119. Tad, jei pristatyta eglut\u0117 netenkins J\u016bs\u0173 l\u016bkes\u010di\u0173, eglut\u0119 mielai pakeisime kita. Taip [&hellip;]","og_url":"https:\/\/silvertree.sk\/lt\/salygos-ir-taisykles\/","og_site_name":"silvertree.sk","article_modified_time":"2025-10-06T19:01:52+00:00","twitter_card":"summary_large_image","twitter_misc":{"Est. reading time":"5 minut\u0117s"},"schema":{"@context":"https:\/\/schema.org","@graph":[{"@type":"WebPage","@id":"https:\/\/silvertree.sk\/lt\/salygos-ir-taisykles\/","url":"https:\/\/silvertree.sk\/lt\/salygos-ir-taisykles\/","name":"Paslaugos s\u0105lygos ir taisykl\u0117s","isPartOf":{"@id":"https:\/\/silvertree.sk\/#website"},"datePublished":"2023-07-18T05:47:30+00:00","dateModified":"2025-10-06T19:01:52+00:00","breadcrumb":{"@id":"https:\/\/silvertree.sk\/lt\/salygos-ir-taisykles\/#breadcrumb"},"inLanguage":"lt-LT","potentialAction":[{"@type":"ReadAction","target":["https:\/\/silvertree.sk\/lt\/salygos-ir-taisykles\/"]}]},{"@type":"BreadcrumbList","@id":"https:\/\/silvertree.sk\/lt\/salygos-ir-taisykles\/#breadcrumb","itemListElement":[{"@type":"ListItem","position":1,"name":"Home","item":"https:\/\/silvertree.sk\/lt\/"},{"@type":"ListItem","position":2,"name":"Paslaugos s\u0105lygos ir taisykl\u0117s"}]},{"@type":"WebSite","@id":"https:\/\/silvertree.sk\/#website","url":"https:\/\/silvertree.sk\/","name":"silvertree.sk","description":"Jaukiausioms 2023m. \u0161vent\u0117ms si\u016blome \u012fsigyti Premium kokyb\u0117s K\u0117n\u012f\u2611\ufe0farba gyv\u0105 lietuvi\u0161k\u0105 eglut\u0119\u2611\ufe0finternetu i\u0161\u23e9silvertree.sk. Pristatysime ir i\u0161ve\u0161ime NEMOKAMAI pas mus pirktas eglutes. Mes parduodame tik tikras Kal\u0117dines egles u\u017eaugintas ir nukirstas \u016bkiuose!","potentialAction":[{"@type":"SearchAction","target":{"@type":"EntryPoint","urlTemplate":"https:\/\/silvertree.sk\/?s={search_term_string}"},"query-input":{"@type":"PropertyValueSpecification","valueRequired":true,"valueName":"search_term_string"}}],"inLanguage":"lt-LT"}]}},"_links":{"self":[{"href":"https:\/\/silvertree.sk\/lt\/wp-json\/wp\/v2\/pages\/15","targetHints":{"allow":["GET"]}}],"collection":[{"href":"https:\/\/silvertree.sk\/lt\/wp-json\/wp\/v2\/pages"}],"about":[{"href":"https:\/\/silvertree.sk\/lt\/wp-json\/wp\/v2\/types\/page"}],"author":[{"embeddable":true,"href":"https:\/\/silvertree.sk\/lt\/wp-json\/wp\/v2\/users\/1"}],"replies":[{"embeddable":true,"href":"https:\/\/silvertree.sk\/lt\/wp-json\/wp\/v2\/comments?post=15"}],"version-history":[{"count":11,"href":"https:\/\/silvertree.sk\/lt\/wp-json\/wp\/v2\/pages\/15\/revisions"}],"predecessor-version":[{"id":5559,"href":"https:\/\/silvertree.sk\/lt\/wp-json\/wp\/v2\/pages\/15\/revisions\/5559"}],"wp:attachment":[{"href":"https:\/\/silvertree.sk\/lt\/wp-json\/wp\/v2\/media?parent=15"}],"curies":[{"name":"wp","href":"https:\/\/api.w.org\/{rel}","templated":true}]}}