

{"id":1266,"date":"2023-08-09T12:07:50","date_gmt":"2023-08-09T12:07:50","guid":{"rendered":"https:\/\/silvertree.sk\/produktas\/lietuviska-eglute-200-225m\/"},"modified":"2025-10-06T19:31:28","modified_gmt":"2025-10-06T19:31:28","slug":"slovakian-spruce-200-225m","status":"publish","type":"product","link":"https:\/\/silvertree.sk\/en\/product\/slovakian-spruce-200-225m\/","title":{"rendered":"Slovakian Spruce"},"content":{"rendered":"<p>The most attention-grabbing traditional evergreen Christmas tree, designed for those who cherish long-standing family traditions and adore the cozy forest scent.<\/p>\n<p>This tree is grown in Slovakia. It stands out from other trees with its well-shaped branches and a dense, wide canopy. Due to its thin branches, the needles are easily shed and do not last long, but fallen bright green needles are considered an integral part of the true Christmas atmosphere.<\/p>\n<p>We do not recommend keeping Slovakian Christmas trees in a very warm environment. In such cases, we suggest opting for a more heat-resistant plant &#8211; the SilverTree Danish spruce.<\/p>\n<p>We must warn you that the rich scent of a Slovakian forest can quickly and easily enchant you! You won&#8217;t even notice how you&#8217;ll be transported back to a nostalgia-filled childhood, that vibrant Christmas winter we all deeply miss.<\/p>\n","protected":false},"excerpt":{"rendered":"<p><strong>Slovakian spruce (Latin: Picea abies)<\/strong><\/p>\n","protected":false},"featured_media":6412,"template":"","meta":{"_acf_changed":false,"inline_featured_image":false},"product_brand":[],"product_cat":[71,242,223,263,266],"product_tag":[],"class_list":{"0":"post-1266","1":"product","2":"type-product","3":"status-publish","4":"has-post-thumbnail","6":"product_cat-eglut-en","7":"product_cat-smrek-obycajny-sk","8":"product_cat-smrek-sk","9":"product_cat-vianocny-stromcek-200cm-sk","10":"product_cat-vianocny-stromcek-220cm-sk","12":"first","13":"outofstock","14":"taxable","15":"shipping-taxable","16":"purchasable","17":"product-type-simple"},"acf":[],"yoast_head":"<!-- This site is optimized with the Yoast SEO plugin v26.1.1 - https:\/\/yoast.com\/wordpress\/plugins\/seo\/ -->\n<title>Slovakian Spruce 200-225cm - Silvertree<\/title>\n<meta name=\"robots\" content=\"noindex, nofollow\" \/>\n<meta property=\"og:locale\" content=\"en_US\" \/>\n<meta property=\"og:type\" content=\"article\" \/>\n<meta property=\"og:title\" content=\"Slovakian Spruce 200-225cm - Silvertree\" \/>\n<meta property=\"og:description\" content=\"Slovakian spruce (Latin: Picea abies)\" \/>\n<meta property=\"og:url\" content=\"https:\/\/silvertree.sk\/en\/product\/slovakian-spruce-200-225m\/\" \/>\n<meta property=\"og:site_name\" content=\"silvertree.sk\" \/>\n<meta property=\"article:modified_time\" content=\"2025-10-06T19:31:28+00:00\" \/>\n<meta property=\"og:image\" content=\"https:\/\/silvertree.sk\/wp-content\/uploads\/sites\/6\/2023\/08\/2mlt.png\" \/>\n\t<meta property=\"og:image:width\" content=\"829\" \/>\n\t<meta property=\"og:image:height\" content=\"1000\" \/>\n\t<meta property=\"og:image:type\" content=\"image\/png\" \/>\n<meta name=\"twitter:card\" content=\"summary_large_image\" \/>\n<meta name=\"twitter:label1\" content=\"Est. reading time\" \/>\n\t<meta name=\"twitter:data1\" content=\"1 minute\" \/>\n<script type=\"application\/ld+json\" class=\"yoast-schema-graph\">{\"@context\":\"https:\/\/schema.org\",\"@graph\":[{\"@type\":\"WebPage\",\"@id\":\"https:\/\/silvertree.sk\/en\/product\/slovakian-spruce-200-225m\/\",\"url\":\"https:\/\/silvertree.sk\/en\/product\/slovakian-spruce-200-225m\/\",\"name\":\"Slovakian Spruce 200-225cm - Silvertree\",\"isPartOf\":{\"@id\":\"https:\/\/silvertree.sk\/#website\"},\"primaryImageOfPage\":{\"@id\":\"https:\/\/silvertree.sk\/en\/product\/slovakian-spruce-200-225m\/#primaryimage\"},\"image\":{\"@id\":\"https:\/\/silvertree.sk\/en\/product\/slovakian-spruce-200-225m\/#primaryimage\"},\"thumbnailUrl\":\"https:\/\/silvertree.sk\/wp-content\/uploads\/sites\/6\/2023\/08\/371494260_858732196033000_5717217612033409575_n-1.jpg\",\"datePublished\":\"2023-08-09T12:07:50+00:00\",\"dateModified\":\"2025-10-06T19:31:28+00:00\",\"breadcrumb\":{\"@id\":\"https:\/\/silvertree.sk\/en\/product\/slovakian-spruce-200-225m\/#breadcrumb\"},\"inLanguage\":\"en-US\",\"potentialAction\":[{\"@type\":\"ReadAction\",\"target\":[\"https:\/\/silvertree.sk\/en\/product\/slovakian-spruce-200-225m\/\"]}]},{\"@type\":\"ImageObject\",\"inLanguage\":\"en-US\",\"@id\":\"https:\/\/silvertree.sk\/en\/product\/slovakian-spruce-200-225m\/#primaryimage\",\"url\":\"https:\/\/silvertree.sk\/wp-content\/uploads\/sites\/6\/2023\/08\/371494260_858732196033000_5717217612033409575_n-1.jpg\",\"contentUrl\":\"https:\/\/silvertree.sk\/wp-content\/uploads\/sites\/6\/2023\/08\/371494260_858732196033000_5717217612033409575_n-1.jpg\",\"width\":504,\"height\":800},{\"@type\":\"BreadcrumbList\",\"@id\":\"https:\/\/silvertree.sk\/en\/product\/slovakian-spruce-200-225m\/#breadcrumb\",\"itemListElement\":[{\"@type\":\"ListItem\",\"position\":1,\"name\":\"Home\",\"item\":\"https:\/\/silvertree.sk\/en\/silvertree\/\"},{\"@type\":\"ListItem\",\"position\":2,\"name\":\"Shop\",\"item\":\"https:\/\/silvertree.sk\/en\/shop\/\"},{\"@type\":\"ListItem\",\"position\":3,\"name\":\"Slovakian Spruce\"}]},{\"@type\":\"WebSite\",\"@id\":\"https:\/\/silvertree.sk\/#website\",\"url\":\"https:\/\/silvertree.sk\/\",\"name\":\"silvertree.sk\",\"description\":\"Jaukiausioms 2023m. \u0161vent\u0117ms si\u016blome \u012fsigyti Premium kokyb\u0117s K\u0117n\u012f\u2611\ufe0farba gyv\u0105 lietuvi\u0161k\u0105 eglut\u0119\u2611\ufe0finternetu i\u0161\u23e9silvertree.sk. Pristatysime ir i\u0161ve\u0161ime NEMOKAMAI pas mus pirktas eglutes. Mes parduodame tik tikras Kal\u0117dines egles u\u017eaugintas ir nukirstas \u016bkiuose!\",\"potentialAction\":[{\"@type\":\"SearchAction\",\"target\":{\"@type\":\"EntryPoint\",\"urlTemplate\":\"https:\/\/silvertree.sk\/?s={search_term_string}\"},\"query-input\":{\"@type\":\"PropertyValueSpecification\",\"valueRequired\":true,\"valueName\":\"search_term_string\"}}],\"inLanguage\":\"en-US\"}]}<\/script>\n<!-- \/ Yoast SEO plugin. -->","yoast_head_json":{"title":"Slovakian Spruce 200-225cm - Silvertree","robots":{"index":"noindex","follow":"nofollow"},"og_locale":"en_US","og_type":"article","og_title":"Slovakian Spruce 200-225cm - Silvertree","og_description":"Slovakian spruce (Latin: Picea abies)","og_url":"https:\/\/silvertree.sk\/en\/product\/slovakian-spruce-200-225m\/","og_site_name":"silvertree.sk","article_modified_time":"2025-10-06T19:31:28+00:00","og_image":[{"width":829,"height":1000,"url":"https:\/\/silvertree.sk\/wp-content\/uploads\/sites\/6\/2023\/08\/2mlt.png","type":"image\/png"}],"twitter_card":"summary_large_image","twitter_misc":{"Est. reading time":"1 minute"},"schema":{"@context":"https:\/\/schema.org","@graph":[{"@type":"WebPage","@id":"https:\/\/silvertree.sk\/en\/product\/slovakian-spruce-200-225m\/","url":"https:\/\/silvertree.sk\/en\/product\/slovakian-spruce-200-225m\/","name":"Slovakian Spruce 200-225cm - Silvertree","isPartOf":{"@id":"https:\/\/silvertree.sk\/#website"},"primaryImageOfPage":{"@id":"https:\/\/silvertree.sk\/en\/product\/slovakian-spruce-200-225m\/#primaryimage"},"image":{"@id":"https:\/\/silvertree.sk\/en\/product\/slovakian-spruce-200-225m\/#primaryimage"},"thumbnailUrl":"https:\/\/silvertree.sk\/wp-content\/uploads\/sites\/6\/2023\/08\/371494260_858732196033000_5717217612033409575_n-1.jpg","datePublished":"2023-08-09T12:07:50+00:00","dateModified":"2025-10-06T19:31:28+00:00","breadcrumb":{"@id":"https:\/\/silvertree.sk\/en\/product\/slovakian-spruce-200-225m\/#breadcrumb"},"inLanguage":"en-US","potentialAction":[{"@type":"ReadAction","target":["https:\/\/silvertree.sk\/en\/product\/slovakian-spruce-200-225m\/"]}]},{"@type":"ImageObject","inLanguage":"en-US","@id":"https:\/\/silvertree.sk\/en\/product\/slovakian-spruce-200-225m\/#primaryimage","url":"https:\/\/silvertree.sk\/wp-content\/uploads\/sites\/6\/2023\/08\/371494260_858732196033000_5717217612033409575_n-1.jpg","contentUrl":"https:\/\/silvertree.sk\/wp-content\/uploads\/sites\/6\/2023\/08\/371494260_858732196033000_5717217612033409575_n-1.jpg","width":504,"height":800},{"@type":"BreadcrumbList","@id":"https:\/\/silvertree.sk\/en\/product\/slovakian-spruce-200-225m\/#breadcrumb","itemListElement":[{"@type":"ListItem","position":1,"name":"Home","item":"https:\/\/silvertree.sk\/en\/silvertree\/"},{"@type":"ListItem","position":2,"name":"Shop","item":"https:\/\/silvertree.sk\/en\/shop\/"},{"@type":"ListItem","position":3,"name":"Slovakian Spruce"}]},{"@type":"WebSite","@id":"https:\/\/silvertree.sk\/#website","url":"https:\/\/silvertree.sk\/","name":"silvertree.sk","description":"Jaukiausioms 2023m. \u0161vent\u0117ms si\u016blome \u012fsigyti Premium kokyb\u0117s K\u0117n\u012f\u2611\ufe0farba gyv\u0105 lietuvi\u0161k\u0105 eglut\u0119\u2611\ufe0finternetu i\u0161\u23e9silvertree.sk. Pristatysime ir i\u0161ve\u0161ime NEMOKAMAI pas mus pirktas eglutes. Mes parduodame tik tikras Kal\u0117dines egles u\u017eaugintas ir nukirstas \u016bkiuose!","potentialAction":[{"@type":"SearchAction","target":{"@type":"EntryPoint","urlTemplate":"https:\/\/silvertree.sk\/?s={search_term_string}"},"query-input":{"@type":"PropertyValueSpecification","valueRequired":true,"valueName":"search_term_string"}}],"inLanguage":"en-US"}]}},"_links":{"self":[{"href":"https:\/\/silvertree.sk\/en\/wp-json\/wp\/v2\/product\/1266","targetHints":{"allow":["GET"]}}],"collection":[{"href":"https:\/\/silvertree.sk\/en\/wp-json\/wp\/v2\/product"}],"about":[{"href":"https:\/\/silvertree.sk\/en\/wp-json\/wp\/v2\/types\/product"}],"wp:featuredmedia":[{"embeddable":true,"href":"https:\/\/silvertree.sk\/en\/wp-json\/wp\/v2\/media\/6412"}],"wp:attachment":[{"href":"https:\/\/silvertree.sk\/en\/wp-json\/wp\/v2\/media?parent=1266"}],"wp:term":[{"taxonomy":"product_brand","embeddable":true,"href":"https:\/\/silvertree.sk\/en\/wp-json\/wp\/v2\/product_brand?post=1266"},{"taxonomy":"product_cat","embeddable":true,"href":"https:\/\/silvertree.sk\/en\/wp-json\/wp\/v2\/product_cat?post=1266"},{"taxonomy":"product_tag","embeddable":true,"href":"https:\/\/silvertree.sk\/en\/wp-json\/wp\/v2\/product_tag?post=1266"}],"curies":[{"name":"wp","href":"https:\/\/api.w.org\/{rel}","templated":true}]}}