

{"id":1249,"date":"2023-08-30T08:56:10","date_gmt":"2023-08-30T08:56:10","guid":{"rendered":"https:\/\/silvertree.sk\/produktas\/premium-kenis-200-225\/"},"modified":"2025-10-06T19:29:06","modified_gmt":"2025-10-06T19:29:06","slug":"premium-fir-200-225","status":"publish","type":"product","link":"https:\/\/silvertree.sk\/en\/product\/premium-fir-200-225\/","title":{"rendered":"Premium Nordman Fir"},"content":{"rendered":"<p>Is s a much-loved and valued tree of families all over Europe and Lithuania, often decorating large spaces<b>.<\/b>\u00a0This is a tree that, due to its impeccable genetics, can trick you at first sight!\u00a0 Flawlessly formed regular, dense crown, large, soft, lush and rich green spikes can give the impression of an artificial tree at first glance. The fir gets along with even the most curious kids and pets, which can only be tickled by the spikes.<\/p>\n<p>The Danish fir, compared to other spruce species, remains fresh for a much longer period of time. Once the tree starts to dry, it does not drop spikes, therefore it can become a great attribute of your home or office during the holiday period.<\/p>\n<p>Danish fir is an irreplaceable choice for creating a festive mood for people with allergies to strong spruce odors, because the smell of fir is poorly felt in the room.<\/p>\n","protected":false},"excerpt":{"rendered":"<div><\/div>\n<div>\n<p><b>The Danish\u00a0<\/b>or otherwise called<b>\u00a0Caucasian fir<\/b>\u00a0(Latin: Abies nordmanniana)<\/p>\n<\/div>\n","protected":false},"featured_media":6412,"template":"","meta":{"_acf_changed":false,"inline_featured_image":false},"product_brand":[],"product_cat":[71,226,76,223,263,266],"product_tag":[],"class_list":{"0":"post-1249","1":"product","2":"type-product","3":"status-publish","4":"has-post-thumbnail","6":"product_cat-eglut-en","7":"product_cat-jedla-sk","8":"product_cat-mostpopular-en","9":"product_cat-smrek-sk","10":"product_cat-vianocny-stromcek-200cm-sk","11":"product_cat-vianocny-stromcek-220cm-sk","13":"first","14":"outofstock","15":"taxable","16":"shipping-taxable","17":"purchasable","18":"product-type-simple"},"acf":[],"yoast_head":"<!-- This site is optimized with the Yoast SEO plugin v26.1.1 - https:\/\/yoast.com\/wordpress\/plugins\/seo\/ -->\n<title>Premium Nordman Fir 200-225cm - Silvertree<\/title>\n<meta name=\"robots\" content=\"noindex, nofollow\" \/>\n<meta property=\"og:locale\" content=\"en_US\" \/>\n<meta property=\"og:type\" content=\"article\" \/>\n<meta property=\"og:title\" content=\"Premium Nordman Fir 200-225cm - Silvertree\" \/>\n<meta property=\"og:description\" content=\"The Danish\u00a0or otherwise called\u00a0Caucasian fir\u00a0(Latin: Abies nordmanniana)\" \/>\n<meta property=\"og:url\" content=\"https:\/\/silvertree.sk\/en\/product\/premium-fir-200-225\/\" \/>\n<meta property=\"og:site_name\" content=\"silvertree.sk\" \/>\n<meta property=\"article:modified_time\" content=\"2025-10-06T19:29:06+00:00\" \/>\n<meta property=\"og:image\" content=\"https:\/\/silvertree.sk\/wp-content\/uploads\/sites\/6\/2023\/08\/200fir.png\" \/>\n\t<meta property=\"og:image:width\" content=\"829\" \/>\n\t<meta property=\"og:image:height\" content=\"1000\" \/>\n\t<meta property=\"og:image:type\" content=\"image\/png\" \/>\n<meta name=\"twitter:card\" content=\"summary_large_image\" \/>\n<meta name=\"twitter:label1\" content=\"Est. reading time\" \/>\n\t<meta name=\"twitter:data1\" content=\"2 minutes\" \/>\n<script type=\"application\/ld+json\" class=\"yoast-schema-graph\">{\"@context\":\"https:\/\/schema.org\",\"@graph\":[{\"@type\":\"WebPage\",\"@id\":\"https:\/\/silvertree.sk\/en\/product\/premium-fir-200-225\/\",\"url\":\"https:\/\/silvertree.sk\/en\/product\/premium-fir-200-225\/\",\"name\":\"Premium Nordman Fir 200-225cm - Silvertree\",\"isPartOf\":{\"@id\":\"https:\/\/silvertree.sk\/#website\"},\"primaryImageOfPage\":{\"@id\":\"https:\/\/silvertree.sk\/en\/product\/premium-fir-200-225\/#primaryimage\"},\"image\":{\"@id\":\"https:\/\/silvertree.sk\/en\/product\/premium-fir-200-225\/#primaryimage\"},\"thumbnailUrl\":\"https:\/\/silvertree.sk\/wp-content\/uploads\/sites\/6\/2023\/08\/371494260_858732196033000_5717217612033409575_n-1.jpg\",\"datePublished\":\"2023-08-30T08:56:10+00:00\",\"dateModified\":\"2025-10-06T19:29:06+00:00\",\"breadcrumb\":{\"@id\":\"https:\/\/silvertree.sk\/en\/product\/premium-fir-200-225\/#breadcrumb\"},\"inLanguage\":\"en-US\",\"potentialAction\":[{\"@type\":\"ReadAction\",\"target\":[\"https:\/\/silvertree.sk\/en\/product\/premium-fir-200-225\/\"]}]},{\"@type\":\"ImageObject\",\"inLanguage\":\"en-US\",\"@id\":\"https:\/\/silvertree.sk\/en\/product\/premium-fir-200-225\/#primaryimage\",\"url\":\"https:\/\/silvertree.sk\/wp-content\/uploads\/sites\/6\/2023\/08\/371494260_858732196033000_5717217612033409575_n-1.jpg\",\"contentUrl\":\"https:\/\/silvertree.sk\/wp-content\/uploads\/sites\/6\/2023\/08\/371494260_858732196033000_5717217612033409575_n-1.jpg\",\"width\":504,\"height\":800},{\"@type\":\"BreadcrumbList\",\"@id\":\"https:\/\/silvertree.sk\/en\/product\/premium-fir-200-225\/#breadcrumb\",\"itemListElement\":[{\"@type\":\"ListItem\",\"position\":1,\"name\":\"Home\",\"item\":\"https:\/\/silvertree.sk\/en\/silvertree\/\"},{\"@type\":\"ListItem\",\"position\":2,\"name\":\"Shop\",\"item\":\"https:\/\/silvertree.sk\/en\/shop\/\"},{\"@type\":\"ListItem\",\"position\":3,\"name\":\"Premium Nordman Fir\"}]},{\"@type\":\"WebSite\",\"@id\":\"https:\/\/silvertree.sk\/#website\",\"url\":\"https:\/\/silvertree.sk\/\",\"name\":\"silvertree.sk\",\"description\":\"Jaukiausioms 2023m. \u0161vent\u0117ms si\u016blome \u012fsigyti Premium kokyb\u0117s K\u0117n\u012f\u2611\ufe0farba gyv\u0105 lietuvi\u0161k\u0105 eglut\u0119\u2611\ufe0finternetu i\u0161\u23e9silvertree.sk. Pristatysime ir i\u0161ve\u0161ime NEMOKAMAI pas mus pirktas eglutes. Mes parduodame tik tikras Kal\u0117dines egles u\u017eaugintas ir nukirstas \u016bkiuose!\",\"potentialAction\":[{\"@type\":\"SearchAction\",\"target\":{\"@type\":\"EntryPoint\",\"urlTemplate\":\"https:\/\/silvertree.sk\/?s={search_term_string}\"},\"query-input\":{\"@type\":\"PropertyValueSpecification\",\"valueRequired\":true,\"valueName\":\"search_term_string\"}}],\"inLanguage\":\"en-US\"}]}<\/script>\n<!-- \/ Yoast SEO plugin. -->","yoast_head_json":{"title":"Premium Nordman Fir 200-225cm - Silvertree","robots":{"index":"noindex","follow":"nofollow"},"og_locale":"en_US","og_type":"article","og_title":"Premium Nordman Fir 200-225cm - Silvertree","og_description":"The Danish\u00a0or otherwise called\u00a0Caucasian fir\u00a0(Latin: Abies nordmanniana)","og_url":"https:\/\/silvertree.sk\/en\/product\/premium-fir-200-225\/","og_site_name":"silvertree.sk","article_modified_time":"2025-10-06T19:29:06+00:00","og_image":[{"width":829,"height":1000,"url":"https:\/\/silvertree.sk\/wp-content\/uploads\/sites\/6\/2023\/08\/200fir.png","type":"image\/png"}],"twitter_card":"summary_large_image","twitter_misc":{"Est. reading time":"2 minutes"},"schema":{"@context":"https:\/\/schema.org","@graph":[{"@type":"WebPage","@id":"https:\/\/silvertree.sk\/en\/product\/premium-fir-200-225\/","url":"https:\/\/silvertree.sk\/en\/product\/premium-fir-200-225\/","name":"Premium Nordman Fir 200-225cm - Silvertree","isPartOf":{"@id":"https:\/\/silvertree.sk\/#website"},"primaryImageOfPage":{"@id":"https:\/\/silvertree.sk\/en\/product\/premium-fir-200-225\/#primaryimage"},"image":{"@id":"https:\/\/silvertree.sk\/en\/product\/premium-fir-200-225\/#primaryimage"},"thumbnailUrl":"https:\/\/silvertree.sk\/wp-content\/uploads\/sites\/6\/2023\/08\/371494260_858732196033000_5717217612033409575_n-1.jpg","datePublished":"2023-08-30T08:56:10+00:00","dateModified":"2025-10-06T19:29:06+00:00","breadcrumb":{"@id":"https:\/\/silvertree.sk\/en\/product\/premium-fir-200-225\/#breadcrumb"},"inLanguage":"en-US","potentialAction":[{"@type":"ReadAction","target":["https:\/\/silvertree.sk\/en\/product\/premium-fir-200-225\/"]}]},{"@type":"ImageObject","inLanguage":"en-US","@id":"https:\/\/silvertree.sk\/en\/product\/premium-fir-200-225\/#primaryimage","url":"https:\/\/silvertree.sk\/wp-content\/uploads\/sites\/6\/2023\/08\/371494260_858732196033000_5717217612033409575_n-1.jpg","contentUrl":"https:\/\/silvertree.sk\/wp-content\/uploads\/sites\/6\/2023\/08\/371494260_858732196033000_5717217612033409575_n-1.jpg","width":504,"height":800},{"@type":"BreadcrumbList","@id":"https:\/\/silvertree.sk\/en\/product\/premium-fir-200-225\/#breadcrumb","itemListElement":[{"@type":"ListItem","position":1,"name":"Home","item":"https:\/\/silvertree.sk\/en\/silvertree\/"},{"@type":"ListItem","position":2,"name":"Shop","item":"https:\/\/silvertree.sk\/en\/shop\/"},{"@type":"ListItem","position":3,"name":"Premium Nordman Fir"}]},{"@type":"WebSite","@id":"https:\/\/silvertree.sk\/#website","url":"https:\/\/silvertree.sk\/","name":"silvertree.sk","description":"Jaukiausioms 2023m. \u0161vent\u0117ms si\u016blome \u012fsigyti Premium kokyb\u0117s K\u0117n\u012f\u2611\ufe0farba gyv\u0105 lietuvi\u0161k\u0105 eglut\u0119\u2611\ufe0finternetu i\u0161\u23e9silvertree.sk. Pristatysime ir i\u0161ve\u0161ime NEMOKAMAI pas mus pirktas eglutes. Mes parduodame tik tikras Kal\u0117dines egles u\u017eaugintas ir nukirstas \u016bkiuose!","potentialAction":[{"@type":"SearchAction","target":{"@type":"EntryPoint","urlTemplate":"https:\/\/silvertree.sk\/?s={search_term_string}"},"query-input":{"@type":"PropertyValueSpecification","valueRequired":true,"valueName":"search_term_string"}}],"inLanguage":"en-US"}]}},"_links":{"self":[{"href":"https:\/\/silvertree.sk\/en\/wp-json\/wp\/v2\/product\/1249","targetHints":{"allow":["GET"]}}],"collection":[{"href":"https:\/\/silvertree.sk\/en\/wp-json\/wp\/v2\/product"}],"about":[{"href":"https:\/\/silvertree.sk\/en\/wp-json\/wp\/v2\/types\/product"}],"wp:featuredmedia":[{"embeddable":true,"href":"https:\/\/silvertree.sk\/en\/wp-json\/wp\/v2\/media\/6412"}],"wp:attachment":[{"href":"https:\/\/silvertree.sk\/en\/wp-json\/wp\/v2\/media?parent=1249"}],"wp:term":[{"taxonomy":"product_brand","embeddable":true,"href":"https:\/\/silvertree.sk\/en\/wp-json\/wp\/v2\/product_brand?post=1249"},{"taxonomy":"product_cat","embeddable":true,"href":"https:\/\/silvertree.sk\/en\/wp-json\/wp\/v2\/product_cat?post=1249"},{"taxonomy":"product_tag","embeddable":true,"href":"https:\/\/silvertree.sk\/en\/wp-json\/wp\/v2\/product_tag?post=1249"}],"curies":[{"name":"wp","href":"https:\/\/api.w.org\/{rel}","templated":true}]}}