

{"id":891,"date":"2023-08-07T17:49:51","date_gmt":"2023-08-07T17:49:51","guid":{"rendered":"https:\/\/silvertree.sk\/?page_id=891"},"modified":"2025-10-06T19:05:25","modified_gmt":"2025-10-06T19:05:25","slug":"contacts","status":"publish","type":"page","link":"https:\/\/silvertree.sk\/en\/contacts\/","title":{"rendered":"Contacts"},"content":{"rendered":"\r\n<section id=\"contact-us-block_85c1b17aca8e3e52c7d8ed48dc7e7166\" class=\"contact-us web-section\">\r\n\t<div class=\"container\">\r\n\t  <div class=\"contact-us-in\">\r\n          <h1 class=\"sectionheading\">Contant Info<\/h1>\r\n          <div class=\"contact-us-column-wrapper rte\">\r\n              <div class=\"contact-us-column contact-us-column-1\">\r\n                  <p><strong>Silvertree.sk customer service<\/strong><\/p>\n<p>You can find answers to the most frequently asked questions <a href=\"https:\/\/silvertree.sk\/duk\/\">here<\/a>.<\/p>\n<p>Didn&#8217;t find the answer you need in the <a href=\"https:\/\/silvertree.sk\/duk\/\">FAQs<\/a>? Get in touch:<\/p>\n<p>Email: <a href=\"mailto:info@silvertree.sk\" target=\"_new\">info@silvertree.sk<\/a><\/p>\n<p>Phone: 0951 882 792<\/p>\n              <\/div>\r\n              <div class=\"contact-us-column contact-us-column-2\">\r\n                  <p><strong>Details:<\/strong><\/p>\n<p class=\"p1\">Company name: Koki s.r.o.<\/p>\n<p class=\"p1\">Company number: 55772404<\/p>\n<p class=\"p1\">VAT number: SK2122082061<\/p>\n<div class=\"group\/conversation-turn relative flex w-full min-w-0 flex-col agent-turn\">\n<div class=\"flex-col gap-1 md:gap-3\">\n<div class=\"flex max-w-full flex-col flex-grow\">\n<div class=\"min-h-8 text-message flex w-full flex-col items-end gap-2 whitespace-normal break-words [.text-message+&amp;]:mt-5\" dir=\"auto\" data-message-author-role=\"assistant\" data-message-id=\"18f78cc1-9aec-4cfd-b3fe-12d09b7ce03c\" data-message-model-slug=\"gpt-4o\">\n<div class=\"flex w-full flex-col gap-1 empty:hidden first:pt-[3px]\">\n<div class=\"markdown prose w-full break-words dark:prose-invert light\">\n<p>Bank account: SK3675000000004032562647<\/p>\n<p>&nbsp;<\/p>\n<\/div>\n<\/div>\n<\/div>\n<\/div>\n<\/div>\n<\/div>\n              <\/div>\r\n          <\/div>\r\n\t  <\/div>\r\n\t<\/div>\r\n<\/section>\r\n","protected":false},"excerpt":{"rendered":"","protected":false},"author":1,"featured_media":0,"parent":0,"menu_order":0,"comment_status":"closed","ping_status":"closed","template":"","meta":{"_acf_changed":false,"inline_featured_image":false,"footnotes":""},"class_list":["post-891","page","type-page","status-publish","hentry"],"acf":[],"yoast_head":"<!-- This site is optimized with the Yoast SEO plugin v26.1.1 - https:\/\/yoast.com\/wordpress\/plugins\/seo\/ -->\n<title>Contacts<\/title>\n<meta name=\"robots\" content=\"noindex, nofollow\" \/>\n<meta property=\"og:locale\" content=\"en_US\" \/>\n<meta property=\"og:type\" content=\"article\" \/>\n<meta property=\"og:title\" content=\"Contacts\" \/>\n<meta property=\"og:url\" content=\"https:\/\/silvertree.sk\/en\/contacts\/\" \/>\n<meta property=\"og:site_name\" content=\"silvertree.sk\" \/>\n<meta property=\"article:modified_time\" content=\"2025-10-06T19:05:25+00:00\" \/>\n<meta name=\"twitter:card\" content=\"summary_large_image\" \/>\n<script type=\"application\/ld+json\" class=\"yoast-schema-graph\">{\"@context\":\"https:\/\/schema.org\",\"@graph\":[{\"@type\":\"WebPage\",\"@id\":\"https:\/\/silvertree.sk\/en\/contacts\/\",\"url\":\"https:\/\/silvertree.sk\/en\/contacts\/\",\"name\":\"Contacts\",\"isPartOf\":{\"@id\":\"https:\/\/silvertree.sk\/#website\"},\"datePublished\":\"2023-08-07T17:49:51+00:00\",\"dateModified\":\"2025-10-06T19:05:25+00:00\",\"breadcrumb\":{\"@id\":\"https:\/\/silvertree.sk\/en\/contacts\/#breadcrumb\"},\"inLanguage\":\"en-US\",\"potentialAction\":[{\"@type\":\"ReadAction\",\"target\":[\"https:\/\/silvertree.sk\/en\/contacts\/\"]}]},{\"@type\":\"BreadcrumbList\",\"@id\":\"https:\/\/silvertree.sk\/en\/contacts\/#breadcrumb\",\"itemListElement\":[{\"@type\":\"ListItem\",\"position\":1,\"name\":\"Home\",\"item\":\"https:\/\/silvertree.sk\/en\/silvertree\/\"},{\"@type\":\"ListItem\",\"position\":2,\"name\":\"Contacts\"}]},{\"@type\":\"WebSite\",\"@id\":\"https:\/\/silvertree.sk\/#website\",\"url\":\"https:\/\/silvertree.sk\/\",\"name\":\"silvertree.sk\",\"description\":\"Jaukiausioms 2023m. \u0161vent\u0117ms si\u016blome \u012fsigyti Premium kokyb\u0117s K\u0117n\u012f\u2611\ufe0farba gyv\u0105 lietuvi\u0161k\u0105 eglut\u0119\u2611\ufe0finternetu i\u0161\u23e9silvertree.sk. Pristatysime ir i\u0161ve\u0161ime NEMOKAMAI pas mus pirktas eglutes. Mes parduodame tik tikras Kal\u0117dines egles u\u017eaugintas ir nukirstas \u016bkiuose!\",\"potentialAction\":[{\"@type\":\"SearchAction\",\"target\":{\"@type\":\"EntryPoint\",\"urlTemplate\":\"https:\/\/silvertree.sk\/?s={search_term_string}\"},\"query-input\":{\"@type\":\"PropertyValueSpecification\",\"valueRequired\":true,\"valueName\":\"search_term_string\"}}],\"inLanguage\":\"en-US\"}]}<\/script>\n<!-- \/ Yoast SEO plugin. -->","yoast_head_json":{"title":"Contacts","robots":{"index":"noindex","follow":"nofollow"},"og_locale":"en_US","og_type":"article","og_title":"Contacts","og_url":"https:\/\/silvertree.sk\/en\/contacts\/","og_site_name":"silvertree.sk","article_modified_time":"2025-10-06T19:05:25+00:00","twitter_card":"summary_large_image","schema":{"@context":"https:\/\/schema.org","@graph":[{"@type":"WebPage","@id":"https:\/\/silvertree.sk\/en\/contacts\/","url":"https:\/\/silvertree.sk\/en\/contacts\/","name":"Contacts","isPartOf":{"@id":"https:\/\/silvertree.sk\/#website"},"datePublished":"2023-08-07T17:49:51+00:00","dateModified":"2025-10-06T19:05:25+00:00","breadcrumb":{"@id":"https:\/\/silvertree.sk\/en\/contacts\/#breadcrumb"},"inLanguage":"en-US","potentialAction":[{"@type":"ReadAction","target":["https:\/\/silvertree.sk\/en\/contacts\/"]}]},{"@type":"BreadcrumbList","@id":"https:\/\/silvertree.sk\/en\/contacts\/#breadcrumb","itemListElement":[{"@type":"ListItem","position":1,"name":"Home","item":"https:\/\/silvertree.sk\/en\/silvertree\/"},{"@type":"ListItem","position":2,"name":"Contacts"}]},{"@type":"WebSite","@id":"https:\/\/silvertree.sk\/#website","url":"https:\/\/silvertree.sk\/","name":"silvertree.sk","description":"Jaukiausioms 2023m. \u0161vent\u0117ms si\u016blome \u012fsigyti Premium kokyb\u0117s K\u0117n\u012f\u2611\ufe0farba gyv\u0105 lietuvi\u0161k\u0105 eglut\u0119\u2611\ufe0finternetu i\u0161\u23e9silvertree.sk. Pristatysime ir i\u0161ve\u0161ime NEMOKAMAI pas mus pirktas eglutes. Mes parduodame tik tikras Kal\u0117dines egles u\u017eaugintas ir nukirstas \u016bkiuose!","potentialAction":[{"@type":"SearchAction","target":{"@type":"EntryPoint","urlTemplate":"https:\/\/silvertree.sk\/?s={search_term_string}"},"query-input":{"@type":"PropertyValueSpecification","valueRequired":true,"valueName":"search_term_string"}}],"inLanguage":"en-US"}]}},"_links":{"self":[{"href":"https:\/\/silvertree.sk\/en\/wp-json\/wp\/v2\/pages\/891","targetHints":{"allow":["GET"]}}],"collection":[{"href":"https:\/\/silvertree.sk\/en\/wp-json\/wp\/v2\/pages"}],"about":[{"href":"https:\/\/silvertree.sk\/en\/wp-json\/wp\/v2\/types\/page"}],"author":[{"embeddable":true,"href":"https:\/\/silvertree.sk\/en\/wp-json\/wp\/v2\/users\/1"}],"replies":[{"embeddable":true,"href":"https:\/\/silvertree.sk\/en\/wp-json\/wp\/v2\/comments?post=891"}],"version-history":[{"count":9,"href":"https:\/\/silvertree.sk\/en\/wp-json\/wp\/v2\/pages\/891\/revisions"}],"predecessor-version":[{"id":5548,"href":"https:\/\/silvertree.sk\/en\/wp-json\/wp\/v2\/pages\/891\/revisions\/5548"}],"wp:attachment":[{"href":"https:\/\/silvertree.sk\/en\/wp-json\/wp\/v2\/media?parent=891"}],"curies":[{"name":"wp","href":"https:\/\/api.w.org\/{rel}","templated":true}]}}